{"id":2441886,"date":"2025-04-14T08:45:08","date_gmt":"2025-04-14T06:45:08","guid":{"rendered":"https:\/\/eu.tilta.com\/shop\/vollstaendiger-kamerakaefig-fuer-canon-r1-schwarz\/"},"modified":"2025-12-05T14:27:46","modified_gmt":"2025-12-05T13:27:46","slug":"full-camera-cage-for-canon-r1-black","status":"publish","type":"product","link":"https:\/\/eu.tilta.com\/de\/shop\/full-camera-cage-for-canon-r1-black\/","title":{"rendered":"Vollst\u00e4ndiger Kamerak\u00e4fig f\u00fcr Canon R1 &#8211; Schwarz"},"content":{"rendered":"<p>Wir stellen Ihnen das Full Camera Cage f\u00fcr die Canon R1 vor.<\/p>\n<p>Dies bietet zus\u00e4tzlichen Schutz f\u00fcr das Kamerageh\u00e4use und erweitert gleichzeitig die Befestigungsm\u00f6glichkeiten f\u00fcr diverses Zubeh\u00f6r.<\/p>\n<p>Dieser vollst\u00e4ndige Kamerak\u00e4fig verf\u00fcgt \u00fcber einen K\u00e4lteschuh-Empf\u00e4nger, Halterungen f\u00fcr Handgelenkriemen, 1\/4\u2033-20 Gewinde mit Fixierpunkten und einen 3\/8\u2033-16 auf 1\/4\u2033-20 Gewindeadapter.<\/p>\n<p>Es verf\u00fcgt \u00fcber eine ARCA-Bodenplatte, mit der Sie das System problemlos an verschiedenen Stativen, Tr\u00e4gersystemen und DJI Ronin Gimbals wie dem RS4 Pro befestigen k\u00f6nnen.<\/p>\n<p>Die mitgelieferte HDMI- und USB-C-Kabelklemme sorgt daf\u00fcr, dass beide Kabel sicher mit dem Kamerageh\u00e4use verbunden bleiben.<\/p>\n<p>Weiche Silikonpolsterung und mehrere Kontaktpunkte zwischen Kamera und K\u00e4fig sorgen f\u00fcr eine solide Verbindung und eine starke Basis f\u00fcr die Montage von Zubeh\u00f6r.<\/p>\n","protected":false},"excerpt":{"rendered":"<p>Wir stellen Ihnen das Full Camera Cage f\u00fcr die Canon R1 vor. Dies bietet zus\u00e4tzlichen Schutz f\u00fcr das Kamerageh\u00e4use und erweitert gleichzeitig die Befestigungsm\u00f6glichkeiten f\u00fcr diverses Zubeh\u00f6r. Dieser vollst\u00e4ndige Kamerak\u00e4fig verf\u00fcgt \u00fcber einen K\u00e4lteschuh-Empf\u00e4nger, Halterungen f\u00fcr Handgelenkriemen, 1\/4\u2033-20 Gewinde mit [&hellip;]<\/p>\n","protected":false},"featured_media":2271774,"comment_status":"open","ping_status":"closed","template":"","meta":[],"product_cat":[4041],"product_tag":[],"acf":[],"gallery_images":[2271781,2271787,2271793,2271617,2271611,2271623],"_links":{"self":[{"href":"https:\/\/eu.tilta.com\/de\/wp-json\/wp\/v2\/product\/2441886"}],"collection":[{"href":"https:\/\/eu.tilta.com\/de\/wp-json\/wp\/v2\/product"}],"about":[{"href":"https:\/\/eu.tilta.com\/de\/wp-json\/wp\/v2\/types\/product"}],"replies":[{"embeddable":true,"href":"https:\/\/eu.tilta.com\/de\/wp-json\/wp\/v2\/comments?post=2441886"}],"wp:featuredmedia":[{"embeddable":true,"href":"https:\/\/eu.tilta.com\/de\/wp-json\/wp\/v2\/media\/2271774"}],"wp:attachment":[{"href":"https:\/\/eu.tilta.com\/de\/wp-json\/wp\/v2\/media?parent=2441886"}],"wp:term":[{"taxonomy":"product_cat","embeddable":true,"href":"https:\/\/eu.tilta.com\/de\/wp-json\/wp\/v2\/product_cat?post=2441886"},{"taxonomy":"product_tag","embeddable":true,"href":"https:\/\/eu.tilta.com\/de\/wp-json\/wp\/v2\/product_tag?post=2441886"}],"curies":[{"name":"wp","href":"https:\/\/api.w.org\/{rel}","templated":true}]}}