{"id":2441888,"date":"2025-04-14T08:39:27","date_gmt":"2025-04-14T06:39:27","guid":{"rendered":"https:\/\/eu.tilta.com\/shop\/kamerakaefig-fuer-canon-r1-base-kit-schwarz\/"},"modified":"2026-03-18T07:39:44","modified_gmt":"2026-03-18T06:39:44","slug":"camera-cage-for-canon-r1-base-kit-black","status":"publish","type":"product","link":"https:\/\/eu.tilta.com\/de\/shop\/camera-cage-for-canon-r1-base-kit-black\/","title":{"rendered":"Kamerak\u00e4fig f\u00fcr Canon R1 Base Kit &#8211; Schwarz"},"content":{"rendered":"<p>Wir stellen Ihnen das Camera Cage Base Kit f\u00fcr die Canon R1 vor.<\/p>\n<p>Dies bietet zus\u00e4tzlichen Schutz f\u00fcr das Kamerageh\u00e4use und erweitert gleichzeitig die Befestigungsm\u00f6glichkeiten f\u00fcr diverses Zubeh\u00f6r.<\/p>\n<p>Dieser vollst\u00e4ndige Kamerak\u00e4fig verf\u00fcgt \u00fcber einen K\u00e4lteschuh-Empf\u00e4nger, Halterungen f\u00fcr Handgelenkriemen, 1\/4\u2033-20 Gewinde mit Fixierpunkten und einen 3\/8\u2033-16 auf 1\/4\u2033-20 Gewindeadapter.<\/p>\n<p>Es verf\u00fcgt \u00fcber eine ARCA-Bodenplatte, mit der Sie das System problemlos an verschiedenen Stativen, Tr\u00e4gersystemen und DJI Ronin Gimbals wie dem RS4 Pro befestigen k\u00f6nnen.<\/p>\n<p>Die mitgelieferte HDMI- und USB-C-Kabelklemme sorgt daf\u00fcr, dass beide Kabel sicher mit dem Kamerageh\u00e4use verbunden bleiben.<\/p>\n<p>Weiche Silikonpolsterung und mehrere Kontaktpunkte zwischen Kamera und K\u00e4fig sorgen f\u00fcr eine solide Verbindung und eine starke Basis f\u00fcr die Montage von Zubeh\u00f6r.<\/p>\n<p>Der mitgelieferte 1\/4-20\u2033 Top Handle bietet flexiblere Einsatzm\u00f6glichkeiten, besonders n\u00fctzlich f\u00fcr Aufnahmen aus niedrigen Winkeln.<\/p>\n<p>Dieser Griff erweitert au\u00dferdem die Befestigungsm\u00f6glichkeiten mit zus\u00e4tzlichen 1\/4\u2033-20-Gewinden und einem Cold Shoe-Empf\u00e4nger, perfekt f\u00fcr einen externen Monitor.<\/p>\n","protected":false},"excerpt":{"rendered":"<p>Wir stellen Ihnen das Camera Cage Base Kit f\u00fcr die Canon R1 vor. Dies bietet zus\u00e4tzlichen Schutz f\u00fcr das Kamerageh\u00e4use und erweitert gleichzeitig die Befestigungsm\u00f6glichkeiten f\u00fcr diverses Zubeh\u00f6r. Dieser vollst\u00e4ndige Kamerak\u00e4fig verf\u00fcgt \u00fcber einen K\u00e4lteschuh-Empf\u00e4nger, Halterungen f\u00fcr Handgelenkriemen, 1\/4\u2033-20 Gewinde [&hellip;]<\/p>\n","protected":false},"featured_media":2271629,"comment_status":"open","ping_status":"closed","template":"","meta":[],"product_cat":[4041],"product_tag":[],"acf":[],"gallery_images":[2271633,2271639,2271645,2271609,2271615,2271621],"_links":{"self":[{"href":"https:\/\/eu.tilta.com\/de\/wp-json\/wp\/v2\/product\/2441888"}],"collection":[{"href":"https:\/\/eu.tilta.com\/de\/wp-json\/wp\/v2\/product"}],"about":[{"href":"https:\/\/eu.tilta.com\/de\/wp-json\/wp\/v2\/types\/product"}],"replies":[{"embeddable":true,"href":"https:\/\/eu.tilta.com\/de\/wp-json\/wp\/v2\/comments?post=2441888"}],"wp:featuredmedia":[{"embeddable":true,"href":"https:\/\/eu.tilta.com\/de\/wp-json\/wp\/v2\/media\/2271629"}],"wp:attachment":[{"href":"https:\/\/eu.tilta.com\/de\/wp-json\/wp\/v2\/media?parent=2441888"}],"wp:term":[{"taxonomy":"product_cat","embeddable":true,"href":"https:\/\/eu.tilta.com\/de\/wp-json\/wp\/v2\/product_cat?post=2441888"},{"taxonomy":"product_tag","embeddable":true,"href":"https:\/\/eu.tilta.com\/de\/wp-json\/wp\/v2\/product_tag?post=2441888"}],"curies":[{"name":"wp","href":"https:\/\/api.w.org\/{rel}","templated":true}]}}