{"id":2441891,"date":"2025-04-26T08:43:34","date_gmt":"2025-04-26T06:43:34","guid":{"rendered":"https:\/\/eu.tilta.com\/shop\/tilta-lp-e6p-akku-mit-usb-c-eingang-2400mah-fuer-canon-kameras-gruen\/"},"modified":"2026-04-15T04:04:20","modified_gmt":"2026-04-15T02:04:20","slug":"tilta-lp-e6p-battery-with-usb-c-input-2400mah-for-canon-cameras-green","status":"publish","type":"product","link":"https:\/\/eu.tilta.com\/de\/shop\/tilta-lp-e6p-battery-with-usb-c-input-2400mah-for-canon-cameras-green\/","title":{"rendered":"Tilta LP-E6P Akku mit USB-C Eingang (2400mAh) f\u00fcr Canon Kameras &#8211; Gr\u00fcn"},"content":{"rendered":"<p>Der Akku LP-E6P mit hoher Kapazit\u00e4t wurde entwickelt, um Ihre Kamera zuverl\u00e4ssig und dauerhaft mit Strom zu versorgen, damit Sie l\u00e4nger ohne Unterbrechungen fotografieren k\u00f6nnen.<\/p>\n<p>Mit einer innovativen Akkuzelle mit hoher Energiedichte bietet dieser Akku eine l\u00e4ngere Ausdauer und ist damit ideal f\u00fcr Foto- und Videosessions.<\/p>\n<p>Der integrierte USB-C-Anschluss unterst\u00fctzt PD-Schnellladung, so dass Sie Ihren Akku bequem direkt aufladen k\u00f6nnen, ohne eine Ladestation zu ben\u00f6tigen.<\/p>\n<p>Dank seines Dekodierungschips bietet der LP-E6P eine genaue Anzeige des Batteriestands ohne unzul\u00e4ssige Batteriewarnungen. Professionell getestet, um den CIPA-Standards zu entsprechen.<\/p>\n<p>Mit Abmessungen, die denen des Originals entsprechen, passt es nahtlos in Ihre Kamera und gew\u00e4hrleistet perfekte Kompatibilit\u00e4t. Au\u00dferdem ist es mit mehreren internationalen Sicherheitszertifikaten (CCC, FCC, CE, PSE, KC, UL, BSMI) ausgestattet und bietet Ihnen somit ein sicheres Gef\u00fchl und zuverl\u00e4ssigen Schutz.<\/p>\n<p>Ob Sie nun ein Profi oder ein Enthusiast sind, die LP-E6P ist eine intelligente, effiziente und sichere Stromversorgungsl\u00f6sung f\u00fcr all Ihre Bed\u00fcrfnisse in der Fotografie und Videografie.<\/p>\n","protected":false},"excerpt":{"rendered":"<p>Der Akku LP-E6P mit hoher Kapazit\u00e4t wurde entwickelt, um Ihre Kamera zuverl\u00e4ssig und dauerhaft mit Strom zu versorgen, damit Sie l\u00e4nger ohne Unterbrechungen fotografieren k\u00f6nnen. Mit einer innovativen Akkuzelle mit hoher Energiedichte bietet dieser Akku eine l\u00e4ngere Ausdauer und ist [&hellip;]<\/p>\n","protected":false},"featured_media":2326854,"comment_status":"open","ping_status":"closed","template":"","meta":[],"product_cat":[4495,3837],"product_tag":[],"acf":[],"gallery_images":[2326861,2326867,2326873,2326892,2326880,2326886],"_links":{"self":[{"href":"https:\/\/eu.tilta.com\/de\/wp-json\/wp\/v2\/product\/2441891"}],"collection":[{"href":"https:\/\/eu.tilta.com\/de\/wp-json\/wp\/v2\/product"}],"about":[{"href":"https:\/\/eu.tilta.com\/de\/wp-json\/wp\/v2\/types\/product"}],"replies":[{"embeddable":true,"href":"https:\/\/eu.tilta.com\/de\/wp-json\/wp\/v2\/comments?post=2441891"}],"wp:featuredmedia":[{"embeddable":true,"href":"https:\/\/eu.tilta.com\/de\/wp-json\/wp\/v2\/media\/2326854"}],"wp:attachment":[{"href":"https:\/\/eu.tilta.com\/de\/wp-json\/wp\/v2\/media?parent=2441891"}],"wp:term":[{"taxonomy":"product_cat","embeddable":true,"href":"https:\/\/eu.tilta.com\/de\/wp-json\/wp\/v2\/product_cat?post=2441891"},{"taxonomy":"product_tag","embeddable":true,"href":"https:\/\/eu.tilta.com\/de\/wp-json\/wp\/v2\/product_tag?post=2441891"}],"curies":[{"name":"wp","href":"https:\/\/api.w.org\/{rel}","templated":true}]}}