{"id":2441902,"date":"2025-04-14T08:25:38","date_gmt":"2025-04-14T06:25:38","guid":{"rendered":"https:\/\/eu.tilta.com\/shop\/hdmi-und-usb-c-kabelklemme-fuer-canon-r1-schwarz\/"},"modified":"2026-03-18T07:39:44","modified_gmt":"2026-03-18T06:39:44","slug":"hdmi-and-usb-c-cable-clamp-for-canon-r1-black","status":"publish","type":"product","link":"https:\/\/eu.tilta.com\/de\/shop\/hdmi-and-usb-c-cable-clamp-for-canon-r1-black\/","title":{"rendered":"HDMI und USB-C Kabelklemme f\u00fcr Canon R1 &#8211; Schwarz"},"content":{"rendered":"<p>Wir stellen Ihnen die HDMI- und USB-C-Kabelklemme f\u00fcr Canon vor, das ideale, leichte Zubeh\u00f6r f\u00fcr mehr Kabelsicherheit f\u00fcr Ihre Canon R1.<\/p>\n<p>Diese Kabelklemme l\u00e4sst sich \u00fcber einen speziellen Befestigungspunkt leicht in den Kamerak\u00e4fig der R1 integrieren.<\/p>\n<p>Diese Klemme kann mit einem Inbusschl\u00fcssel f\u00fcr eine sichere Verbindung mit dem K\u00e4fig montiert werden und verf\u00fcgt \u00fcber R\u00e4ndelschrauben, die ein schnelles Anschlie\u00dfen und Abnehmen der Kabel erm\u00f6glichen.<\/p>\n<p>Diese Klemme bietet mehr Sicherheit f\u00fcr Kabel und erm\u00f6glicht es Benutzern, mehrere Kabel, einschlie\u00dflich HDMI und USB-C, \u00fcber ein einziges Zubeh\u00f6rteil zu sichern.<\/p>\n","protected":false},"excerpt":{"rendered":"<p>Wir stellen Ihnen die HDMI- und USB-C-Kabelklemme f\u00fcr Canon vor, das ideale, leichte Zubeh\u00f6r f\u00fcr mehr Kabelsicherheit f\u00fcr Ihre Canon R1. Diese Kabelklemme l\u00e4sst sich \u00fcber einen speziellen Befestigungspunkt leicht in den Kamerak\u00e4fig der R1 integrieren. Diese Klemme kann mit [&hellip;]<\/p>\n","protected":false},"featured_media":2271465,"comment_status":"open","ping_status":"closed","template":"","meta":[],"product_cat":[4041],"product_tag":[],"acf":[],"gallery_images":[2271469,2271475,2271481],"_links":{"self":[{"href":"https:\/\/eu.tilta.com\/de\/wp-json\/wp\/v2\/product\/2441902"}],"collection":[{"href":"https:\/\/eu.tilta.com\/de\/wp-json\/wp\/v2\/product"}],"about":[{"href":"https:\/\/eu.tilta.com\/de\/wp-json\/wp\/v2\/types\/product"}],"replies":[{"embeddable":true,"href":"https:\/\/eu.tilta.com\/de\/wp-json\/wp\/v2\/comments?post=2441902"}],"wp:featuredmedia":[{"embeddable":true,"href":"https:\/\/eu.tilta.com\/de\/wp-json\/wp\/v2\/media\/2271465"}],"wp:attachment":[{"href":"https:\/\/eu.tilta.com\/de\/wp-json\/wp\/v2\/media?parent=2441902"}],"wp:term":[{"taxonomy":"product_cat","embeddable":true,"href":"https:\/\/eu.tilta.com\/de\/wp-json\/wp\/v2\/product_cat?post=2441902"},{"taxonomy":"product_tag","embeddable":true,"href":"https:\/\/eu.tilta.com\/de\/wp-json\/wp\/v2\/product_tag?post=2441902"}],"curies":[{"name":"wp","href":"https:\/\/api.w.org\/{rel}","templated":true}]}}