{"id":2441910,"date":"2025-04-05T07:07:23","date_gmt":"2025-04-05T05:07:23","guid":{"rendered":"https:\/\/eu.tilta.com\/shop\/nucleus-m-ii-top-handle-adapter-fuer-handgriff\/"},"modified":"2025-12-05T14:27:54","modified_gmt":"2025-12-05T13:27:54","slug":"nucleus-m-ii-top-handle-adapter-for-hand-grip","status":"publish","type":"product","link":"https:\/\/eu.tilta.com\/de\/shop\/nucleus-m-ii-top-handle-adapter-for-hand-grip\/","title":{"rendered":"Nucleus-M II Top Handle Adapter f\u00fcr Handgriff"},"content":{"rendered":"<p>Dieser Top Handle Adapter erweitert die Befestigungsm\u00f6glichkeiten f\u00fcr die Nucleus-M II Handgriffe.<\/p>\n<p>Mit dem Top Handle Adapter k\u00f6nnen Sie den Nucleus-M II Handgriff \u00fcber eine NATO-Schiene in horizontaler Position an der Oberseite eines Kamerageh\u00e4uses befestigen und ihn als Top Handle verwenden.<\/p>\n<p>Der Adapter wird mit einer NATO-Schienenbefestigung geliefert, um seine Kompatibilit\u00e4t mit anderen K\u00e4figen und Ger\u00e4ten zu erweitern.<\/p>\n<p>Dies bietet eine einzigartige Positionierungsm\u00f6glichkeit f\u00fcr den Handgriff, die es dem Benutzer erm\u00f6glicht, bequem aus niedrigeren Winkeln zu arbeiten.<\/p>\n<p>Verf\u00fcgbar f\u00fcr Vorbestellungen Einf\u00fchrungsangebot endet am 15. Mai, Versand in 4-8 Wochen<\/p>\n","protected":false},"excerpt":{"rendered":"<p>Dieser Top Handle Adapter erweitert die Befestigungsm\u00f6glichkeiten f\u00fcr die Nucleus-M II Handgriffe. Mit dem Top Handle Adapter k\u00f6nnen Sie den Nucleus-M II Handgriff \u00fcber eine NATO-Schiene in horizontaler Position an der Oberseite eines Kamerageh\u00e4uses befestigen und ihn als Top Handle [&hellip;]<\/p>\n","protected":false},"featured_media":2244478,"comment_status":"open","ping_status":"closed","template":"","meta":[],"product_cat":[3921],"product_tag":[],"acf":[],"gallery_images":[2244470],"_links":{"self":[{"href":"https:\/\/eu.tilta.com\/de\/wp-json\/wp\/v2\/product\/2441910"}],"collection":[{"href":"https:\/\/eu.tilta.com\/de\/wp-json\/wp\/v2\/product"}],"about":[{"href":"https:\/\/eu.tilta.com\/de\/wp-json\/wp\/v2\/types\/product"}],"replies":[{"embeddable":true,"href":"https:\/\/eu.tilta.com\/de\/wp-json\/wp\/v2\/comments?post=2441910"}],"wp:featuredmedia":[{"embeddable":true,"href":"https:\/\/eu.tilta.com\/de\/wp-json\/wp\/v2\/media\/2244478"}],"wp:attachment":[{"href":"https:\/\/eu.tilta.com\/de\/wp-json\/wp\/v2\/media?parent=2441910"}],"wp:term":[{"taxonomy":"product_cat","embeddable":true,"href":"https:\/\/eu.tilta.com\/de\/wp-json\/wp\/v2\/product_cat?post=2441910"},{"taxonomy":"product_tag","embeddable":true,"href":"https:\/\/eu.tilta.com\/de\/wp-json\/wp\/v2\/product_tag?post=2441910"}],"curies":[{"name":"wp","href":"https:\/\/api.w.org\/{rel}","templated":true}]}}