{"id":2441912,"date":"2025-04-05T07:07:51","date_gmt":"2025-04-05T05:07:51","guid":{"rendered":"https:\/\/eu.tilta.com\/shop\/nucleus-m-ii-p-tap-auf-7-pin-stromkabel-70cm\/"},"modified":"2025-12-05T14:27:55","modified_gmt":"2025-12-05T13:27:55","slug":"nucleus-m-ii-p-tap-to-7-pin-power-cable-70cm","status":"publish","type":"product","link":"https:\/\/eu.tilta.com\/de\/shop\/nucleus-m-ii-p-tap-to-7-pin-power-cable-70cm\/","title":{"rendered":"Nucleus-M II P-Tap auf 7-Pin Stromkabel (70cm)"},"content":{"rendered":"<p>Mit diesem P-Tap zu 7-poligen Kabel f\u00fcr den Nucleus-M II k\u00f6nnen Sie die Nucleus-M Motoren oder Handgriffe \u00fcber einen P-Tap Stromausgang mit Strom versorgen.<\/p>\n<p>Schlie\u00dfen Sie dieses Kabel einfach an einen der Motoren an und versorgen Sie dann die anderen Motoren \u00fcber 7-polige Stromkabel mit Strom.<\/p>\n","protected":false},"excerpt":{"rendered":"<p>Mit diesem P-Tap zu 7-poligen Kabel f\u00fcr den Nucleus-M II k\u00f6nnen Sie die Nucleus-M Motoren oder Handgriffe \u00fcber einen P-Tap Stromausgang mit Strom versorgen. Schlie\u00dfen Sie dieses Kabel einfach an einen der Motoren an und versorgen Sie dann die anderen [&hellip;]<\/p>\n","protected":false},"featured_media":2244603,"comment_status":"open","ping_status":"closed","template":"","meta":[],"product_cat":[3921],"product_tag":[],"acf":[],"gallery_images":[],"_links":{"self":[{"href":"https:\/\/eu.tilta.com\/de\/wp-json\/wp\/v2\/product\/2441912"}],"collection":[{"href":"https:\/\/eu.tilta.com\/de\/wp-json\/wp\/v2\/product"}],"about":[{"href":"https:\/\/eu.tilta.com\/de\/wp-json\/wp\/v2\/types\/product"}],"replies":[{"embeddable":true,"href":"https:\/\/eu.tilta.com\/de\/wp-json\/wp\/v2\/comments?post=2441912"}],"wp:featuredmedia":[{"embeddable":true,"href":"https:\/\/eu.tilta.com\/de\/wp-json\/wp\/v2\/media\/2244603"}],"wp:attachment":[{"href":"https:\/\/eu.tilta.com\/de\/wp-json\/wp\/v2\/media?parent=2441912"}],"wp:term":[{"taxonomy":"product_cat","embeddable":true,"href":"https:\/\/eu.tilta.com\/de\/wp-json\/wp\/v2\/product_cat?post=2441912"},{"taxonomy":"product_tag","embeddable":true,"href":"https:\/\/eu.tilta.com\/de\/wp-json\/wp\/v2\/product_tag?post=2441912"}],"curies":[{"name":"wp","href":"https:\/\/api.w.org\/{rel}","templated":true}]}}