{"id":2594058,"date":"2025-07-09T05:52:40","date_gmt":"2025-07-09T03:52:40","guid":{"rendered":"https:\/\/eu.tilta.com\/shop\/tilta-ultimate-filter-kit-fuer-dji-osmo-pocket-3\/"},"modified":"2025-12-05T14:28:35","modified_gmt":"2025-12-05T13:28:35","slug":"tilta-ultimate-filter-kit-for-dji-osmo-pocket-3","status":"publish","type":"product","link":"https:\/\/eu.tilta.com\/de\/shop\/tilta-ultimate-filter-kit-for-dji-osmo-pocket-3\/","title":{"rendered":"Tilta Ultimate Filter Kit f\u00fcr DJI Osmo Pocket 3"},"content":{"rendered":"<div class=\"overview-text\">\n<p><em>Wir stellen vor: das Tilta Ultimate Filter Kit f\u00fcr DJI Osmo Pocket 3<\/em><\/p>\n<p>Die Filter wurden speziell f\u00fcr die Pocket 3 entwickelt und verf\u00fcgen \u00fcber eine magnetische Verbindung f\u00fcr eine m\u00fchelose Verbindung, w\u00e4hrend das gerillte Quick-Release-Design einen schnellen Zugriff durch Einklemmen und Entfernen erm\u00f6glicht.<\/p>\n<p>Der Filter besteht aus hochwertigem optischem Glas f\u00fcr kristallklare Bilder und eine naturgetreue Farbwiedergabe, w\u00e4hrend eine doppelseitige Mehrzweckbeschichtung vor Wasser, \u00d6l und Kratzern sch\u00fctzt.<\/p>\n<p>Die ultraschlanke Konstruktion beeintr\u00e4chtigt weder das Einfahren noch die Kalibrierung des Objektivs, wenn es angebracht ist.<\/p>\n<p>Dieses Set enth\u00e4lt:<\/p>\n<p>1x Zirkularer Polarisationsfilter<\/p>\n<p>2x Schwarzer Nebelfilter (1\/2, 1\/4)<\/p>\n<p>3x ND-Filter (1,5, 1,8, 2,1)<\/p>\n<\/div>\n","protected":false},"excerpt":{"rendered":"<p>Wir stellen vor: das Tilta Ultimate Filter Kit f\u00fcr DJI Osmo Pocket 3 Die Filter wurden speziell f\u00fcr die Pocket 3 entwickelt und verf\u00fcgen \u00fcber eine magnetische Verbindung f\u00fcr eine m\u00fchelose Verbindung, w\u00e4hrend das gerillte Quick-Release-Design einen schnellen Zugriff durch [&hellip;]<\/p>\n","protected":false},"featured_media":2564367,"comment_status":"open","ping_status":"closed","template":"","meta":[],"product_cat":[1453],"product_tag":[],"acf":[],"gallery_images":[2564337,2564343],"_links":{"self":[{"href":"https:\/\/eu.tilta.com\/de\/wp-json\/wp\/v2\/product\/2594058"}],"collection":[{"href":"https:\/\/eu.tilta.com\/de\/wp-json\/wp\/v2\/product"}],"about":[{"href":"https:\/\/eu.tilta.com\/de\/wp-json\/wp\/v2\/types\/product"}],"replies":[{"embeddable":true,"href":"https:\/\/eu.tilta.com\/de\/wp-json\/wp\/v2\/comments?post=2594058"}],"wp:featuredmedia":[{"embeddable":true,"href":"https:\/\/eu.tilta.com\/de\/wp-json\/wp\/v2\/media\/2564367"}],"wp:attachment":[{"href":"https:\/\/eu.tilta.com\/de\/wp-json\/wp\/v2\/media?parent=2594058"}],"wp:term":[{"taxonomy":"product_cat","embeddable":true,"href":"https:\/\/eu.tilta.com\/de\/wp-json\/wp\/v2\/product_cat?post=2594058"},{"taxonomy":"product_tag","embeddable":true,"href":"https:\/\/eu.tilta.com\/de\/wp-json\/wp\/v2\/product_tag?post=2594058"}],"curies":[{"name":"wp","href":"https:\/\/api.w.org\/{rel}","templated":true}]}}