{"id":2594078,"date":"2025-07-04T05:35:16","date_gmt":"2025-07-04T03:35:16","guid":{"rendered":"https:\/\/eu.tilta.com\/shop\/vintage-kamerakaefig-fuer-fujifilm-gfx100rf-lightweight-kit\/"},"modified":"2025-12-05T14:28:59","modified_gmt":"2025-12-05T13:28:59","slug":"vintage-camera-cage-for-fujifilm-gfx100rf-lightweight-kit","status":"publish","type":"product","link":"https:\/\/eu.tilta.com\/de\/shop\/vintage-camera-cage-for-fujifilm-gfx100rf-lightweight-kit\/","title":{"rendered":"Vintage Kamerak\u00e4fig f\u00fcr Fujifilm GFX100RF Lightweight Kit"},"content":{"rendered":"<div class=\"overview-text\">\n<p>Wir pr\u00e4sentieren den Vintage-Kamerak\u00e4fig f\u00fcr das Fujifilm GFX100RF Lightweight Kit<\/p>\n<p>Dieses Kit enth\u00e4lt eine Kameratasche aus Leder f\u00fcr die Fujifilm GFX100RF, die \u00fcber eine 1\/4\u2033-20-Schraube befestigt wird und dem Benutzer \u00fcber den integrierten Handgriff eine komfortablere Bedienung und Handhabung des Kamerageh\u00e4uses erm\u00f6glicht.<\/p>\n<p>Das Design bietet au\u00dferdem zus\u00e4tzlichen Schutz f\u00fcr die Unterseite des Kamerageh\u00e4uses, was besonders beim Ablegen der Kamera n\u00fctzlich ist.<\/p>\n<p>Eine kleine Klappe an der Unterseite erm\u00f6glicht den einfachen Zugriff auf das Batteriefach.<\/p>\n<p>Zum Lieferumfang geh\u00f6rt auch eine Blitzschuh-Daumenhalterung, die an der Blitzschuhaufnahme der Kamera befestigt wird, um dem Bediener eine bequeme und sichere Position f\u00fcr seinen Daumen zu bieten.<\/p>\n<\/div>\n","protected":false},"excerpt":{"rendered":"<p>Wir pr\u00e4sentieren den Vintage-Kamerak\u00e4fig f\u00fcr das Fujifilm GFX100RF Lightweight Kit Dieses Kit enth\u00e4lt eine Kameratasche aus Leder f\u00fcr die Fujifilm GFX100RF, die \u00fcber eine 1\/4\u2033-20-Schraube befestigt wird und dem Benutzer \u00fcber den integrierten Handgriff eine komfortablere Bedienung und Handhabung des [&hellip;]<\/p>\n","protected":false},"featured_media":2539363,"comment_status":"open","ping_status":"closed","template":"","meta":[],"product_cat":[4070],"product_tag":[],"acf":[],"gallery_images":[2539369,2539375,2539394,2539387,2539381],"_links":{"self":[{"href":"https:\/\/eu.tilta.com\/de\/wp-json\/wp\/v2\/product\/2594078"}],"collection":[{"href":"https:\/\/eu.tilta.com\/de\/wp-json\/wp\/v2\/product"}],"about":[{"href":"https:\/\/eu.tilta.com\/de\/wp-json\/wp\/v2\/types\/product"}],"replies":[{"embeddable":true,"href":"https:\/\/eu.tilta.com\/de\/wp-json\/wp\/v2\/comments?post=2594078"}],"wp:featuredmedia":[{"embeddable":true,"href":"https:\/\/eu.tilta.com\/de\/wp-json\/wp\/v2\/media\/2539363"}],"wp:attachment":[{"href":"https:\/\/eu.tilta.com\/de\/wp-json\/wp\/v2\/media?parent=2594078"}],"wp:term":[{"taxonomy":"product_cat","embeddable":true,"href":"https:\/\/eu.tilta.com\/de\/wp-json\/wp\/v2\/product_cat?post=2594078"},{"taxonomy":"product_tag","embeddable":true,"href":"https:\/\/eu.tilta.com\/de\/wp-json\/wp\/v2\/product_tag?post=2594078"}],"curies":[{"name":"wp","href":"https:\/\/api.w.org\/{rel}","templated":true}]}}