{"id":2594092,"date":"2025-07-12T08:57:02","date_gmt":"2025-07-12T06:57:02","guid":{"rendered":"https:\/\/eu.tilta.com\/shop\/obere-platte-fuer-canon-powershot-v1-schwarz\/"},"modified":"2025-12-05T14:28:54","modified_gmt":"2025-12-05T13:28:54","slug":"top-plate-for-canon-powershot-v1-black","status":"publish","type":"product","link":"https:\/\/eu.tilta.com\/de\/shop\/top-plate-for-canon-powershot-v1-black\/","title":{"rendered":"Obere Platte f\u00fcr Canon PowerShot V1 &#8211; Schwarz"},"content":{"rendered":"<div class=\"overview-text\">\n<p><em>Wir stellen die Top Plate f\u00fcr die Canon PowerShot V1 vor<\/em><\/p>\n<p>Diese Schutzplatte wird an der Oberseite des Canon PowerShot V1 Kamerageh\u00e4uses befestigt und bietet leichten und robusten Schutz f\u00fcr die Kamera.<\/p>\n<p>Die abnehmbare Cold Shoe Halterung erm\u00f6glicht es Ihnen, Cold Shoe basiertes Zubeh\u00f6r wie Mikrofone, Monitorhalterungen oder On-Board-Lichter zu montieren.<\/p>\n<p>Das abnehmbare Design ist praktisch f\u00fcr Reisen, da der Benutzer den Befestigungspunkt entfernen kann, wenn er nicht ben\u00f6tigt wird, um die Kamera leicht und kompakt zu halten.<\/p>\n<p>Dieses Zubeh\u00f6r ist besonders hilfreich, wenn Sie auf Reisen sind oder die Kamera unter extremeren Bedingungen verwenden.<\/p>\n<\/div>\n","protected":false},"excerpt":{"rendered":"<p>Wir stellen die Top Plate f\u00fcr die Canon PowerShot V1 vor Diese Schutzplatte wird an der Oberseite des Canon PowerShot V1 Kamerageh\u00e4uses befestigt und bietet leichten und robusten Schutz f\u00fcr die Kamera. Die abnehmbare Cold Shoe Halterung erm\u00f6glicht es Ihnen, [&hellip;]<\/p>\n","protected":false},"featured_media":2578885,"comment_status":"open","ping_status":"closed","template":"","meta":[],"product_cat":[4075],"product_tag":[],"acf":[],"gallery_images":[2578889,2578841,2578772,2578784],"_links":{"self":[{"href":"https:\/\/eu.tilta.com\/de\/wp-json\/wp\/v2\/product\/2594092"}],"collection":[{"href":"https:\/\/eu.tilta.com\/de\/wp-json\/wp\/v2\/product"}],"about":[{"href":"https:\/\/eu.tilta.com\/de\/wp-json\/wp\/v2\/types\/product"}],"replies":[{"embeddable":true,"href":"https:\/\/eu.tilta.com\/de\/wp-json\/wp\/v2\/comments?post=2594092"}],"wp:featuredmedia":[{"embeddable":true,"href":"https:\/\/eu.tilta.com\/de\/wp-json\/wp\/v2\/media\/2578885"}],"wp:attachment":[{"href":"https:\/\/eu.tilta.com\/de\/wp-json\/wp\/v2\/media?parent=2594092"}],"wp:term":[{"taxonomy":"product_cat","embeddable":true,"href":"https:\/\/eu.tilta.com\/de\/wp-json\/wp\/v2\/product_cat?post=2594092"},{"taxonomy":"product_tag","embeddable":true,"href":"https:\/\/eu.tilta.com\/de\/wp-json\/wp\/v2\/product_tag?post=2594092"}],"curies":[{"name":"wp","href":"https:\/\/api.w.org\/{rel}","templated":true}]}}