{"id":2594095,"date":"2025-07-09T04:52:54","date_gmt":"2025-07-09T02:52:54","guid":{"rendered":"https:\/\/eu.tilta.com\/shop\/tilta-black-mist-filter-fuer-dji-osmo-pocket-3\/"},"modified":"2025-12-05T14:29:20","modified_gmt":"2025-12-05T13:29:20","slug":"tilta-black-mist-filter-for-dji-osmo-pocket-3","status":"publish","type":"product","link":"https:\/\/eu.tilta.com\/de\/shop\/tilta-black-mist-filter-for-dji-osmo-pocket-3\/","title":{"rendered":"Tilta Black Mist Filter f\u00fcr DJI Osmo Pocket 3"},"content":{"rendered":"<div class=\"overview-text\">\n<p><em>Wir stellen den Tilta Black Mist Filter f\u00fcr DJI Osmo Pocket 3 vor<\/em><\/p>\n<p>Die Filter wurden speziell f\u00fcr die Pocket 3 entwickelt und verf\u00fcgen \u00fcber eine magnetische Verbindung f\u00fcr eine m\u00fchelose Verbindung, w\u00e4hrend das gerillte Quick-Release-Design einen schnellen Zugriff durch Einklemmen und Entfernen erm\u00f6glicht.<\/p>\n<p>Bei diesem Filter handelt es sich um eine Art Diffusionsfilter, der den Kontrast reduziert und ein subtiles Gl\u00fchen um Lichtquellen herum erzeugt, w\u00e4hrend er die allgemeine Weichheit begrenzt und den Kontrast in den Schatten beibeh\u00e4lt.<\/p>\n<p>Dadurch entsteht eine weiche visuelle Atmosph\u00e4re, w\u00e4hrend die Sch\u00e4rfe erhalten bleibt und mehr Details in den Schatten zu sehen sind als bei einem Standard-Nebel-Filter. Er ist ideal f\u00fcr Benutzer, die einen klassischen, diffusen Look suchen, ohne dass er zu sehr ablenkt.<\/p>\n<p>Der Filter besteht aus hochwertigem optischem Glas f\u00fcr kristallklare Bilder und eine naturgetreue Farbwiedergabe, w\u00e4hrend eine doppelseitige Mehrzweckbeschichtung vor Wasser, \u00d6l und Kratzern sch\u00fctzt.<\/p>\n<p>Die ultraschlanke Konstruktion beeintr\u00e4chtigt weder das Einfahren noch die Kalibrierung des Objektivs, wenn es angebracht ist.<\/p>\n<\/div>\n","protected":false},"excerpt":{"rendered":"<p>Wir stellen den Tilta Black Mist Filter f\u00fcr DJI Osmo Pocket 3 vor Die Filter wurden speziell f\u00fcr die Pocket 3 entwickelt und verf\u00fcgen \u00fcber eine magnetische Verbindung f\u00fcr eine m\u00fchelose Verbindung, w\u00e4hrend das gerillte Quick-Release-Design einen schnellen Zugriff durch [&hellip;]<\/p>\n","protected":false},"featured_media":2563891,"comment_status":"open","ping_status":"closed","template":"","meta":[],"product_cat":[1453],"product_tag":[],"acf":[],"gallery_images":[2563910,2563903,2563923],"_links":{"self":[{"href":"https:\/\/eu.tilta.com\/de\/wp-json\/wp\/v2\/product\/2594095"}],"collection":[{"href":"https:\/\/eu.tilta.com\/de\/wp-json\/wp\/v2\/product"}],"about":[{"href":"https:\/\/eu.tilta.com\/de\/wp-json\/wp\/v2\/types\/product"}],"replies":[{"embeddable":true,"href":"https:\/\/eu.tilta.com\/de\/wp-json\/wp\/v2\/comments?post=2594095"}],"wp:featuredmedia":[{"embeddable":true,"href":"https:\/\/eu.tilta.com\/de\/wp-json\/wp\/v2\/media\/2563891"}],"wp:attachment":[{"href":"https:\/\/eu.tilta.com\/de\/wp-json\/wp\/v2\/media?parent=2594095"}],"wp:term":[{"taxonomy":"product_cat","embeddable":true,"href":"https:\/\/eu.tilta.com\/de\/wp-json\/wp\/v2\/product_cat?post=2594095"},{"taxonomy":"product_tag","embeddable":true,"href":"https:\/\/eu.tilta.com\/de\/wp-json\/wp\/v2\/product_tag?post=2594095"}],"curies":[{"name":"wp","href":"https:\/\/api.w.org\/{rel}","templated":true}]}}