{"id":2594103,"date":"2025-07-12T08:45:43","date_gmt":"2025-07-12T06:45:43","guid":{"rendered":"https:\/\/eu.tilta.com\/shop\/montagegrundplatte-mit-holzgriff-fuer-canon-powershot-v1-schwarz\/"},"modified":"2025-12-05T14:29:05","modified_gmt":"2025-12-05T13:29:05","slug":"mounting-baseplate-with-wooden-grip-for-canon-powershot-v1-black","status":"publish","type":"product","link":"https:\/\/eu.tilta.com\/de\/shop\/mounting-baseplate-with-wooden-grip-for-canon-powershot-v1-black\/","title":{"rendered":"Montagegrundplatte mit Holzgriff f\u00fcr Canon PowerShot V1 &#8211; Schwarz"},"content":{"rendered":"<div class=\"overview-text\">\n<p>Wir stellen die Montageplatte mit Holzgriff f\u00fcr die Canon PowerShot V1 vor<\/p>\n<p>Die Grundlage dieses L-f\u00f6rmigen Accessoires ist ein Holzgriff, der aus Walnussholz gefertigt ist.<\/p>\n<p>Dies erm\u00f6glicht eine komfortablere Bedienung und Handhabung der Kamera, w\u00e4hrend sie gleichzeitig kompakt und reisefreundlich bleibt.<\/p>\n<p>Die Bodenplatte kann problemlos eine ARCA Quick Release Plate (nicht im Lieferumfang enthalten) aufnehmen.<\/p>\n<p>Dadurch l\u00e4sst sich das System problemlos an Ronin Gimbals der S-Serie oder an leichten Stativen wie unserem VT-05 Travel Fluid Head Stativ befestigen.<\/p>\n<\/div>\n","protected":false},"excerpt":{"rendered":"<p>Wir stellen die Montageplatte mit Holzgriff f\u00fcr die Canon PowerShot V1 vor Die Grundlage dieses L-f\u00f6rmigen Accessoires ist ein Holzgriff, der aus Walnussholz gefertigt ist. Dies erm\u00f6glicht eine komfortablere Bedienung und Handhabung der Kamera, w\u00e4hrend sie gleichzeitig kompakt und reisefreundlich [&hellip;]<\/p>\n","protected":false},"featured_media":2578762,"comment_status":"open","ping_status":"closed","template":"","meta":[],"product_cat":[4075],"product_tag":[],"acf":[],"gallery_images":[2578766,2578784,2578778,2578772],"_links":{"self":[{"href":"https:\/\/eu.tilta.com\/de\/wp-json\/wp\/v2\/product\/2594103"}],"collection":[{"href":"https:\/\/eu.tilta.com\/de\/wp-json\/wp\/v2\/product"}],"about":[{"href":"https:\/\/eu.tilta.com\/de\/wp-json\/wp\/v2\/types\/product"}],"replies":[{"embeddable":true,"href":"https:\/\/eu.tilta.com\/de\/wp-json\/wp\/v2\/comments?post=2594103"}],"wp:featuredmedia":[{"embeddable":true,"href":"https:\/\/eu.tilta.com\/de\/wp-json\/wp\/v2\/media\/2578762"}],"wp:attachment":[{"href":"https:\/\/eu.tilta.com\/de\/wp-json\/wp\/v2\/media?parent=2594103"}],"wp:term":[{"taxonomy":"product_cat","embeddable":true,"href":"https:\/\/eu.tilta.com\/de\/wp-json\/wp\/v2\/product_cat?post=2594103"},{"taxonomy":"product_tag","embeddable":true,"href":"https:\/\/eu.tilta.com\/de\/wp-json\/wp\/v2\/product_tag?post=2594103"}],"curies":[{"name":"wp","href":"https:\/\/api.w.org\/{rel}","templated":true}]}}