{"id":2594104,"date":"2025-07-12T08:52:29","date_gmt":"2025-07-12T06:52:29","guid":{"rendered":"https:\/\/eu.tilta.com\/shop\/mikrofon-windschutz-fuer-canon-powershot-v1-schwarz\/"},"modified":"2025-12-05T14:29:06","modified_gmt":"2025-12-05T13:29:06","slug":"microphone-windscreen-for-canon-powershot-v1-black","status":"publish","type":"product","link":"https:\/\/eu.tilta.com\/de\/shop\/microphone-windscreen-for-canon-powershot-v1-black\/","title":{"rendered":"Mikrofon-Windschutz f\u00fcr Canon PowerShot V1 &#8211; Schwarz"},"content":{"rendered":"<p><em>Wir stellen den Mikrofon-Windschutz f\u00fcr die Canon PowerShot V1 vor  <\/em><\/p>\n<p>Dieser pelzige Windschutz mit hoher Dichte blockiert raue Au\u00dfenger\u00e4usche durch Wind und andere Quellen.<\/p>\n<p>Dies hilft Anwendern, eine klare und scharfe Audioqualit\u00e4t zu erzielen, ohne ihr System wesentlich zu vergr\u00f6\u00dfern.<\/p>\n<p>Dieses Ger\u00e4t ist so konzipiert, dass es sicher sitzt, ohne die Strom- oder Funktionstasten zu behindern.<\/p>\n","protected":false},"excerpt":{"rendered":"<p>Wir stellen den Mikrofon-Windschutz f\u00fcr die Canon PowerShot V1 vor Dieser pelzige Windschutz mit hoher Dichte blockiert raue Au\u00dfenger\u00e4usche durch Wind und andere Quellen. Dies hilft Anwendern, eine klare und scharfe Audioqualit\u00e4t zu erzielen, ohne ihr System wesentlich zu vergr\u00f6\u00dfern. [&hellip;]<\/p>\n","protected":false},"featured_media":2578831,"comment_status":"open","ping_status":"closed","template":"","meta":[],"product_cat":[4075],"product_tag":[],"acf":[],"gallery_images":[2578835,2578841],"_links":{"self":[{"href":"https:\/\/eu.tilta.com\/de\/wp-json\/wp\/v2\/product\/2594104"}],"collection":[{"href":"https:\/\/eu.tilta.com\/de\/wp-json\/wp\/v2\/product"}],"about":[{"href":"https:\/\/eu.tilta.com\/de\/wp-json\/wp\/v2\/types\/product"}],"replies":[{"embeddable":true,"href":"https:\/\/eu.tilta.com\/de\/wp-json\/wp\/v2\/comments?post=2594104"}],"wp:featuredmedia":[{"embeddable":true,"href":"https:\/\/eu.tilta.com\/de\/wp-json\/wp\/v2\/media\/2578831"}],"wp:attachment":[{"href":"https:\/\/eu.tilta.com\/de\/wp-json\/wp\/v2\/media?parent=2594104"}],"wp:term":[{"taxonomy":"product_cat","embeddable":true,"href":"https:\/\/eu.tilta.com\/de\/wp-json\/wp\/v2\/product_cat?post=2594104"},{"taxonomy":"product_tag","embeddable":true,"href":"https:\/\/eu.tilta.com\/de\/wp-json\/wp\/v2\/product_tag?post=2594104"}],"curies":[{"name":"wp","href":"https:\/\/api.w.org\/{rel}","templated":true}]}}