{"id":2594113,"date":"2025-07-12T08:31:48","date_gmt":"2025-07-12T06:31:48","guid":{"rendered":"https:\/\/eu.tilta.com\/shop\/vintage-kamerakaefig-fuer-canon-powershot-v1-base-kit-schwarz\/"},"modified":"2025-12-05T14:29:10","modified_gmt":"2025-12-05T13:29:10","slug":"vintage-camera-cage-for-canon-powershot-v1-base-kit-black","status":"publish","type":"product","link":"https:\/\/eu.tilta.com\/de\/shop\/vintage-camera-cage-for-canon-powershot-v1-base-kit-black\/","title":{"rendered":"Vintage Kamerak\u00e4fig f\u00fcr Canon PowerShot V1 Base Kit &#8211; Schwarz"},"content":{"rendered":"<div class=\"overview-text\">\n<p><em>Wir pr\u00e4sentieren den Vintage-Kamerak\u00e4fig f\u00fcr das Canon PowerShot V1 Base Kit<\/em><\/p>\n<p>Die Grundlage dieses Kits ist die Montageplatte mit einem Holzgriff aus Walnussholz, der eine komfortablere Bedienung und Handhabung der Kamera erm\u00f6glicht und dennoch kompakt und reisefreundlich ist.<\/p>\n<p>Die Bodenplatte kann problemlos eine ARCA-Schnellwechselplatte (nicht im Lieferumfang enthalten) aufnehmen, mit der das System problemlos an Ronin Gimbals der S-Serie oder leichten Stativen wie unserem VT-05 Travel Fluid Head Stativ befestigt werden kann.<\/p>\n<p>Diese Schutzplatte wird an der Oberseite des Kamerageh\u00e4uses befestigt und bietet leichten und robusten Schutz f\u00fcr die Kamera.<\/p>\n<p>Die abnehmbare Cold Shoe Halterung erm\u00f6glicht es Ihnen, Cold Shoe basiertes Zubeh\u00f6r wie Mikrofone, Monitorhalterungen oder On-Board-Lichter zu montieren. Das ist praktisch, wenn Sie auf Reisen sind, denn Sie k\u00f6nnen die Halterung entfernen, wenn sie nicht ben\u00f6tigt wird, um Ihre Kamera leicht und kompakt zu halten.<\/p>\n<p>Dieses Zubeh\u00f6r ist besonders hilfreich, wenn Sie auf Reisen sind oder die Kamera unter extremeren Bedingungen verwenden.<\/p>\n<p>Dieser pelzige Windschutz mit hoher Dichte blockiert st\u00f6rende Au\u00dfenger\u00e4usche durch Wind und andere Quellen, so dass der Benutzer einen klaren und deutlichen Klang erh\u00e4lt, ohne sein Rigg wesentlich zu vergr\u00f6\u00dfern.<\/p>\n<p>Dieses Ger\u00e4t ist so konzipiert, dass es sicher sitzt, ohne die Strom- oder Funktionstasten zu behindern.<\/p>\n<\/div>\n","protected":false},"excerpt":{"rendered":"<p>Wir pr\u00e4sentieren den Vintage-Kamerak\u00e4fig f\u00fcr das Canon PowerShot V1 Base Kit Die Grundlage dieses Kits ist die Montageplatte mit einem Holzgriff aus Walnussholz, der eine komfortablere Bedienung und Handhabung der Kamera erm\u00f6glicht und dennoch kompakt und reisefreundlich ist. Die Bodenplatte [&hellip;]<\/p>\n","protected":false},"featured_media":2578602,"comment_status":"open","ping_status":"closed","template":"","meta":[],"product_cat":[4075],"product_tag":[],"acf":[],"gallery_images":[2578606,2578614,2578620,2578705,2578699,2578693],"_links":{"self":[{"href":"https:\/\/eu.tilta.com\/de\/wp-json\/wp\/v2\/product\/2594113"}],"collection":[{"href":"https:\/\/eu.tilta.com\/de\/wp-json\/wp\/v2\/product"}],"about":[{"href":"https:\/\/eu.tilta.com\/de\/wp-json\/wp\/v2\/types\/product"}],"replies":[{"embeddable":true,"href":"https:\/\/eu.tilta.com\/de\/wp-json\/wp\/v2\/comments?post=2594113"}],"wp:featuredmedia":[{"embeddable":true,"href":"https:\/\/eu.tilta.com\/de\/wp-json\/wp\/v2\/media\/2578602"}],"wp:attachment":[{"href":"https:\/\/eu.tilta.com\/de\/wp-json\/wp\/v2\/media?parent=2594113"}],"wp:term":[{"taxonomy":"product_cat","embeddable":true,"href":"https:\/\/eu.tilta.com\/de\/wp-json\/wp\/v2\/product_cat?post=2594113"},{"taxonomy":"product_tag","embeddable":true,"href":"https:\/\/eu.tilta.com\/de\/wp-json\/wp\/v2\/product_tag?post=2594113"}],"curies":[{"name":"wp","href":"https:\/\/api.w.org\/{rel}","templated":true}]}}