{"id":2594114,"date":"2025-07-09T05:14:36","date_gmt":"2025-07-09T03:14:36","guid":{"rendered":"https:\/\/eu.tilta.com\/shop\/tilta-nd-filter-fuer-dji-osmo-pocket-3\/"},"modified":"2025-12-05T14:29:20","modified_gmt":"2025-12-05T13:29:20","slug":"tilta-nd-filter-for-dji-osmo-pocket-3","status":"publish","type":"product","link":"https:\/\/eu.tilta.com\/de\/shop\/tilta-nd-filter-for-dji-osmo-pocket-3\/","title":{"rendered":"Tilta ND-Filter f\u00fcr DJI Osmo Pocket 3"},"content":{"rendered":"<div class=\"overview-text\">\n<p><em>Wir stellen den Tilta ND-Filter f\u00fcr DJI Osmo Pocket 3 vor<\/em><\/p>\n<p>Die speziell f\u00fcr das Pocket 3 entwickelten Filter verf\u00fcgen \u00fcber eine magnetische Verbindung f\u00fcr m\u00fcheloses Anschlie\u00dfen und das gerillte Quick-Release-Design, das einen schnellen Zugriff durch Einklemmen erm\u00f6glicht.<\/p>\n<p>Dieser Filter ist in verschiedenen Stufen der Neutralen Dichte erh\u00e4ltlich und bietet dem Benutzer eine bessere Kontrolle \u00fcber seine Belichtung.<\/p>\n<p>Damit k\u00f6nnen Sie das f\u00fcr den Sensor sichtbare Licht reduzieren, um konsistente Kameraeinstellungen bei Aufnahmen in helleren Lichtverh\u00e4ltnissen wie Tageslicht zu erhalten.<\/p>\n<p>Diese Filter bestehen aus hochwertigem optischem Glas f\u00fcr kristallklare Bilder und eine naturgetreue Farbwiedergabe, w\u00e4hrend eine doppelseitige Mehrzweckbeschichtung vor Wasser, \u00d6l und Kratzern sch\u00fctzt.<\/p>\n<p>Die ultraschlanke Konstruktion beeintr\u00e4chtigt weder das Einfahren noch die Kalibrierung des Objektivs, wenn es angebracht ist.<\/p>\n<\/div>\n","protected":false},"excerpt":{"rendered":"<p>Wir stellen den Tilta ND-Filter f\u00fcr DJI Osmo Pocket 3 vor Die speziell f\u00fcr das Pocket 3 entwickelten Filter verf\u00fcgen \u00fcber eine magnetische Verbindung f\u00fcr m\u00fcheloses Anschlie\u00dfen und das gerillte Quick-Release-Design, das einen schnellen Zugriff durch Einklemmen erm\u00f6glicht. Dieser Filter [&hellip;]<\/p>\n","protected":false},"featured_media":2564079,"comment_status":"open","ping_status":"closed","template":"","meta":[],"product_cat":[1453],"product_tag":[],"acf":[],"gallery_images":[2564116,2564123,2564086],"_links":{"self":[{"href":"https:\/\/eu.tilta.com\/de\/wp-json\/wp\/v2\/product\/2594114"}],"collection":[{"href":"https:\/\/eu.tilta.com\/de\/wp-json\/wp\/v2\/product"}],"about":[{"href":"https:\/\/eu.tilta.com\/de\/wp-json\/wp\/v2\/types\/product"}],"replies":[{"embeddable":true,"href":"https:\/\/eu.tilta.com\/de\/wp-json\/wp\/v2\/comments?post=2594114"}],"wp:featuredmedia":[{"embeddable":true,"href":"https:\/\/eu.tilta.com\/de\/wp-json\/wp\/v2\/media\/2564079"}],"wp:attachment":[{"href":"https:\/\/eu.tilta.com\/de\/wp-json\/wp\/v2\/media?parent=2594114"}],"wp:term":[{"taxonomy":"product_cat","embeddable":true,"href":"https:\/\/eu.tilta.com\/de\/wp-json\/wp\/v2\/product_cat?post=2594114"},{"taxonomy":"product_tag","embeddable":true,"href":"https:\/\/eu.tilta.com\/de\/wp-json\/wp\/v2\/product_tag?post=2594114"}],"curies":[{"name":"wp","href":"https:\/\/api.w.org\/{rel}","templated":true}]}}