{"id":2594132,"date":"2025-07-10T04:41:58","date_gmt":"2025-07-10T02:41:58","guid":{"rendered":"https:\/\/eu.tilta.com\/shop\/tilta-rundgriff-aus-holz-1-4%e2%80%b3-20-space-grau\/"},"modified":"2025-12-16T17:19:05","modified_gmt":"2025-12-16T16:19:05","slug":"tilta-circular-wooden-handle-1-4%e2%80%b3-20-space-grey","status":"publish","type":"product","link":"https:\/\/eu.tilta.com\/de\/shop\/tilta-circular-wooden-handle-1-4%e2%80%b3-20-space-grey\/","title":{"rendered":"Tilta Rundgriff aus Holz (1\/4\u2033-20) &#8211; Space Grau"},"content":{"rendered":"<div class=\"overview-text\">\n<p><em>Wir stellen Ihnen den Tilta Rundholzgriff (1\/4\u2033-20) vor, eine leichte und nahtlose Erg\u00e4nzung zu Ihrer Kameraausr\u00fcstung.<\/em><\/p>\n<p>Die mit Pr\u00e4zision gefertigten Griffe sind aus hochwertigem Holz gefertigt und mit einer CNC-gefr\u00e4sten, hochwertigen Aluminiumlegierung zusammengesetzt, die Langlebigkeit und ein elegantes Finish gew\u00e4hrleistet.<\/p>\n<p>Sie sind auf Komfort ausgelegt und bieten einen sicheren und bequemen Griff f\u00fcr den l\u00e4ngeren Gebrauch.<\/p>\n<\/div>\n","protected":false},"excerpt":{"rendered":"<p>Wir stellen Ihnen den Tilta Rundholzgriff (1\/4\u2033-20) vor, eine leichte und nahtlose Erg\u00e4nzung zu Ihrer Kameraausr\u00fcstung. Die mit Pr\u00e4zision gefertigten Griffe sind aus hochwertigem Holz gefertigt und mit einer CNC-gefr\u00e4sten, hochwertigen Aluminiumlegierung zusammengesetzt, die Langlebigkeit und ein elegantes Finish gew\u00e4hrleistet. [&hellip;]<\/p>\n","protected":false},"featured_media":2568549,"comment_status":"open","ping_status":"closed","template":"","meta":[],"product_cat":[1276],"product_tag":[],"acf":[],"gallery_images":[2568555,2568561,2568567,2568573],"_links":{"self":[{"href":"https:\/\/eu.tilta.com\/de\/wp-json\/wp\/v2\/product\/2594132"}],"collection":[{"href":"https:\/\/eu.tilta.com\/de\/wp-json\/wp\/v2\/product"}],"about":[{"href":"https:\/\/eu.tilta.com\/de\/wp-json\/wp\/v2\/types\/product"}],"replies":[{"embeddable":true,"href":"https:\/\/eu.tilta.com\/de\/wp-json\/wp\/v2\/comments?post=2594132"}],"wp:featuredmedia":[{"embeddable":true,"href":"https:\/\/eu.tilta.com\/de\/wp-json\/wp\/v2\/media\/2568549"}],"wp:attachment":[{"href":"https:\/\/eu.tilta.com\/de\/wp-json\/wp\/v2\/media?parent=2594132"}],"wp:term":[{"taxonomy":"product_cat","embeddable":true,"href":"https:\/\/eu.tilta.com\/de\/wp-json\/wp\/v2\/product_cat?post=2594132"},{"taxonomy":"product_tag","embeddable":true,"href":"https:\/\/eu.tilta.com\/de\/wp-json\/wp\/v2\/product_tag?post=2594132"}],"curies":[{"name":"wp","href":"https:\/\/api.w.org\/{rel}","templated":true}]}}