{"id":2594140,"date":"2025-07-09T04:49:01","date_gmt":"2025-07-09T02:49:01","guid":{"rendered":"https:\/\/eu.tilta.com\/shop\/tilta-reiseschutzhuelle-mit-handschlaufe-fuer-dji-osmo-pocket-3\/"},"modified":"2025-12-05T14:29:39","modified_gmt":"2025-12-05T13:29:39","slug":"tilta-protective-travel-case-with-wrist-strap-kit-for-dji-osmo-pocket-3","status":"publish","type":"product","link":"https:\/\/eu.tilta.com\/de\/shop\/tilta-protective-travel-case-with-wrist-strap-kit-for-dji-osmo-pocket-3\/","title":{"rendered":"Tilta Reiseschutzh\u00fclle mit Handschlaufe f\u00fcr DJI Osmo Pocket 3"},"content":{"rendered":"<div class=\"overview-text\">\n<p><em>Wir pr\u00e4sentieren die Tilta Reiseschutzh\u00fclle mit Handgelenkgurt f\u00fcr DJI Osmo Pocket 3<\/em><\/p>\n<p>Diese sch\u00fctzende Reisetasche ersetzt die im Lieferumfang des Pocket 3 enthaltene Tasche und bietet gleichzeitig mehr Funktionalit\u00e4t und mehr M\u00f6glichkeiten, den eigenen Stil zu pr\u00e4sentieren.<\/p>\n<p>Neue Farboptionen sorgen f\u00fcr einen Hauch von Stil, w\u00e4hrend die matte Oberfl\u00e4che Fingerabdr\u00fccke und Schmierereien auf \u00d6lbasis verhindert.<\/p>\n<p>Die integrierten Filtereinsch\u00fcbe sind eine praktische Option f\u00fcr die Mitnahme von Filtern, die Sie auf Reisen ben\u00f6tigen, um das Beste aus dem Bild des Pocket 3 herauszuholen. (Filter nicht enthalten)<\/p>\n<p>Die mitgelieferte Trageschlaufe macht das Tragen der Kamera noch einfacher und erh\u00f6ht die Sicherheit bei Aufnahmen unter extremen Bedingungen.<\/p>\n<\/div>\n","protected":false},"excerpt":{"rendered":"<p>Wir pr\u00e4sentieren die Tilta Reiseschutzh\u00fclle mit Handgelenkgurt f\u00fcr DJI Osmo Pocket 3 Diese sch\u00fctzende Reisetasche ersetzt die im Lieferumfang des Pocket 3 enthaltene Tasche und bietet gleichzeitig mehr Funktionalit\u00e4t und mehr M\u00f6glichkeiten, den eigenen Stil zu pr\u00e4sentieren. Neue Farboptionen sorgen [&hellip;]<\/p>\n","protected":false},"featured_media":2563644,"comment_status":"open","ping_status":"closed","template":"","meta":[],"product_cat":[1453],"product_tag":[],"acf":[],"gallery_images":[2563648,2563654,2563636,2563630,2563660,2563667,2563673],"_links":{"self":[{"href":"https:\/\/eu.tilta.com\/de\/wp-json\/wp\/v2\/product\/2594140"}],"collection":[{"href":"https:\/\/eu.tilta.com\/de\/wp-json\/wp\/v2\/product"}],"about":[{"href":"https:\/\/eu.tilta.com\/de\/wp-json\/wp\/v2\/types\/product"}],"replies":[{"embeddable":true,"href":"https:\/\/eu.tilta.com\/de\/wp-json\/wp\/v2\/comments?post=2594140"}],"wp:featuredmedia":[{"embeddable":true,"href":"https:\/\/eu.tilta.com\/de\/wp-json\/wp\/v2\/media\/2563644"}],"wp:attachment":[{"href":"https:\/\/eu.tilta.com\/de\/wp-json\/wp\/v2\/media?parent=2594140"}],"wp:term":[{"taxonomy":"product_cat","embeddable":true,"href":"https:\/\/eu.tilta.com\/de\/wp-json\/wp\/v2\/product_cat?post=2594140"},{"taxonomy":"product_tag","embeddable":true,"href":"https:\/\/eu.tilta.com\/de\/wp-json\/wp\/v2\/product_tag?post=2594140"}],"curies":[{"name":"wp","href":"https:\/\/api.w.org\/{rel}","templated":true}]}}