{"id":2594159,"date":"2025-07-09T04:17:27","date_gmt":"2025-07-09T02:17:27","guid":{"rendered":"https:\/\/eu.tilta.com\/shop\/tilta-polarizer-filter-fuer-dji-osmo-pocket-3\/"},"modified":"2025-12-05T14:29:36","modified_gmt":"2025-12-05T13:29:36","slug":"tilta-polarizer-filter-for-dji-osmo-pocket-3","status":"publish","type":"product","link":"https:\/\/eu.tilta.com\/de\/shop\/tilta-polarizer-filter-for-dji-osmo-pocket-3\/","title":{"rendered":"Tilta Polarizer Filter f\u00fcr DJI Osmo Pocket 3"},"content":{"rendered":"<div class=\"overview-text\">\n<p><em>Wir stellen den Tilta Zirkularpolarisationsfilter f\u00fcr DJI Osmo Pocket 3 vor<\/em><\/p>\n<p>Dieser Filter wurde speziell f\u00fcr die Pocket 3 entwickelt und verf\u00fcgt \u00fcber eine magnetische Verbindung f\u00fcr m\u00fcheloses Anschlie\u00dfen und das gerillte Quick-Release-Design, das einen schnellen Zugriff durch Einklemmen erm\u00f6glicht.<\/p>\n<p>Er kann genaue und lebendige Farben erzeugen, indem er das reflektierte Licht begrenzt und unerw\u00fcnschte Blendungen durch reflektierende Oberfl\u00e4chen wie Wasser oder Glas verhindert.<\/p>\n<p>Der Filter besteht aus hochwertigem optischem Glas f\u00fcr kristallklare Bilder und eine naturgetreue Farbwiedergabe, w\u00e4hrend eine doppelseitige Mehrzweckbeschichtung vor Wasser, \u00d6l und Kratzern sch\u00fctzt.<\/p>\n<p>Die ultraschlanke Konstruktion beeintr\u00e4chtigt weder das Einfahren noch die Kalibrierung des Objektivs, wenn es angebracht ist.<\/p>\n<\/div>\n","protected":false},"excerpt":{"rendered":"<p>Wir stellen den Tilta Zirkularpolarisationsfilter f\u00fcr DJI Osmo Pocket 3 vor Dieser Filter wurde speziell f\u00fcr die Pocket 3 entwickelt und verf\u00fcgt \u00fcber eine magnetische Verbindung f\u00fcr m\u00fcheloses Anschlie\u00dfen und das gerillte Quick-Release-Design, das einen schnellen Zugriff durch Einklemmen erm\u00f6glicht. [&hellip;]<\/p>\n","protected":false},"featured_media":2563424,"comment_status":"open","ping_status":"closed","template":"","meta":[],"product_cat":[1453],"product_tag":[],"acf":[],"gallery_images":[2563412,2563431,2563418],"_links":{"self":[{"href":"https:\/\/eu.tilta.com\/de\/wp-json\/wp\/v2\/product\/2594159"}],"collection":[{"href":"https:\/\/eu.tilta.com\/de\/wp-json\/wp\/v2\/product"}],"about":[{"href":"https:\/\/eu.tilta.com\/de\/wp-json\/wp\/v2\/types\/product"}],"replies":[{"embeddable":true,"href":"https:\/\/eu.tilta.com\/de\/wp-json\/wp\/v2\/comments?post=2594159"}],"wp:featuredmedia":[{"embeddable":true,"href":"https:\/\/eu.tilta.com\/de\/wp-json\/wp\/v2\/media\/2563424"}],"wp:attachment":[{"href":"https:\/\/eu.tilta.com\/de\/wp-json\/wp\/v2\/media?parent=2594159"}],"wp:term":[{"taxonomy":"product_cat","embeddable":true,"href":"https:\/\/eu.tilta.com\/de\/wp-json\/wp\/v2\/product_cat?post=2594159"},{"taxonomy":"product_tag","embeddable":true,"href":"https:\/\/eu.tilta.com\/de\/wp-json\/wp\/v2\/product_tag?post=2594159"}],"curies":[{"name":"wp","href":"https:\/\/api.w.org\/{rel}","templated":true}]}}