{"id":2594240,"date":"2025-07-04T04:45:01","date_gmt":"2025-07-04T02:45:01","guid":{"rendered":"https:\/\/eu.tilta.com\/shop\/hot-shoe-daumenhalterung-fuer-fujifilm-gfx100rf\/"},"modified":"2025-12-05T14:30:33","modified_gmt":"2025-12-05T13:30:33","slug":"hot-shoe-thumb-bracket-for-fujifilm-gfx100rf","status":"publish","type":"product","link":"https:\/\/eu.tilta.com\/de\/shop\/hot-shoe-thumb-bracket-for-fujifilm-gfx100rf\/","title":{"rendered":"Hot Shoe Daumenhalterung f\u00fcr Fujifilm GFX100RF"},"content":{"rendered":"<div class=\"overview-text\">\n<p>Der Hot Shoe Thumb Bracket ist ein leichtes mechanisches Zubeh\u00f6r f\u00fcr die Fujifilm GFX100RF.<\/p>\n<p>Dieser Daumengriff wird am Blitzschuh der Kamera befestigt, um dem Bediener eine bequeme und sichere Position f\u00fcr seinen Daumen zu bieten.<\/p>\n<p>Dadurch wird die Stabilit\u00e4t der Hand verbessert, was zu fl\u00fcssigeren Aufnahmen und einer insgesamt angenehmeren Bedienung f\u00fchren kann.<\/p>\n<\/div>\n","protected":false},"excerpt":{"rendered":"<p>Der Hot Shoe Thumb Bracket ist ein leichtes mechanisches Zubeh\u00f6r f\u00fcr die Fujifilm GFX100RF. Dieser Daumengriff wird am Blitzschuh der Kamera befestigt, um dem Bediener eine bequeme und sichere Position f\u00fcr seinen Daumen zu bieten. Dadurch wird die Stabilit\u00e4t der [&hellip;]<\/p>\n","protected":false},"featured_media":2539218,"comment_status":"open","ping_status":"closed","template":"","meta":[],"product_cat":[4070],"product_tag":[],"acf":[],"gallery_images":[2539230],"_links":{"self":[{"href":"https:\/\/eu.tilta.com\/de\/wp-json\/wp\/v2\/product\/2594240"}],"collection":[{"href":"https:\/\/eu.tilta.com\/de\/wp-json\/wp\/v2\/product"}],"about":[{"href":"https:\/\/eu.tilta.com\/de\/wp-json\/wp\/v2\/types\/product"}],"replies":[{"embeddable":true,"href":"https:\/\/eu.tilta.com\/de\/wp-json\/wp\/v2\/comments?post=2594240"}],"wp:featuredmedia":[{"embeddable":true,"href":"https:\/\/eu.tilta.com\/de\/wp-json\/wp\/v2\/media\/2539218"}],"wp:attachment":[{"href":"https:\/\/eu.tilta.com\/de\/wp-json\/wp\/v2\/media?parent=2594240"}],"wp:term":[{"taxonomy":"product_cat","embeddable":true,"href":"https:\/\/eu.tilta.com\/de\/wp-json\/wp\/v2\/product_cat?post=2594240"},{"taxonomy":"product_tag","embeddable":true,"href":"https:\/\/eu.tilta.com\/de\/wp-json\/wp\/v2\/product_tag?post=2594240"}],"curies":[{"name":"wp","href":"https:\/\/api.w.org\/{rel}","templated":true}]}}