{"id":2594265,"date":"2025-07-04T04:29:33","date_gmt":"2025-07-04T02:29:33","guid":{"rendered":"https:\/\/eu.tilta.com\/shop\/arca-adapter-fuer-tilta-vintage-kaefig\/"},"modified":"2025-12-05T14:30:59","modified_gmt":"2025-12-05T13:30:59","slug":"arca-adapter-for-tilta-vintage-cage","status":"publish","type":"product","link":"https:\/\/eu.tilta.com\/de\/shop\/arca-adapter-for-tilta-vintage-cage\/","title":{"rendered":"ARCA Adapter f\u00fcr Tilta Vintage K\u00e4fig"},"content":{"rendered":"<p><em>Wir stellen den ARCA-Adapter f\u00fcr Tilta Vintage Cage vor<\/em><\/p>\n<p>Diese ARCA-Schnellwechselplatte kann direkt an der Unterseite der Montagegrundplatte mit Holzgriff f\u00fcr Tilta Vintage-K\u00e4fige befestigt werden.<\/p>\n<p>Dadurch l\u00e4sst sich die Kamera problemlos an jedem ARCA-Empf\u00e4nger befestigen, wie z.B. an einem Gimbal der Ronin S-Serie oder an vielen leichten Stativen wie unserem <a href=\"https:\/\/eu.tilta.com\/shop\/tilta-vt05-travel-video-fluid-head-with-3-stage-carbon-fiber-tripod-legs-5kg\/\">VT-05 Travel Fluid Head Stativ<\/a>.<\/p>\n<p>Dieser Adapter verf\u00fcgt au\u00dferdem \u00fcber mehrere 1\/4\u2033-20-Gewinde an der Unterseite f\u00fcr mehr Montagem\u00f6glichkeiten.<\/p>\n<p>Dieser Adapter ist so konstruiert, dass er leicht abnehmbar ist, was ihn zu einer perfekten Option f\u00fcr Benutzer macht, die f\u00fcr bestimmte Aufnahmesituationen ein geringes Gewicht w\u00fcnschen, aber dennoch bei Bedarf ARCA-basierte Unterst\u00fctzungssysteme verwenden m\u00f6chten.<\/p>\n","protected":false},"excerpt":{"rendered":"<p>Wir stellen den ARCA-Adapter f\u00fcr Tilta Vintage Cage vor Diese ARCA-Schnellwechselplatte kann direkt an der Unterseite der Montagegrundplatte mit Holzgriff f\u00fcr Tilta Vintage-K\u00e4fige befestigt werden. Dadurch l\u00e4sst sich die Kamera problemlos an jedem ARCA-Empf\u00e4nger befestigen, wie z.B. an einem Gimbal [&hellip;]<\/p>\n","protected":false},"featured_media":2539016,"comment_status":"open","ping_status":"closed","template":"","meta":[],"product_cat":[4070],"product_tag":[],"acf":[],"gallery_images":[2539029],"_links":{"self":[{"href":"https:\/\/eu.tilta.com\/de\/wp-json\/wp\/v2\/product\/2594265"}],"collection":[{"href":"https:\/\/eu.tilta.com\/de\/wp-json\/wp\/v2\/product"}],"about":[{"href":"https:\/\/eu.tilta.com\/de\/wp-json\/wp\/v2\/types\/product"}],"replies":[{"embeddable":true,"href":"https:\/\/eu.tilta.com\/de\/wp-json\/wp\/v2\/comments?post=2594265"}],"wp:featuredmedia":[{"embeddable":true,"href":"https:\/\/eu.tilta.com\/de\/wp-json\/wp\/v2\/media\/2539016"}],"wp:attachment":[{"href":"https:\/\/eu.tilta.com\/de\/wp-json\/wp\/v2\/media?parent=2594265"}],"wp:term":[{"taxonomy":"product_cat","embeddable":true,"href":"https:\/\/eu.tilta.com\/de\/wp-json\/wp\/v2\/product_cat?post=2594265"},{"taxonomy":"product_tag","embeddable":true,"href":"https:\/\/eu.tilta.com\/de\/wp-json\/wp\/v2\/product_tag?post=2594265"}],"curies":[{"name":"wp","href":"https:\/\/api.w.org\/{rel}","templated":true}]}}