{"id":2594277,"date":"2025-07-02T04:48:33","date_gmt":"2025-07-02T02:48:33","guid":{"rendered":"https:\/\/eu.tilta.com\/shop\/vollstaendiger-kamerakaefig-fuer-canon-r50-v\/"},"modified":"2025-12-05T14:31:00","modified_gmt":"2025-12-05T13:31:00","slug":"full-camera-cage-for-canon-r50-v","status":"publish","type":"product","link":"https:\/\/eu.tilta.com\/de\/shop\/full-camera-cage-for-canon-r50-v\/","title":{"rendered":"Vollst\u00e4ndiger Kamerak\u00e4fig f\u00fcr Canon R50 V"},"content":{"rendered":"<div class=\"overview-text\">\n<p><em>Wir stellen Ihnen das Full Camera Cage f\u00fcr die Canon R50 V vor.<\/em><\/p>\n<p>Dieser Kamerak\u00e4fig dient als zus\u00e4tzlicher Schutz f\u00fcr Ihr Kamerageh\u00e4use und bietet gleichzeitig Platz f\u00fcr eine breite Palette an externem Zubeh\u00f6r mit mehreren Befestigungsm\u00f6glichkeiten, darunter ein Cold Shoe-Empf\u00e4nger, eine NATO-Schiene und \u00bc&#8221;-20-Gewinde mit Fixierpunkten.<\/p>\n<p>Die ARCA-Bodenplatte gew\u00e4hrleistet eine einfache Kompatibilit\u00e4t mit ARCA-Empf\u00e4ngern, wie sie auf unseren Stativen zu finden sind, sowie mit der Ronin S-Serie von Gimbals.<\/p>\n<p>Dieser K\u00e4fig zeichnet sich durch ein neues Design aus, das es erm\u00f6glicht, die drei prim\u00e4ren Befestigungspunkte zu entfernen, wenn sie nicht ben\u00f6tigt werden, da die , NATO-, Cold Shoe- und ARCA-Befestigungsplatten alle abnehmbar sind.<\/p>\n<p>Wir haben einen integrierten Handgriff mit einem Silikongriff eingebaut, der sich eng an die Handfl\u00e4che anschmiegt, so dass Sie die Kamera bequemer in der Hand halten k\u00f6nnen als mit einem herk\u00f6mmlichen Kamerak\u00e4fig.<\/p>\n<p>Der K\u00e4fig bietet nach wie vor einfachen Zugang zu allen wichtigen Kamerafunktionen. So haben Sie ungehinderten Zugang zu den Kameraanschl\u00fcssen, den Bedientasten und dem Batteriefach, ohne den K\u00e4fig entfernen zu m\u00fcssen.<\/p>\n<p>Verbessern Sie Ihre Videografie mit dem <em>Full Camera Cage f\u00fcr Canon R50 V<\/em> und erschlie\u00dfen Sie das wahre Potenzial Ihrer Kamera.<\/p>\n<\/div>\n","protected":false},"excerpt":{"rendered":"<p>Wir stellen Ihnen das Full Camera Cage f\u00fcr die Canon R50 V vor. Dieser Kamerak\u00e4fig dient als zus\u00e4tzlicher Schutz f\u00fcr Ihr Kamerageh\u00e4use und bietet gleichzeitig Platz f\u00fcr eine breite Palette an externem Zubeh\u00f6r mit mehreren Befestigungsm\u00f6glichkeiten, darunter ein Cold Shoe-Empf\u00e4nger, [&hellip;]<\/p>\n","protected":false},"featured_media":2529272,"comment_status":"open","ping_status":"closed","template":"","meta":[],"product_cat":[4095],"product_tag":[],"acf":[],"gallery_images":[2529282,2529294,2529306,2529318,2529324,2529330],"_links":{"self":[{"href":"https:\/\/eu.tilta.com\/de\/wp-json\/wp\/v2\/product\/2594277"}],"collection":[{"href":"https:\/\/eu.tilta.com\/de\/wp-json\/wp\/v2\/product"}],"about":[{"href":"https:\/\/eu.tilta.com\/de\/wp-json\/wp\/v2\/types\/product"}],"replies":[{"embeddable":true,"href":"https:\/\/eu.tilta.com\/de\/wp-json\/wp\/v2\/comments?post=2594277"}],"wp:featuredmedia":[{"embeddable":true,"href":"https:\/\/eu.tilta.com\/de\/wp-json\/wp\/v2\/media\/2529272"}],"wp:attachment":[{"href":"https:\/\/eu.tilta.com\/de\/wp-json\/wp\/v2\/media?parent=2594277"}],"wp:term":[{"taxonomy":"product_cat","embeddable":true,"href":"https:\/\/eu.tilta.com\/de\/wp-json\/wp\/v2\/product_cat?post=2594277"},{"taxonomy":"product_tag","embeddable":true,"href":"https:\/\/eu.tilta.com\/de\/wp-json\/wp\/v2\/product_tag?post=2594277"}],"curies":[{"name":"wp","href":"https:\/\/api.w.org\/{rel}","templated":true}]}}