{"id":2594404,"date":"2025-06-10T08:45:24","date_gmt":"2025-06-10T06:45:24","guid":{"rendered":"https:\/\/eu.tilta.com\/shop\/1-4%e2%80%b3-20-montagehalterung-fuer-hydra-alien-mini-titanium-grau\/"},"modified":"2026-02-24T06:45:04","modified_gmt":"2026-02-24T05:45:04","slug":"1-4%e2%80%b3-20-mounting-bracket-for-hydra-alien-mini-titanium-grey","status":"publish","type":"product","link":"https:\/\/eu.tilta.com\/de\/shop\/1-4%e2%80%b3-20-mounting-bracket-for-hydra-alien-mini-titanium-grey\/","title":{"rendered":"1\/4\u2033-20 Montagehalterung f\u00fcr Hydra Alien Mini &#8211; Titanium Grau"},"content":{"rendered":"<p>Mit dieser 1\/4\u2033-20-Halterung k\u00f6nnen Sie den Hydra Alien Mini an Ihrem vorhandenen Zubeh\u00f6r befestigen, z.B. an einer Montageklemme (f\u00fcr Fahrradhalterungen) oder einem normalen Saugnapf (f\u00fcr Autohalterungen).<\/p>\n","protected":false},"excerpt":{"rendered":"<p>Mit dieser 1\/4\u2033-20-Halterung k\u00f6nnen Sie den Hydra Alien Mini an Ihrem vorhandenen Zubeh\u00f6r befestigen, z.B. an einer Montageklemme (f\u00fcr Fahrradhalterungen) oder einem normalen Saugnapf (f\u00fcr Autohalterungen).<\/p>\n","protected":false},"featured_media":2457684,"comment_status":"open","ping_status":"closed","template":"","meta":[],"product_cat":[3263],"product_tag":[],"acf":[],"gallery_images":[2457676,2457670,2457689,2457695],"_links":{"self":[{"href":"https:\/\/eu.tilta.com\/de\/wp-json\/wp\/v2\/product\/2594404"}],"collection":[{"href":"https:\/\/eu.tilta.com\/de\/wp-json\/wp\/v2\/product"}],"about":[{"href":"https:\/\/eu.tilta.com\/de\/wp-json\/wp\/v2\/types\/product"}],"replies":[{"embeddable":true,"href":"https:\/\/eu.tilta.com\/de\/wp-json\/wp\/v2\/comments?post=2594404"}],"wp:featuredmedia":[{"embeddable":true,"href":"https:\/\/eu.tilta.com\/de\/wp-json\/wp\/v2\/media\/2457684"}],"wp:attachment":[{"href":"https:\/\/eu.tilta.com\/de\/wp-json\/wp\/v2\/media?parent=2594404"}],"wp:term":[{"taxonomy":"product_cat","embeddable":true,"href":"https:\/\/eu.tilta.com\/de\/wp-json\/wp\/v2\/product_cat?post=2594404"},{"taxonomy":"product_tag","embeddable":true,"href":"https:\/\/eu.tilta.com\/de\/wp-json\/wp\/v2\/product_tag?post=2594404"}],"curies":[{"name":"wp","href":"https:\/\/api.w.org\/{rel}","templated":true}]}}