{"id":2594407,"date":"2025-06-26T05:49:08","date_gmt":"2025-06-26T03:49:08","guid":{"rendered":"https:\/\/eu.tilta.com\/shop\/rosettenhalterung-fuer-saugnapf-6%e2%80%b3-titanium-grau\/"},"modified":"2026-02-16T09:01:33","modified_gmt":"2026-02-16T08:01:33","slug":"rosette-mounting-bracket-for-suction-cup-6%e2%80%b3-titanium-grey","status":"publish","type":"product","link":"https:\/\/eu.tilta.com\/de\/shop\/rosette-mounting-bracket-for-suction-cup-6%e2%80%b3-titanium-grey\/","title":{"rendered":"Rosettenhalterung f\u00fcr Saugnapf (6\u2033) &#8211; Titanium Grau"},"content":{"rendered":"<div class=\"overview-text\">\n<p>Diese Halterung wurde speziell f\u00fcr den 6\u2033 Saugnapf entwickelt.<\/p>\n<p>Diese k\u00f6nnen leicht montiert oder entfernt werden, um verschiedene Zubeh\u00f6rteile und Tr\u00e4gersysteme unterzubringen.<\/p>\n<p>Die Halterung wird mit vier M4-Schrauben am Saugnapf befestigt, wodurch eine sichere Verbindung entsteht, die bei Bedarf leicht ausgetauscht werden kann.<\/p>\n<p>Diese Option umfasst einen Arri kompatiblen Rosettenanschluss, der f\u00fcr die Montage des Hydra Alien Mini Shock Absorbing Arm verwendet werden kann.<\/p>\n<\/div>\n","protected":false},"excerpt":{"rendered":"<p>Diese Halterung wurde speziell f\u00fcr den 6\u2033 Saugnapf entwickelt. Diese k\u00f6nnen leicht montiert oder entfernt werden, um verschiedene Zubeh\u00f6rteile und Tr\u00e4gersysteme unterzubringen. Die Halterung wird mit vier M4-Schrauben am Saugnapf befestigt, wodurch eine sichere Verbindung entsteht, die bei Bedarf leicht [&hellip;]<\/p>\n","protected":false},"featured_media":2504610,"comment_status":"open","ping_status":"closed","template":"","meta":[],"product_cat":[4448,3263],"product_tag":[],"acf":[],"gallery_images":[2504602],"_links":{"self":[{"href":"https:\/\/eu.tilta.com\/de\/wp-json\/wp\/v2\/product\/2594407"}],"collection":[{"href":"https:\/\/eu.tilta.com\/de\/wp-json\/wp\/v2\/product"}],"about":[{"href":"https:\/\/eu.tilta.com\/de\/wp-json\/wp\/v2\/types\/product"}],"replies":[{"embeddable":true,"href":"https:\/\/eu.tilta.com\/de\/wp-json\/wp\/v2\/comments?post=2594407"}],"wp:featuredmedia":[{"embeddable":true,"href":"https:\/\/eu.tilta.com\/de\/wp-json\/wp\/v2\/media\/2504610"}],"wp:attachment":[{"href":"https:\/\/eu.tilta.com\/de\/wp-json\/wp\/v2\/media?parent=2594407"}],"wp:term":[{"taxonomy":"product_cat","embeddable":true,"href":"https:\/\/eu.tilta.com\/de\/wp-json\/wp\/v2\/product_cat?post=2594407"},{"taxonomy":"product_tag","embeddable":true,"href":"https:\/\/eu.tilta.com\/de\/wp-json\/wp\/v2\/product_tag?post=2594407"}],"curies":[{"name":"wp","href":"https:\/\/api.w.org\/{rel}","templated":true}]}}