{"id":2594417,"date":"2025-06-10T08:01:19","date_gmt":"2025-06-10T06:01:19","guid":{"rendered":"https:\/\/eu.tilta.com\/shop\/tilta-drehbarer-arca-adapter-schwarz\/"},"modified":"2026-02-16T09:01:33","modified_gmt":"2026-02-16T08:01:33","slug":"tilta-rotatable-arca-adapter-black","status":"publish","type":"product","link":"https:\/\/eu.tilta.com\/de\/shop\/tilta-rotatable-arca-adapter-black\/","title":{"rendered":"Tilta Drehbarer ARCA Adapter &#8211; Schwarz"},"content":{"rendered":"<div class=\"overview-text\">\n<p><em>Wir stellen Ihnen den drehbaren Tilta ARCA-Adapter vor.<\/em><\/p>\n<p>Dieser Adapter wird auf der einen Seite an DJI Standard-ARCA-Empf\u00e4ngern befestigt und verf\u00fcgt auf der anderen Seite \u00fcber einen drehbaren ARCA-Empf\u00e4nger.<\/p>\n<p>So k\u00f6nnen Sie die Richtung Ihres ARCA-Empf\u00e4ngers ganz einfach drehen, um die Flexibilit\u00e4t zwischen Zubeh\u00f6r zu erh\u00f6hen, das ARCA in verschiedenen Ausrichtungen verwendet.<\/p>\n<p>Dies ist besonders n\u00fctzlich f\u00fcr Benutzer, die zwischen von vorne nach hinten montierten ARCA-Stativen und seitlich montierten ARCA-Empf\u00e4ngern der DJI Ronin-Serie wechseln.<\/p>\n<p>Dies kann auch f\u00fcr einzigartige Rigging-Situationen verwendet werden, da es dem Benutzer erm\u00f6glicht, eine angeschlossene Kamera oder ein Zubeh\u00f6rteil schnell von einem ARCA-Empf\u00e4nger in eine feste Position zu bringen.<\/p>\n<\/div>\n","protected":false},"excerpt":{"rendered":"<p>Wir stellen Ihnen den drehbaren Tilta ARCA-Adapter vor. Dieser Adapter wird auf der einen Seite an DJI Standard-ARCA-Empf\u00e4ngern befestigt und verf\u00fcgt auf der anderen Seite \u00fcber einen drehbaren ARCA-Empf\u00e4nger. So k\u00f6nnen Sie die Richtung Ihres ARCA-Empf\u00e4ngers ganz einfach drehen, um [&hellip;]<\/p>\n","protected":false},"featured_media":2457563,"comment_status":"open","ping_status":"closed","template":"","meta":[],"product_cat":[4448,1191],"product_tag":[],"acf":[],"gallery_images":[2457542,2457548,2457554],"_links":{"self":[{"href":"https:\/\/eu.tilta.com\/de\/wp-json\/wp\/v2\/product\/2594417"}],"collection":[{"href":"https:\/\/eu.tilta.com\/de\/wp-json\/wp\/v2\/product"}],"about":[{"href":"https:\/\/eu.tilta.com\/de\/wp-json\/wp\/v2\/types\/product"}],"replies":[{"embeddable":true,"href":"https:\/\/eu.tilta.com\/de\/wp-json\/wp\/v2\/comments?post=2594417"}],"wp:featuredmedia":[{"embeddable":true,"href":"https:\/\/eu.tilta.com\/de\/wp-json\/wp\/v2\/media\/2457563"}],"wp:attachment":[{"href":"https:\/\/eu.tilta.com\/de\/wp-json\/wp\/v2\/media?parent=2594417"}],"wp:term":[{"taxonomy":"product_cat","embeddable":true,"href":"https:\/\/eu.tilta.com\/de\/wp-json\/wp\/v2\/product_cat?post=2594417"},{"taxonomy":"product_tag","embeddable":true,"href":"https:\/\/eu.tilta.com\/de\/wp-json\/wp\/v2\/product_tag?post=2594417"}],"curies":[{"name":"wp","href":"https:\/\/api.w.org\/{rel}","templated":true}]}}