{"id":3136123,"date":"2025-10-22T08:05:20","date_gmt":"2025-10-22T06:05:20","guid":{"rendered":"https:\/\/eu.tilta.com\/shop\/tilta-mini-pd-v-mount-akkuplatte-mit-verstellbarem-arca-empfaenger\/"},"modified":"2025-12-05T14:34:36","modified_gmt":"2025-12-05T13:34:36","slug":"tilta-mini-pd-v-mount-battery-plate-with-adjustable-arca-receiver","status":"publish","type":"product","link":"https:\/\/eu.tilta.com\/de\/shop\/tilta-mini-pd-v-mount-battery-plate-with-adjustable-arca-receiver\/","title":{"rendered":"Tilta Mini PD V Mount Akkuplatte mit verstellbarem ARCA-Empf\u00e4nger"},"content":{"rendered":"<div class=\"overview-text\">\n<p><em>Wir stellen die Tilta Mini PD V-Mount-Akkuplatte mit verstellbarem ARCA-Empf\u00e4nger vor<\/em><\/p>\n<p>Der verstellbare ARCA-Empf\u00e4nger ist eine einzigartige und leichte Option zur Befestigung einer Akkuplatte an einer Kamera ohne herk\u00f6mmliche Grundplatten und 15-mm-Stangen.<\/p>\n<p>Nach der Befestigung \u00fcber eine DJI-Standard-ARCA-Schnellwechselplatte oder einen kompatiblen Kamerak\u00e4fig kann der Empf\u00e4nger ausgefahren werden, um die Batterieplatte n\u00e4her oder weiter vom Kamerageh\u00e4use zu entfernen. Mit dem Drehgelenk k\u00f6nnen Sie auch den Winkel des Akkus im Verh\u00e4ltnis zum Kamerageh\u00e4use einstellen.<\/p>\n<p>Die im Battery Plate + Receiver Kit enthaltene Akkuplatte erm\u00f6glicht es Benutzern, die Betriebszeit ihrer Kamera und ihres Zubeh\u00f6rs durch V-Mount-Akkus mit gr\u00f6\u00dferer Kapazit\u00e4t zu verl\u00e4ngern und bietet mehrere Stromausgangsoptionen wie einen 60W PD USB-C, einen P-Tap und einen 2-Pin Lemo-Anschluss.<\/p>\n<p>Einzigartig an dieser Platte sind die integrierten Gurtschlitze, die es dem Benutzer erm\u00f6glichen, einen mitgelieferten Sicherheitsgurt an seinem V-Mount-Akku zu befestigen, wodurch die M\u00f6glichkeit eines versehentlichen Abkoppelns eingeschr\u00e4nkt wird.<\/p>\n<p>Die Akkuplatte verf\u00fcgt au\u00dferdem \u00fcber 1\/4&#8243;-20 und M4-Gewinde an der Oberseite, so dass das Ger\u00e4t mit zus\u00e4tzlichen Adaptern oder Gelenkarmen auf einzigartige Weise montiert werden kann.<\/p>\n<p><em>P-Tap\/2 Pin Lemo Ports liefern 20V\/3A<\/em><\/p>\n<\/div>\n","protected":false},"excerpt":{"rendered":"<p>Wir stellen die Tilta Mini PD V-Mount-Akkuplatte mit verstellbarem ARCA-Empf\u00e4nger vor Der verstellbare ARCA-Empf\u00e4nger ist eine einzigartige und leichte Option zur Befestigung einer Akkuplatte an einer Kamera ohne herk\u00f6mmliche Grundplatten und 15-mm-Stangen. Nach der Befestigung \u00fcber eine DJI-Standard-ARCA-Schnellwechselplatte oder einen [&hellip;]<\/p>\n","protected":false},"featured_media":3122563,"comment_status":"open","ping_status":"closed","template":"","meta":[],"product_cat":[1258],"product_tag":[],"acf":[],"gallery_images":[3122578,3122590,3122604,3122610,3122616],"_links":{"self":[{"href":"https:\/\/eu.tilta.com\/de\/wp-json\/wp\/v2\/product\/3136123"}],"collection":[{"href":"https:\/\/eu.tilta.com\/de\/wp-json\/wp\/v2\/product"}],"about":[{"href":"https:\/\/eu.tilta.com\/de\/wp-json\/wp\/v2\/types\/product"}],"replies":[{"embeddable":true,"href":"https:\/\/eu.tilta.com\/de\/wp-json\/wp\/v2\/comments?post=3136123"}],"wp:featuredmedia":[{"embeddable":true,"href":"https:\/\/eu.tilta.com\/de\/wp-json\/wp\/v2\/media\/3122563"}],"wp:attachment":[{"href":"https:\/\/eu.tilta.com\/de\/wp-json\/wp\/v2\/media?parent=3136123"}],"wp:term":[{"taxonomy":"product_cat","embeddable":true,"href":"https:\/\/eu.tilta.com\/de\/wp-json\/wp\/v2\/product_cat?post=3136123"},{"taxonomy":"product_tag","embeddable":true,"href":"https:\/\/eu.tilta.com\/de\/wp-json\/wp\/v2\/product_tag?post=3136123"}],"curies":[{"name":"wp","href":"https:\/\/api.w.org\/{rel}","templated":true}]}}