{"id":3136184,"date":"2025-09-22T15:16:04","date_gmt":"2025-09-22T13:16:04","guid":{"rendered":"https:\/\/eu.tilta.com\/shop\/khronos-lite-iphone-17-tasche\/"},"modified":"2026-04-15T04:00:02","modified_gmt":"2026-04-15T02:00:02","slug":"khronos-lite-iphone-17-case","status":"publish","type":"product","link":"https:\/\/eu.tilta.com\/de\/shop\/khronos-lite-iphone-17-case\/","title":{"rendered":"Khronos Lite iPhone 17 Tasche"},"content":{"rendered":"<p>Wir stellen vor: Khronos Lite iPhone 17 Tasche<\/p>\n<p>Professionelle Leistung ist jetzt leichter als je zuvor.<\/p>\n<p>Der eingebaute St\u00e4nder unterst\u00fctzt sowohl die horizontale als auch die vertikale Ausrichtung, ideal f\u00fcr freih\u00e4ndige Videogespr\u00e4che, Streaming oder Studiensitzungen.<\/p>\n<p>An der magnetischen R\u00fcckwand k\u00f6nnen Sie zus\u00e4tzliches magnetisches Zubeh\u00f6r wie Kartenhalter, LED-Leuchten, SSDs, Power Banks oder K\u00fchlventilatoren anbringen.<\/p>\n<p>Zus\u00e4tzliche Schutzelemente wie ein Metallring um die Kameras und verst\u00e4rkte Eckpolster sch\u00fctzen vor St\u00f6\u00dfen.<\/p>\n<p>\u00c4hnlich wie unsere anderen Geh\u00e4use unterst\u00fctzt das Khronos Lite die kapazitive Ber\u00fchrungssteuerung f\u00fcr die Kamerataste.<\/p>\n","protected":false},"excerpt":{"rendered":"<p>Wir stellen vor: Khronos Lite iPhone 17 Tasche Professionelle Leistung ist jetzt leichter als je zuvor. Der eingebaute St\u00e4nder unterst\u00fctzt sowohl die horizontale als auch die vertikale Ausrichtung, ideal f\u00fcr freih\u00e4ndige Videogespr\u00e4che, Streaming oder Studiensitzungen. An der magnetischen R\u00fcckwand k\u00f6nnen [&hellip;]<\/p>\n","protected":false},"featured_media":2914241,"comment_status":"open","ping_status":"closed","template":"","meta":[],"product_cat":[4496,865],"product_tag":[],"acf":[],"gallery_images":[2914246,2914253,2914260,2914267],"_links":{"self":[{"href":"https:\/\/eu.tilta.com\/de\/wp-json\/wp\/v2\/product\/3136184"}],"collection":[{"href":"https:\/\/eu.tilta.com\/de\/wp-json\/wp\/v2\/product"}],"about":[{"href":"https:\/\/eu.tilta.com\/de\/wp-json\/wp\/v2\/types\/product"}],"replies":[{"embeddable":true,"href":"https:\/\/eu.tilta.com\/de\/wp-json\/wp\/v2\/comments?post=3136184"}],"wp:featuredmedia":[{"embeddable":true,"href":"https:\/\/eu.tilta.com\/de\/wp-json\/wp\/v2\/media\/2914241"}],"wp:attachment":[{"href":"https:\/\/eu.tilta.com\/de\/wp-json\/wp\/v2\/media?parent=3136184"}],"wp:term":[{"taxonomy":"product_cat","embeddable":true,"href":"https:\/\/eu.tilta.com\/de\/wp-json\/wp\/v2\/product_cat?post=3136184"},{"taxonomy":"product_tag","embeddable":true,"href":"https:\/\/eu.tilta.com\/de\/wp-json\/wp\/v2\/product_tag?post=3136184"}],"curies":[{"name":"wp","href":"https:\/\/api.w.org\/{rel}","templated":true}]}}