{"id":3136264,"date":"2025-09-22T15:53:04","date_gmt":"2025-09-22T13:53:04","guid":{"rendered":"https:\/\/eu.tilta.com\/shop\/khronos-lite-iphone-17-pro-pro-max-handheld-kit\/"},"modified":"2026-04-15T04:00:45","modified_gmt":"2026-04-15T02:00:45","slug":"khronos-lite-iphone-17-pro-pro-max-handheld-kit","status":"publish","type":"product","link":"https:\/\/eu.tilta.com\/de\/shop\/khronos-lite-iphone-17-pro-pro-max-handheld-kit\/","title":{"rendered":"Khronos Lite iPhone 17 Pro\/Pro Max Handheld Kit"},"content":{"rendered":"<p>Wir stellen vor: das Khronos Lite iPhone 17 Pro\/Pro Max Handheld Kit<\/p>\n<p>Professionelle Leistung ist jetzt leichter als je zuvor.<\/p>\n<p>Das Geh\u00e4use verf\u00fcgt \u00fcber einen integrierten St\u00e4nder, der sowohl horizontal als auch vertikal ausgerichtet werden kann &#8211; perfekt f\u00fcr freih\u00e4ndige Videoanrufe, Streaming oder Studiensitzungen.<\/p>\n<p>An der magnetischen R\u00fcckwand k\u00f6nnen Sie zus\u00e4tzliches magnetisches Zubeh\u00f6r wie Kartenhalter, LED-Leuchten, SSDs, Power Banks oder K\u00fchlventilatoren anbringen.<\/p>\n<p>Dieses Kit enth\u00e4lt einen neuen, leichten Griff, der so konzipiert ist, dass er \u00fcber die Befestigungspunkte am St\u00e4nder direkt an unserer Khronos Lite iPhone 17 Tasche angebracht werden kann.<\/p>\n<p>Dadurch bleibt der USB-C-Anschluss des Smartphones frei, da es direkt \u00fcber Bluetooth kommunizieren kann.<\/p>\n<p>Damit k\u00f6nnen Sie Funktionen wie Fokus, Zoom, Ausl\u00f6ser und Aufnahme \u00fcber einen externen Griff steuern.<\/p>\n<p>Mit dem mitgelieferten 58-mm-Filtereinsatz k\u00f6nnen Sie Tilta- oder andere 58-mm-Filter von Drittanbietern verwenden, um die Belichtung oder die kreative Kontrolle zu verbessern.<\/p>\n","protected":false},"excerpt":{"rendered":"<p>Wir stellen vor: das Khronos Lite iPhone 17 Pro\/Pro Max Handheld Kit Professionelle Leistung ist jetzt leichter als je zuvor. Das Geh\u00e4use verf\u00fcgt \u00fcber einen integrierten St\u00e4nder, der sowohl horizontal als auch vertikal ausgerichtet werden kann &#8211; perfekt f\u00fcr freih\u00e4ndige [&hellip;]<\/p>\n","protected":false},"featured_media":2915349,"comment_status":"open","ping_status":"closed","template":"","meta":[],"product_cat":[4496,865],"product_tag":[],"acf":[],"gallery_images":[2915353,2915359,2915366],"_links":{"self":[{"href":"https:\/\/eu.tilta.com\/de\/wp-json\/wp\/v2\/product\/3136264"}],"collection":[{"href":"https:\/\/eu.tilta.com\/de\/wp-json\/wp\/v2\/product"}],"about":[{"href":"https:\/\/eu.tilta.com\/de\/wp-json\/wp\/v2\/types\/product"}],"replies":[{"embeddable":true,"href":"https:\/\/eu.tilta.com\/de\/wp-json\/wp\/v2\/comments?post=3136264"}],"wp:featuredmedia":[{"embeddable":true,"href":"https:\/\/eu.tilta.com\/de\/wp-json\/wp\/v2\/media\/2915349"}],"wp:attachment":[{"href":"https:\/\/eu.tilta.com\/de\/wp-json\/wp\/v2\/media?parent=3136264"}],"wp:term":[{"taxonomy":"product_cat","embeddable":true,"href":"https:\/\/eu.tilta.com\/de\/wp-json\/wp\/v2\/product_cat?post=3136264"},{"taxonomy":"product_tag","embeddable":true,"href":"https:\/\/eu.tilta.com\/de\/wp-json\/wp\/v2\/product_tag?post=3136264"}],"curies":[{"name":"wp","href":"https:\/\/api.w.org\/{rel}","templated":true}]}}