{"id":3136269,"date":"2025-10-10T05:15:03","date_gmt":"2025-10-10T03:15:03","guid":{"rendered":"https:\/\/eu.tilta.com\/shop\/tilta-extended-pro-monitorhalterung-nato-schwarz\/"},"modified":"2026-02-27T21:32:54","modified_gmt":"2026-02-27T20:32:54","slug":"tilta-extended-pro-monitor-mount-nato-black","status":"publish","type":"product","link":"https:\/\/eu.tilta.com\/de\/shop\/tilta-extended-pro-monitor-mount-nato-black\/","title":{"rendered":"Tilta Extended Pro Monitorhalterung (NATO) &#8211; Schwarz"},"content":{"rendered":"<p><em>Wir stellen vor: die Tilta Extended Pro Monitorhalterung  <\/em><\/p>\n<p>Diese Monitorhalterung verf\u00fcgt \u00fcber ein einzigartiges erweitertes Design, um mehrere Konfigurationen f\u00fcr Monitore und anderes Zubeh\u00f6r zu erm\u00f6glichen.<\/p>\n<p>Dank des doppelten Drehgelenks l\u00e4sst sich die H\u00f6he des Monitors leicht anheben und absenken. Das ist ideal, wenn Sie schnell zwischen Aufnahmen in verschiedenen H\u00f6hen wechseln, damit der Bediener den Monitor immer gut im Blick hat.<\/p>\n<p>Ein praktisches 1\/4\u2033-20-Gewinde mit Fixierpunkten erm\u00f6glicht es dem Benutzer, zus\u00e4tzliches Zubeh\u00f6r an der Halterung selbst zu befestigen, z. B. einen drahtlosen Videosender oder einen kleinen Gelenkarm.<\/p>\n<p>Diese Halterung verf\u00fcgt \u00fcber Handschrauben zum Festziehen und Einstellen der Spannung jedes Gelenkpunkts, so dass Sie die Position einfach und schnell einstellen k\u00f6nnen, ohne ein Multitool zu ben\u00f6tigen.<\/p>\n<p>Die Halterung an der Oberseite ist eine Standard 1\/4\u2033-20 Schraube mit zwei einziehbaren Passstiften, die sowohl den Standard-Passstiftabstand als auch SmallHD unterst\u00fctzen.<\/p>\n<p><img loading=\"lazy\" decoding=\"async\" class=\"wp-image-3047750 alignleft\" src=\"https:\/\/static.tilta.com\/wp-content\/uploads\/2025\/10\/10045327\/Screen-Shot-2025-10-09-at-10.43.55-AM-e1760034428758-300x226-1.jpg\" alt=\"\" width=\"202\" height=\"152\" srcset=\"https:\/\/static.tilta.com\/wp-content\/uploads\/2025\/10\/10045327\/Screen-Shot-2025-10-09-at-10.43.55-AM-e1760034428758-300x226-1.jpg 300w, https:\/\/static.tilta.com\/wp-content\/uploads\/2025\/10\/10045327\/Screen-Shot-2025-10-09-at-10.43.55-AM-e1760034428758-300x226-1-64x48.jpg 64w\" sizes=\"(max-width: 202px) 100vw, 202px\" \/>Dieses Design wurde in Zusammenarbeit mit <strong>Matias Mayolo<\/strong> entwickelt, einem Filmemacher und Kameraassistenten aus Argentinien mit einer Leidenschaft f\u00fcr Technik und funktionales Design.<\/p>\n<p>Weitere Informationen \u00fcber Matias finden Sie auf Instagram @matias_mayolo<\/p>\n","protected":false},"excerpt":{"rendered":"<p>Wir stellen vor: die Tilta Extended Pro Monitorhalterung Diese Monitorhalterung verf\u00fcgt \u00fcber ein einzigartiges erweitertes Design, um mehrere Konfigurationen f\u00fcr Monitore und anderes Zubeh\u00f6r zu erm\u00f6glichen. Dank des doppelten Drehgelenks l\u00e4sst sich die H\u00f6he des Monitors leicht anheben und absenken. [&hellip;]<\/p>\n","protected":false},"featured_media":3047789,"comment_status":"open","ping_status":"closed","template":"","meta":[],"product_cat":[1211],"product_tag":[],"acf":[],"gallery_images":[3047795,3047801,3047807,3047815,3047821,3047827],"_links":{"self":[{"href":"https:\/\/eu.tilta.com\/de\/wp-json\/wp\/v2\/product\/3136269"}],"collection":[{"href":"https:\/\/eu.tilta.com\/de\/wp-json\/wp\/v2\/product"}],"about":[{"href":"https:\/\/eu.tilta.com\/de\/wp-json\/wp\/v2\/types\/product"}],"replies":[{"embeddable":true,"href":"https:\/\/eu.tilta.com\/de\/wp-json\/wp\/v2\/comments?post=3136269"}],"wp:featuredmedia":[{"embeddable":true,"href":"https:\/\/eu.tilta.com\/de\/wp-json\/wp\/v2\/media\/3047789"}],"wp:attachment":[{"href":"https:\/\/eu.tilta.com\/de\/wp-json\/wp\/v2\/media?parent=3136269"}],"wp:term":[{"taxonomy":"product_cat","embeddable":true,"href":"https:\/\/eu.tilta.com\/de\/wp-json\/wp\/v2\/product_cat?post=3136269"},{"taxonomy":"product_tag","embeddable":true,"href":"https:\/\/eu.tilta.com\/de\/wp-json\/wp\/v2\/product_tag?post=3136269"}],"curies":[{"name":"wp","href":"https:\/\/api.w.org\/{rel}","templated":true}]}}