{"id":3136284,"date":"2025-09-28T09:25:34","date_gmt":"2025-09-28T07:25:34","guid":{"rendered":"https:\/\/eu.tilta.com\/shop\/tilta-batterieladegeraet-fuer-l-serie-np-f-2-kanaele\/"},"modified":"2026-04-15T04:00:46","modified_gmt":"2026-04-15T02:00:46","slug":"tilta-battery-charger-for-l-series-np-f-2-channel","status":"publish","type":"product","link":"https:\/\/eu.tilta.com\/de\/shop\/tilta-battery-charger-for-l-series-np-f-2-channel\/","title":{"rendered":"Tilta Batterieladeger\u00e4t f\u00fcr L-Serie\/NP-F (2 Kan\u00e4le)"},"content":{"rendered":"<p data-start=\"195\" data-end=\"587\"><em>Wir pr\u00e4sentieren das Tilta Akkuladeger\u00e4t f\u00fcr die L-Serie \/ NP-F (2 Kan\u00e4le)<\/em><\/p>\n<p data-start=\"195\" data-end=\"587\">Dieses ultrakompakte Ladeger\u00e4t ist f\u00fcr eine breite Palette von Sony L-Series \/ NP-F und kompatiblen Akkus von Drittanbietern ausgelegt, einschlie\u00dflich NP-F550, NP-F750, NP-F970, NP-FM50, NP-FM550H und mehr.<\/p>\n<p data-start=\"195\" data-end=\"587\">Mit zwei Ladeanschl\u00fcssen und vielseitigen Anschlussm\u00f6glichkeiten ist es die perfekte reisefreundliche Stromversorgungsl\u00f6sung f\u00fcr Kreative, die unterwegs sind.<\/p>\n<p data-start=\"589\" data-end=\"864\">Das Ladeger\u00e4t ist sowohl mit USB-C (9V\/2A QC-Protokoll) als auch mit einem Micro-USB-Anschluss ausgestattet und sorgt so f\u00fcr schnelles, flexibles Aufladen, wo immer Sie auch sind.<\/p>\n<p data-start=\"589\" data-end=\"864\">Das integrierte LCD-Display zeigt den Ladestatus jedes Akkus in Echtzeit an und gibt Ihnen damit Sicherheit und Klarheit bei jeder Aufnahme.<\/p>\n<p data-start=\"866\" data-end=\"1165\">Mit einem Gewicht von nur 62 g (0,14 lbs) passt es problemlos in jede Ausr\u00fcstungstasche, ohne unn\u00f6tig viel Platz einzunehmen.<\/p>\n<p data-start=\"866\" data-end=\"1165\">Trotz seiner Gr\u00f6\u00dfe sch\u00fctzt die intelligente Elektronik Ihre Batterien mit der Smart Power Cut-Off Technologie, die eine \u00dcberladung verhindert, indem sie automatisch stoppt, sobald die Batterien vollst\u00e4ndig geladen sind.<\/p>\n","protected":false},"excerpt":{"rendered":"<p>Wir pr\u00e4sentieren das Tilta Akkuladeger\u00e4t f\u00fcr die L-Serie \/ NP-F (2 Kan\u00e4le) Dieses ultrakompakte Ladeger\u00e4t ist f\u00fcr eine breite Palette von Sony L-Series \/ NP-F und kompatiblen Akkus von Drittanbietern ausgelegt, einschlie\u00dflich NP-F550, NP-F750, NP-F970, NP-FM50, NP-FM550H und mehr. Mit [&hellip;]<\/p>\n","protected":false},"featured_media":2962978,"comment_status":"open","ping_status":"closed","template":"","meta":[],"product_cat":[4495,1308],"product_tag":[],"acf":[],"gallery_images":[2962989,2963015],"_links":{"self":[{"href":"https:\/\/eu.tilta.com\/de\/wp-json\/wp\/v2\/product\/3136284"}],"collection":[{"href":"https:\/\/eu.tilta.com\/de\/wp-json\/wp\/v2\/product"}],"about":[{"href":"https:\/\/eu.tilta.com\/de\/wp-json\/wp\/v2\/types\/product"}],"replies":[{"embeddable":true,"href":"https:\/\/eu.tilta.com\/de\/wp-json\/wp\/v2\/comments?post=3136284"}],"wp:featuredmedia":[{"embeddable":true,"href":"https:\/\/eu.tilta.com\/de\/wp-json\/wp\/v2\/media\/2962978"}],"wp:attachment":[{"href":"https:\/\/eu.tilta.com\/de\/wp-json\/wp\/v2\/media?parent=3136284"}],"wp:term":[{"taxonomy":"product_cat","embeddable":true,"href":"https:\/\/eu.tilta.com\/de\/wp-json\/wp\/v2\/product_cat?post=3136284"},{"taxonomy":"product_tag","embeddable":true,"href":"https:\/\/eu.tilta.com\/de\/wp-json\/wp\/v2\/product_tag?post=3136284"}],"curies":[{"name":"wp","href":"https:\/\/api.w.org\/{rel}","templated":true}]}}