{"id":3136288,"date":"2025-09-26T06:00:36","date_gmt":"2025-09-26T04:00:36","guid":{"rendered":"https:\/\/eu.tilta.com\/shop\/tilta-universal-magnethalterung-1-4%e2%80%b3-20-titanium-grau\/"},"modified":"2025-12-05T14:36:56","modified_gmt":"2025-12-05T13:36:56","slug":"tilta-universal-magnetic-mounting-bracket-1-4%e2%80%b3-20-titanium-grey","status":"publish","type":"product","link":"https:\/\/eu.tilta.com\/de\/shop\/tilta-universal-magnetic-mounting-bracket-1-4%e2%80%b3-20-titanium-grey\/","title":{"rendered":"Tilta Universal Magnethalterung (1\/4\u2033-20) &#8211; Titanium Grau"},"content":{"rendered":"<p><em>Wir stellen die Tilta Universal Magnethalterung (1\/4\u2033-20) vor  <\/em><\/p>\n<p>Dieses leichte Zubeh\u00f6r wird magnetisch an der R\u00fcckseite kompatibler Smartphones befestigt und verf\u00fcgt \u00fcber Befestigungspunkte f\u00fcr Zubeh\u00f6r.<\/p>\n<p>Dazu geh\u00f6ren ein zentrales 1\/4\u2033-20 Gewinde mit Fixierpunkten und zwei Schuhaufnahmen.<\/p>\n<p>Diese Befestigungspunkte bieten eine perfekte Option f\u00fcr leichte Mikrofone, LED-Leuchten, Gelenkarme und kleine Stative oder Selfie-Sticks.<\/p>\n<p>Dank der Einfachheit dieser magnetischen Verbindung l\u00e4sst sie sich im Handumdrehen anbringen oder abnehmen, und dank der leichten Konstruktion l\u00e4sst sie sich leicht transportieren, wenn sie nicht in Gebrauch ist.<\/p>\n","protected":false},"excerpt":{"rendered":"<p>Wir stellen die Tilta Universal Magnethalterung (1\/4\u2033-20) vor Dieses leichte Zubeh\u00f6r wird magnetisch an der R\u00fcckseite kompatibler Smartphones befestigt und verf\u00fcgt \u00fcber Befestigungspunkte f\u00fcr Zubeh\u00f6r. Dazu geh\u00f6ren ein zentrales 1\/4\u2033-20 Gewinde mit Fixierpunkten und zwei Schuhaufnahmen. Diese Befestigungspunkte bieten eine [&hellip;]<\/p>\n","protected":false},"featured_media":2945475,"comment_status":"open","ping_status":"closed","template":"","meta":[],"product_cat":[1218],"product_tag":[],"acf":[],"gallery_images":[2945481,2945487,2945454,2945460,2945467],"_links":{"self":[{"href":"https:\/\/eu.tilta.com\/de\/wp-json\/wp\/v2\/product\/3136288"}],"collection":[{"href":"https:\/\/eu.tilta.com\/de\/wp-json\/wp\/v2\/product"}],"about":[{"href":"https:\/\/eu.tilta.com\/de\/wp-json\/wp\/v2\/types\/product"}],"replies":[{"embeddable":true,"href":"https:\/\/eu.tilta.com\/de\/wp-json\/wp\/v2\/comments?post=3136288"}],"wp:featuredmedia":[{"embeddable":true,"href":"https:\/\/eu.tilta.com\/de\/wp-json\/wp\/v2\/media\/2945475"}],"wp:attachment":[{"href":"https:\/\/eu.tilta.com\/de\/wp-json\/wp\/v2\/media?parent=3136288"}],"wp:term":[{"taxonomy":"product_cat","embeddable":true,"href":"https:\/\/eu.tilta.com\/de\/wp-json\/wp\/v2\/product_cat?post=3136288"},{"taxonomy":"product_tag","embeddable":true,"href":"https:\/\/eu.tilta.com\/de\/wp-json\/wp\/v2\/product_tag?post=3136288"}],"curies":[{"name":"wp","href":"https:\/\/api.w.org\/{rel}","templated":true}]}}