{"id":3136294,"date":"2025-09-23T05:22:23","date_gmt":"2025-09-23T03:22:23","guid":{"rendered":"https:\/\/eu.tilta.com\/shop\/vollstaendiger-kamerakaefig-fuer-dji-osmo-360-schwarz\/"},"modified":"2025-12-05T14:37:08","modified_gmt":"2025-12-05T13:37:08","slug":"full-camera-cage-for-dji-osmo-360-black","status":"publish","type":"product","link":"https:\/\/eu.tilta.com\/de\/shop\/full-camera-cage-for-dji-osmo-360-black\/","title":{"rendered":"Vollst\u00e4ndiger Kamerak\u00e4fig f\u00fcr DJI Osmo 360 &#8211; Schwarz"},"content":{"rendered":"<p><em>Wir stellen den vollst\u00e4ndigen Kamerak\u00e4fig f\u00fcr DJI Osmo 360 vor  <\/em><\/p>\n<p>Dieser multifunktionale Kamerak\u00e4fig wurde speziell f\u00fcr die DJI Osmo 360 entwickelt und unterst\u00fctzt zus\u00e4tzliches Zubeh\u00f6r \u00fcber Befestigungspunkte wie ein 1\/4\u2033-20 Gewinde mit Fixierpunkten, einen Cold Shoe-Empf\u00e4nger und einen Gurtschlitz.<\/p>\n<p>Dank des Schnellverschlusses l\u00e4sst sich der K\u00e4fig je nach Bedarf leicht anbringen und abnehmen, und das Batteriefach ist leicht zug\u00e4nglich, um einen schnellen Batteriewechsel zu erm\u00f6glichen.<\/p>\n<p>Es bietet zus\u00e4tzlichen Schutz f\u00fcr das Kamerageh\u00e4use durch einen Rahmen aus einer hochfesten Magnesium- und Aluminiumlegierung.<\/p>\n<p>Der mitgelieferte Silikonlinsenschutz sch\u00fctzt die Linse, wenn sie nicht benutzt wird.<\/p>\n","protected":false},"excerpt":{"rendered":"<p>Wir stellen den vollst\u00e4ndigen Kamerak\u00e4fig f\u00fcr DJI Osmo 360 vor Dieser multifunktionale Kamerak\u00e4fig wurde speziell f\u00fcr die DJI Osmo 360 entwickelt und unterst\u00fctzt zus\u00e4tzliches Zubeh\u00f6r \u00fcber Befestigungspunkte wie ein 1\/4\u2033-20 Gewinde mit Fixierpunkten, einen Cold Shoe-Empf\u00e4nger und einen Gurtschlitz. Dank [&hellip;]<\/p>\n","protected":false},"featured_media":2919443,"comment_status":"open","ping_status":"closed","template":"","meta":[],"product_cat":[4230],"product_tag":[],"acf":[],"gallery_images":[2919450,2919456,2919462],"_links":{"self":[{"href":"https:\/\/eu.tilta.com\/de\/wp-json\/wp\/v2\/product\/3136294"}],"collection":[{"href":"https:\/\/eu.tilta.com\/de\/wp-json\/wp\/v2\/product"}],"about":[{"href":"https:\/\/eu.tilta.com\/de\/wp-json\/wp\/v2\/types\/product"}],"replies":[{"embeddable":true,"href":"https:\/\/eu.tilta.com\/de\/wp-json\/wp\/v2\/comments?post=3136294"}],"wp:featuredmedia":[{"embeddable":true,"href":"https:\/\/eu.tilta.com\/de\/wp-json\/wp\/v2\/media\/2919443"}],"wp:attachment":[{"href":"https:\/\/eu.tilta.com\/de\/wp-json\/wp\/v2\/media?parent=3136294"}],"wp:term":[{"taxonomy":"product_cat","embeddable":true,"href":"https:\/\/eu.tilta.com\/de\/wp-json\/wp\/v2\/product_cat?post=3136294"},{"taxonomy":"product_tag","embeddable":true,"href":"https:\/\/eu.tilta.com\/de\/wp-json\/wp\/v2\/product_tag?post=3136294"}],"curies":[{"name":"wp","href":"https:\/\/api.w.org\/{rel}","templated":true}]}}