{"id":3136311,"date":"2025-09-22T14:34:01","date_gmt":"2025-09-22T12:34:01","guid":{"rendered":"https:\/\/eu.tilta.com\/shop\/khronos-iphone-17-pro-pro-max-street-snap-kit\/"},"modified":"2026-04-15T04:01:08","modified_gmt":"2026-04-15T02:01:08","slug":"khronos-iphone-17-pro-pro-max-street-snap-kit","status":"publish","type":"product","link":"https:\/\/eu.tilta.com\/de\/shop\/khronos-iphone-17-pro-pro-max-street-snap-kit\/","title":{"rendered":"Khronos iPhone 17 Pro\/Pro Max Street Snap Kit"},"content":{"rendered":"<p>Mit dem Khronos Street Snap Kit f\u00fcr das iPhone 17 Pro \/ Pro Max stellen wir Ihnen die n\u00e4chste Generation des mobilen Filmemachens vor.<\/p>\n<p>Diese von einem Kamerak\u00e4fig inspirierte Smartphoneh\u00fclle wurde sorgf\u00e4ltig f\u00fcr beide Modelle des iPhone 17 entworfen und bietet eine unvergleichliche Mischung aus Funktionalit\u00e4t und Eleganz. Die Khronos-Tasche sch\u00fctzt Ihr Telefon zuverl\u00e4ssig vor t\u00e4glicher Abnutzung, ohne dass Sie Kompromisse bei Stil oder Funktionalit\u00e4t eingehen m\u00fcssen.<\/p>\n<p>Die Installation ist einfacher als je zuvor, da dieses aktualisierte Geh\u00e4use mit einem Schnellverschluss ausgestattet ist, der es dem Benutzer erm\u00f6glicht, das Geh\u00e4use schnell zu installieren oder zu entfernen und gleichzeitig sicherzustellen, dass alle angeschlossenen Zubeh\u00f6rteile sicher befestigt bleiben. Das Khronos-Geh\u00e4use verf\u00fcgt \u00fcber integrierte elektronische Kontaktpunkte, die es Ihnen erm\u00f6glichen, Strom durch den K\u00e4fig zu leiten, um Ihr Zubeh\u00f6r zu betreiben.<\/p>\n<p>Im Ultimate Kit ist der <a href=\"https:\/\/eu.tilta.com\/shop\/khronos-focus-pd-handle-for-iphone\/\">Khronos Focus PD Handle<\/a> enthalten, der Ihr System mit zus\u00e4tzlicher Leistung versorgt und eine bessere Kontrolle \u00fcber die Fokus- und Zoomfunktionen des iPhones bietet. Dieser Griff verwendet den gleichen innovativen Klemmmechanismus wie anderes Khronos-Zubeh\u00f6r und verf\u00fcgt \u00fcber einen internen Akku, der \u00fcber USB-C geladen werden kann.<\/p>\n<p>Der Handle wird \u00fcber ein integriertes USB-C-Kabel mit einem iPhone 16 verbunden und nutzt Bluetooth, um den Fokus oder Zoom \u00fcber das Einstellrad an der Vorderseite des Handles zu steuern. Dies sorgt auch f\u00fcr mehr Stabilit\u00e4t bei der Bedienung des Systems und die Aufnahmetaste sorgt daf\u00fcr, dass der Benutzer den Griff nicht loslassen muss, um die Aufnahme zu starten.<\/p>\n<p>Dieses Kit enth\u00e4lt auch eine <a href=\"https:\/\/eu.tilta.com\/shop\/khronos-mini-led-panel-daylight\/\">Daylight Mini LED-Leuchte<\/a>, die an verschiedenen Stellen des Geh\u00e4uses angebracht werden kann. Die Leuchte hat einen CRI \u226595RA und verf\u00fcgt \u00fcber 3 einstellbare Helligkeitsstufen sowie eine verstellbare Halterung.<\/p>\n<p>Der<a href=\"https:\/\/eu.tilta.com\/shop\/khronos-58mm-filter-tray-for-iphone-17-pro-pro-max\/\"> 58-mm-Filtereinsatz<\/a> l\u00e4sst sich leicht am Khronos-Geh\u00e4use befestigen, um 58-mm-Filter von Tilta oder Drittanbietern aufzunehmen.<\/p>\n<p>Der mitgelieferte<a href=\"https:\/\/eu.tilta.com\/shop\/khronos-magnetic-58mm-polarizer-with-black-mist-1-2-filter\/\"> magnetische 58-mm-Polarisator mit Black Mist 1\/2-Filter<\/a> sorgt f\u00fcr akkurate und lebendige Farben, indem er reflektiertes Licht einschr\u00e4nkt und unerw\u00fcnschte Blendungen durch reflektierende Oberfl\u00e4chen wie Wasser oder Glas verhindert. Er wirkt auch als Black Mist Diffusor, der ideal ist, um dem iPhone-Bild die scharfe digitale Kante zu nehmen und gleichzeitig mehr Kontrolle \u00fcber die Richtung des Lichts und der Reflexionen zu haben.<\/p>\n<p><b>HINWEIS: F\u00fcr den Focus Handle und den USB-C Hub ben\u00f6tigen Sie ein 3,5-mm-Klinke-auf-3,5-mm-Klinke-Kabel, um externe Audioquellen nutzen zu k\u00f6nnen.<\/b><\/p>\n","protected":false},"excerpt":{"rendered":"<p>Mit dem Khronos Street Snap Kit f\u00fcr das iPhone 17 Pro \/ Pro Max stellen wir Ihnen die n\u00e4chste Generation des mobilen Filmemachens vor. Diese von einem Kamerak\u00e4fig inspirierte Smartphoneh\u00fclle wurde sorgf\u00e4ltig f\u00fcr beide Modelle des iPhone 17 entworfen und [&hellip;]<\/p>\n","protected":false},"featured_media":2913770,"comment_status":"open","ping_status":"closed","template":"","meta":[],"product_cat":[4200,4496],"product_tag":[],"acf":[],"gallery_images":[2913780,2913786,2913793],"_links":{"self":[{"href":"https:\/\/eu.tilta.com\/de\/wp-json\/wp\/v2\/product\/3136311"}],"collection":[{"href":"https:\/\/eu.tilta.com\/de\/wp-json\/wp\/v2\/product"}],"about":[{"href":"https:\/\/eu.tilta.com\/de\/wp-json\/wp\/v2\/types\/product"}],"replies":[{"embeddable":true,"href":"https:\/\/eu.tilta.com\/de\/wp-json\/wp\/v2\/comments?post=3136311"}],"wp:featuredmedia":[{"embeddable":true,"href":"https:\/\/eu.tilta.com\/de\/wp-json\/wp\/v2\/media\/2913770"}],"wp:attachment":[{"href":"https:\/\/eu.tilta.com\/de\/wp-json\/wp\/v2\/media?parent=3136311"}],"wp:term":[{"taxonomy":"product_cat","embeddable":true,"href":"https:\/\/eu.tilta.com\/de\/wp-json\/wp\/v2\/product_cat?post=3136311"},{"taxonomy":"product_tag","embeddable":true,"href":"https:\/\/eu.tilta.com\/de\/wp-json\/wp\/v2\/product_tag?post=3136311"}],"curies":[{"name":"wp","href":"https:\/\/api.w.org\/{rel}","templated":true}]}}