{"id":3136314,"date":"2025-09-25T13:22:38","date_gmt":"2025-09-25T11:22:38","guid":{"rendered":"https:\/\/eu.tilta.com\/shop\/hintere-stuetze-aus-polyurethan-mit-zusaetzlicher-abdeckplatte-nato-montagesockel\/"},"modified":"2025-12-05T14:37:19","modified_gmt":"2025-12-05T13:37:19","slug":"polyurethane-rear-support-with-additional-cover-plate-nato-mounting-base","status":"publish","type":"product","link":"https:\/\/eu.tilta.com\/de\/shop\/polyurethane-rear-support-with-additional-cover-plate-nato-mounting-base\/","title":{"rendered":"Hintere St\u00fctze aus Polyurethan mit zus\u00e4tzlicher Abdeckplatte NATO-Montagesockel"},"content":{"rendered":"<p>Hintere St\u00fctze aus Polyurethan mit zus\u00e4tzlicher Abdeckplatte NATO-Montagesockel<\/p>\n","protected":false},"excerpt":{"rendered":"<p>Hintere St\u00fctze aus Polyurethan mit zus\u00e4tzlicher Abdeckplatte NATO-Montagesockel<\/p>\n","protected":false},"featured_media":2940159,"comment_status":"open","ping_status":"closed","template":"","meta":[],"product_cat":[1346],"product_tag":[],"acf":[],"gallery_images":[],"_links":{"self":[{"href":"https:\/\/eu.tilta.com\/de\/wp-json\/wp\/v2\/product\/3136314"}],"collection":[{"href":"https:\/\/eu.tilta.com\/de\/wp-json\/wp\/v2\/product"}],"about":[{"href":"https:\/\/eu.tilta.com\/de\/wp-json\/wp\/v2\/types\/product"}],"replies":[{"embeddable":true,"href":"https:\/\/eu.tilta.com\/de\/wp-json\/wp\/v2\/comments?post=3136314"}],"wp:featuredmedia":[{"embeddable":true,"href":"https:\/\/eu.tilta.com\/de\/wp-json\/wp\/v2\/media\/2940159"}],"wp:attachment":[{"href":"https:\/\/eu.tilta.com\/de\/wp-json\/wp\/v2\/media?parent=3136314"}],"wp:term":[{"taxonomy":"product_cat","embeddable":true,"href":"https:\/\/eu.tilta.com\/de\/wp-json\/wp\/v2\/product_cat?post=3136314"},{"taxonomy":"product_tag","embeddable":true,"href":"https:\/\/eu.tilta.com\/de\/wp-json\/wp\/v2\/product_tag?post=3136314"}],"curies":[{"name":"wp","href":"https:\/\/api.w.org\/{rel}","templated":true}]}}