{"id":3136331,"date":"2025-09-22T13:51:00","date_gmt":"2025-09-22T11:51:00","guid":{"rendered":"https:\/\/eu.tilta.com\/shop\/khronos-58mm-filtereinsatz-fuer-iphone-17-pro-pro-max\/"},"modified":"2026-04-15T04:01:30","modified_gmt":"2026-04-15T02:01:30","slug":"khronos-58mm-filter-tray-for-iphone-17-pro-pro-max","status":"publish","type":"product","link":"https:\/\/eu.tilta.com\/de\/shop\/khronos-58mm-filter-tray-for-iphone-17-pro-pro-max\/","title":{"rendered":"Khronos 58mm Filtereinsatz f\u00fcr iPhone 17 Pro\/Pro Max"},"content":{"rendered":"<div class=\"overview-text\">\n<p><em>Wir stellen den Khronos 58mm Filtereinsatz f\u00fcr das iPhone 17 Pro\/Pro Max vor<\/em><\/p>\n<p>Mit diesem Filterhalter k\u00f6nnen Sie 58-mm-Magnetfilter an Ihrem Khronos iPhone 17 Pro\/Pro Max Case sowie dem Khronos Lite iPhone 17 Pro\/Pro Max Case befestigen.<\/p>\n<p>Das Tablett l\u00e4sst sich in den Schlitz des Koffers einschieben und verriegeln und wird zus\u00e4tzlich durch eine Sicherheitsschnalle gesichert, die einrastet und verhindert, dass das Tablett herausrutscht.<\/p>\n<p>Zum Herausnehmen k\u00f6nnen Sie diese Schnalle dr\u00fccken, um die Verriegelung zu l\u00f6sen und das Fach herauszuschieben.<\/p>\n<p>Die Magnetic Connection unterst\u00fctzt alle magnetischen 58-mm-Filter.<\/p>\n<\/div>\n","protected":false},"excerpt":{"rendered":"<p>Wir stellen den Khronos 58mm Filtereinsatz f\u00fcr das iPhone 17 Pro\/Pro Max vor Mit diesem Filterhalter k\u00f6nnen Sie 58-mm-Magnetfilter an Ihrem Khronos iPhone 17 Pro\/Pro Max Case sowie dem Khronos Lite iPhone 17 Pro\/Pro Max Case befestigen. Das Tablett l\u00e4sst [&hellip;]<\/p>\n","protected":false},"featured_media":2913123,"comment_status":"open","ping_status":"closed","template":"","meta":[],"product_cat":[4496,865],"product_tag":[],"acf":[],"gallery_images":[2913104],"_links":{"self":[{"href":"https:\/\/eu.tilta.com\/de\/wp-json\/wp\/v2\/product\/3136331"}],"collection":[{"href":"https:\/\/eu.tilta.com\/de\/wp-json\/wp\/v2\/product"}],"about":[{"href":"https:\/\/eu.tilta.com\/de\/wp-json\/wp\/v2\/types\/product"}],"replies":[{"embeddable":true,"href":"https:\/\/eu.tilta.com\/de\/wp-json\/wp\/v2\/comments?post=3136331"}],"wp:featuredmedia":[{"embeddable":true,"href":"https:\/\/eu.tilta.com\/de\/wp-json\/wp\/v2\/media\/2913123"}],"wp:attachment":[{"href":"https:\/\/eu.tilta.com\/de\/wp-json\/wp\/v2\/media?parent=3136331"}],"wp:term":[{"taxonomy":"product_cat","embeddable":true,"href":"https:\/\/eu.tilta.com\/de\/wp-json\/wp\/v2\/product_cat?post=3136331"},{"taxonomy":"product_tag","embeddable":true,"href":"https:\/\/eu.tilta.com\/de\/wp-json\/wp\/v2\/product_tag?post=3136331"}],"curies":[{"name":"wp","href":"https:\/\/api.w.org\/{rel}","templated":true}]}}