{"id":3136345,"date":"2025-09-22T14:46:47","date_gmt":"2025-09-22T12:46:47","guid":{"rendered":"https:\/\/eu.tilta.com\/shop\/khronos-17mm-gewinde-objektivadapter-fuer-iphone-17-pro-pro-max\/"},"modified":"2026-04-15T04:01:31","modified_gmt":"2026-04-15T02:01:31","slug":"khronos-17mm-thread-lens-adapter-for-iphone-17-pro-pro-max","status":"publish","type":"product","link":"https:\/\/eu.tilta.com\/de\/shop\/khronos-17mm-thread-lens-adapter-for-iphone-17-pro-pro-max\/","title":{"rendered":"Khronos 17mm Gewinde-Objektivadapter f\u00fcr iPhone 17 Pro\/Pro Max"},"content":{"rendered":"<div class=\"overview-text\">\n<p><em>Wir pr\u00e4sentieren den Khronos 17mm Gewinde-Objektivadapter f\u00fcr das iPhone 17 Pro\/Pro Max<\/em><\/p>\n<p>Dieser Objektivadapter ist die perfekte Option, um eine Vielzahl von kompakten Objektiven an Ihrem iPhone 17 Pro oder Pro Max zu befestigen, wenn Sie die Khronos oder Khronos Lite Tasche verwenden.<\/p>\n<p>Das Tablett l\u00e4sst sich in den Schlitz des Koffers einschieben und verriegeln und wird zus\u00e4tzlich durch eine Sicherheitsschnalle gesichert, die einrastet und verhindert, dass das Tablett herausrutscht.<\/p>\n<p>Sie k\u00f6nnen dann alle kompatiblen Smartphone-Objektive mit einem 17-mm-Gewinde anbringen.<\/p>\n<p>Zum Herausnehmen k\u00f6nnen Sie diese Schnalle dr\u00fccken, um die Verriegelung zu l\u00f6sen und das Fach herauszuschieben.<\/p>\n<\/div>\n","protected":false},"excerpt":{"rendered":"<p>Wir pr\u00e4sentieren den Khronos 17mm Gewinde-Objektivadapter f\u00fcr das iPhone 17 Pro\/Pro Max Dieser Objektivadapter ist die perfekte Option, um eine Vielzahl von kompakten Objektiven an Ihrem iPhone 17 Pro oder Pro Max zu befestigen, wenn Sie die Khronos oder Khronos [&hellip;]<\/p>\n","protected":false},"featured_media":2913963,"comment_status":"open","ping_status":"closed","template":"","meta":[],"product_cat":[4496,865],"product_tag":[],"acf":[],"gallery_images":[2913955],"_links":{"self":[{"href":"https:\/\/eu.tilta.com\/de\/wp-json\/wp\/v2\/product\/3136345"}],"collection":[{"href":"https:\/\/eu.tilta.com\/de\/wp-json\/wp\/v2\/product"}],"about":[{"href":"https:\/\/eu.tilta.com\/de\/wp-json\/wp\/v2\/types\/product"}],"replies":[{"embeddable":true,"href":"https:\/\/eu.tilta.com\/de\/wp-json\/wp\/v2\/comments?post=3136345"}],"wp:featuredmedia":[{"embeddable":true,"href":"https:\/\/eu.tilta.com\/de\/wp-json\/wp\/v2\/media\/2913963"}],"wp:attachment":[{"href":"https:\/\/eu.tilta.com\/de\/wp-json\/wp\/v2\/media?parent=3136345"}],"wp:term":[{"taxonomy":"product_cat","embeddable":true,"href":"https:\/\/eu.tilta.com\/de\/wp-json\/wp\/v2\/product_cat?post=3136345"},{"taxonomy":"product_tag","embeddable":true,"href":"https:\/\/eu.tilta.com\/de\/wp-json\/wp\/v2\/product_tag?post=3136345"}],"curies":[{"name":"wp","href":"https:\/\/api.w.org\/{rel}","templated":true}]}}