{"id":3136371,"date":"2025-10-03T09:44:35","date_gmt":"2025-10-03T07:44:35","guid":{"rendered":"https:\/\/eu.tilta.com\/shop\/fluidkopf-und-steadicam-montagesatz-fuer-boulder-kamerawagen-schwarz\/"},"modified":"2026-04-15T04:01:23","modified_gmt":"2026-04-15T02:01:23","slug":"fluid-head-and-steadicam-mounting-kit-for-boulder-camera-cart-black","status":"publish","type":"product","link":"https:\/\/eu.tilta.com\/de\/shop\/fluid-head-and-steadicam-mounting-kit-for-boulder-camera-cart-black\/","title":{"rendered":"Fluidkopf- und Steadicam-Montagesatz f\u00fcr Boulder Kamerawagen &#8211; Schwarz"},"content":{"rendered":"<div class=\"overview-text\">\n<p><em>Einf\u00fchrung des Fluidkopf- und Steadicam-Montagesatzes f\u00fcr Boulder Camera Cart<\/em><\/p>\n<p>Dieses Zubeh\u00f6r wird mit zwei Befestigungsklammern an beiden Seiten des Kamerawagens angebracht.<\/p>\n<p>Sobald diese Klemmen installiert sind, k\u00f6nnen Benutzer diese Klemmen mit einer gro\u00dfen Knebelschraube \u00f6ffnen und verriegeln, was eine werkzeuglose Montage des Steadicam-Docks erm\u00f6glicht.<\/p>\n<p>Das Dock funktioniert \u00e4hnlich wie ein Lichtstativ mit einem Baby-Pin an der Oberseite.<\/p>\n<p>Die Position auf dem Wagen ist ideal f\u00fcr das Ausbalancieren von Steadicams und anderen \u00e4hnlichen Unterst\u00fctzungssystemen, da er mehr als genug Spielraum bietet, um das Rig nach Bedarf zu balancieren und zu drehen.<\/p>\n<p>Dank der verstellbaren H\u00f6he dieses Adapters k\u00f6nnen Sie Rigs unterschiedlicher Gr\u00f6\u00dfe aufnehmen und auch anderes Zubeh\u00f6r wie kleine LED-Leuchten oder sogar Monitore mit der entsprechenden Halterung verwenden.<\/p>\n<p>Ein weiteres in diesem Kit enthaltenes Zubeh\u00f6r ist ein 75\/100mm Fluid Head Ball Mount, der \u00fcber eine Klemme mit dem Steadicam Dock f\u00fcr Boulder Camera Cart verbunden wird.<\/p>\n<p>Damit k\u00f6nnen Sie Ihren 75mm oder 100mm Kugelkopf \u00fcber einen abnehmbaren 75mm Gewindeadapter montieren.<\/p>\n<p>Dieses Zubeh\u00f6rteil kann in der H\u00f6he verstellt werden und ist schwenkbar, was den Zugang zu den Befestigungspunkten an der Unterseite des Stativkopfes erleichtert.<\/p>\n<\/div>\n","protected":false},"excerpt":{"rendered":"<p>Einf\u00fchrung des Fluidkopf- und Steadicam-Montagesatzes f\u00fcr Boulder Camera Cart Dieses Zubeh\u00f6r wird mit zwei Befestigungsklammern an beiden Seiten des Kamerawagens angebracht. Sobald diese Klemmen installiert sind, k\u00f6nnen Benutzer diese Klemmen mit einer gro\u00dfen Knebelschraube \u00f6ffnen und verriegeln, was eine werkzeuglose [&hellip;]<\/p>\n","protected":false},"featured_media":3006449,"comment_status":"open","ping_status":"closed","template":"","meta":[],"product_cat":[4233],"product_tag":[],"acf":[],"gallery_images":[3006455],"_links":{"self":[{"href":"https:\/\/eu.tilta.com\/de\/wp-json\/wp\/v2\/product\/3136371"}],"collection":[{"href":"https:\/\/eu.tilta.com\/de\/wp-json\/wp\/v2\/product"}],"about":[{"href":"https:\/\/eu.tilta.com\/de\/wp-json\/wp\/v2\/types\/product"}],"replies":[{"embeddable":true,"href":"https:\/\/eu.tilta.com\/de\/wp-json\/wp\/v2\/comments?post=3136371"}],"wp:featuredmedia":[{"embeddable":true,"href":"https:\/\/eu.tilta.com\/de\/wp-json\/wp\/v2\/media\/3006449"}],"wp:attachment":[{"href":"https:\/\/eu.tilta.com\/de\/wp-json\/wp\/v2\/media?parent=3136371"}],"wp:term":[{"taxonomy":"product_cat","embeddable":true,"href":"https:\/\/eu.tilta.com\/de\/wp-json\/wp\/v2\/product_cat?post=3136371"},{"taxonomy":"product_tag","embeddable":true,"href":"https:\/\/eu.tilta.com\/de\/wp-json\/wp\/v2\/product_tag?post=3136371"}],"curies":[{"name":"wp","href":"https:\/\/api.w.org\/{rel}","templated":true}]}}