{"id":3136386,"date":"2025-09-22T14:12:06","date_gmt":"2025-09-22T12:12:06","guid":{"rendered":"https:\/\/eu.tilta.com\/shop\/khronos-multifunktionale-magnetische-rueckenplatte-fuer-iphone-17-pro-pro-max\/"},"modified":"2026-04-15T04:01:31","modified_gmt":"2026-04-15T02:01:31","slug":"khronos-multi-functional-magnetic-backplate-for-iphone-17-pro-pro-max","status":"publish","type":"product","link":"https:\/\/eu.tilta.com\/de\/shop\/khronos-multi-functional-magnetic-backplate-for-iphone-17-pro-pro-max\/","title":{"rendered":"Khronos Multifunktionale Magnetische R\u00fcckenplatte f\u00fcr iPhone 17 Pro\/Pro Max"},"content":{"rendered":"<div class=\"overview-text\">\n<p class=\"p1\"><i>Wir stellen vor: die multifunktionale magnetische R\u00fcckenplatte von Khronos f\u00fcr das iPhone 17 Pro\/Pro Max<\/i><\/p>\n<p class=\"p1\">Diese R\u00fcckplatte l\u00e4sst sich an jedes iPhone anschlie\u00dfen, das mit magnetischem Zubeh\u00f6r kompatibel ist, einschlie\u00dflich des iPhone 15, 16 und 17 Pro\/Pro Max, um die Funktionalit\u00e4t beim Filmen und im t\u00e4glichen Gebrauch zu erweitern.<\/p>\n<p class=\"p1\">Mit dem verstellbaren Kickstand k\u00f6nnen Sie Ihr Smartphone sowohl horizontal als auch vertikal auf einer flachen Oberfl\u00e4che aufstellen.<\/p>\n<p class=\"p1\">Der Magnetic Ring kann mit anderem magnetischen Zubeh\u00f6r verwendet werden und ist beweglich, um eine Reihe einzigartiger Aufstellungen zu erm\u00f6glichen.<\/p>\n<p class=\"p1\">Ein kleines Universalmesser kann herausgeschoben werden, um Kartons zu \u00f6ffnen oder Frischhaltefolie zu entfernen. An der Ecke der Platte befindet sich au\u00dferdem ein Flachkopfwerkzeug und die Platte selbst hat Linealmarkierungen f\u00fcr einfache Messungen.<\/p>\n<p class=\"p1\">Wenn Sie das Khronos Case verwenden, k\u00f6nnen Sie diese R\u00fcckenplatte zus\u00e4tzlich arretieren, was eine noch st\u00e4rkere Verbindung schafft.<\/p>\n<\/div>\n","protected":false},"excerpt":{"rendered":"<p>Wir stellen vor: die multifunktionale magnetische R\u00fcckenplatte von Khronos f\u00fcr das iPhone 17 Pro\/Pro Max Diese R\u00fcckplatte l\u00e4sst sich an jedes iPhone anschlie\u00dfen, das mit magnetischem Zubeh\u00f6r kompatibel ist, einschlie\u00dflich des iPhone 15, 16 und 17 Pro\/Pro Max, um die [&hellip;]<\/p>\n","protected":false},"featured_media":2913489,"comment_status":"open","ping_status":"closed","template":"","meta":[],"product_cat":[4200,4496],"product_tag":[],"acf":[],"gallery_images":[2913481],"_links":{"self":[{"href":"https:\/\/eu.tilta.com\/de\/wp-json\/wp\/v2\/product\/3136386"}],"collection":[{"href":"https:\/\/eu.tilta.com\/de\/wp-json\/wp\/v2\/product"}],"about":[{"href":"https:\/\/eu.tilta.com\/de\/wp-json\/wp\/v2\/types\/product"}],"replies":[{"embeddable":true,"href":"https:\/\/eu.tilta.com\/de\/wp-json\/wp\/v2\/comments?post=3136386"}],"wp:featuredmedia":[{"embeddable":true,"href":"https:\/\/eu.tilta.com\/de\/wp-json\/wp\/v2\/media\/2913489"}],"wp:attachment":[{"href":"https:\/\/eu.tilta.com\/de\/wp-json\/wp\/v2\/media?parent=3136386"}],"wp:term":[{"taxonomy":"product_cat","embeddable":true,"href":"https:\/\/eu.tilta.com\/de\/wp-json\/wp\/v2\/product_cat?post=3136386"},{"taxonomy":"product_tag","embeddable":true,"href":"https:\/\/eu.tilta.com\/de\/wp-json\/wp\/v2\/product_tag?post=3136386"}],"curies":[{"name":"wp","href":"https:\/\/api.w.org\/{rel}","templated":true}]}}