{"id":3136424,"date":"2025-09-22T14:53:55","date_gmt":"2025-09-22T12:53:55","guid":{"rendered":"https:\/\/eu.tilta.com\/shop\/khronos-magnetic-58mm-variable-nd-filter-2-5-blendenstufen\/"},"modified":"2026-04-15T04:01:52","modified_gmt":"2026-04-15T02:01:52","slug":"khronos-magnetic-58mm-variable-nd-filter-2-5-stops","status":"publish","type":"product","link":"https:\/\/eu.tilta.com\/de\/shop\/khronos-magnetic-58mm-variable-nd-filter-2-5-stops\/","title":{"rendered":"Khronos Magnetic 58mm Variable ND-Filter (2-5 Blendenstufen)"},"content":{"rendered":"<div class=\"overview-text\">\n<p><em>Wir stellen vor: Khronos Magnetic 58mm Variable ND Filter (2-5 Blenden)<\/em><\/p>\n<p>Mit dieser variablen Neutraldichte haben Sie mehr Kontrolle, wenn Sie die Belichtung Ihres iPhones anpassen.<\/p>\n<p>So k\u00f6nnen Sie das f\u00fcr den Sensor sichtbare Licht reduzieren und Ihre Verschlusszeit bei Aufnahmen in helleren Lichtverh\u00e4ltnissen wie Tageslicht konstant halten.<\/p>\n<p>Das variable Design dieses Filters erm\u00f6glicht es dem Benutzer, zwischen 2 und 5 Blendenstufen einzustellen, wodurch die perfekte Belichtung schneller erreicht wird.<\/p>\n<p>Es unterst\u00fctzt auch kreative Anwendungen, wenn Sie zwischen dunkleren oder helleren Umgebungen wechseln.<\/p>\n<p>Dank der magnetischen Verbindung l\u00e4sst sich der Khronos 58mm Filter Tray f\u00fcr das iPhone 17 Pro\/Pro Max leicht an- und abmontieren.<\/p>\n<\/div>\n","protected":false},"excerpt":{"rendered":"<p>Wir stellen vor: Khronos Magnetic 58mm Variable ND Filter (2-5 Blenden) Mit dieser variablen Neutraldichte haben Sie mehr Kontrolle, wenn Sie die Belichtung Ihres iPhones anpassen. So k\u00f6nnen Sie das f\u00fcr den Sensor sichtbare Licht reduzieren und Ihre Verschlusszeit bei [&hellip;]<\/p>\n","protected":false},"featured_media":2914077,"comment_status":"open","ping_status":"closed","template":"","meta":[],"product_cat":[4496,865],"product_tag":[],"acf":[],"gallery_images":[2914067],"_links":{"self":[{"href":"https:\/\/eu.tilta.com\/de\/wp-json\/wp\/v2\/product\/3136424"}],"collection":[{"href":"https:\/\/eu.tilta.com\/de\/wp-json\/wp\/v2\/product"}],"about":[{"href":"https:\/\/eu.tilta.com\/de\/wp-json\/wp\/v2\/types\/product"}],"replies":[{"embeddable":true,"href":"https:\/\/eu.tilta.com\/de\/wp-json\/wp\/v2\/comments?post=3136424"}],"wp:featuredmedia":[{"embeddable":true,"href":"https:\/\/eu.tilta.com\/de\/wp-json\/wp\/v2\/media\/2914077"}],"wp:attachment":[{"href":"https:\/\/eu.tilta.com\/de\/wp-json\/wp\/v2\/media?parent=3136424"}],"wp:term":[{"taxonomy":"product_cat","embeddable":true,"href":"https:\/\/eu.tilta.com\/de\/wp-json\/wp\/v2\/product_cat?post=3136424"},{"taxonomy":"product_tag","embeddable":true,"href":"https:\/\/eu.tilta.com\/de\/wp-json\/wp\/v2\/product_tag?post=3136424"}],"curies":[{"name":"wp","href":"https:\/\/api.w.org\/{rel}","templated":true}]}}