{"id":3136454,"date":"2025-09-22T13:42:10","date_gmt":"2025-09-22T11:42:10","guid":{"rendered":"https:\/\/eu.tilta.com\/shop\/khronos-t-series-mount-objektivadapter-fuer-iphone-17-pro-pro-max\/"},"modified":"2026-04-15T04:02:12","modified_gmt":"2026-04-15T02:02:12","slug":"khronos-t-series-mount-lens-adapter-for-iphone-17-pro-pro-max","status":"publish","type":"product","link":"https:\/\/eu.tilta.com\/de\/shop\/khronos-t-series-mount-lens-adapter-for-iphone-17-pro-pro-max\/","title":{"rendered":"Khronos T Series Mount Objektivadapter f\u00fcr iPhone 17 Pro\/Pro Max"},"content":{"rendered":"<div class=\"overview-text\">\n<p><em>Der Khronos T Series Mount Objektivadapter f\u00fcr das iPhone 17 Pro\/Pro Max wird vorgestellt<\/em><\/p>\n<p>Dieser Objektivadapter ist die perfekte Option, um eine Vielzahl von kompakten Objektiven an Ihrem iPhone 17 Pro oder Pro Max zu befestigen, wenn Sie die Khronos oder Khronos Lite Tasche verwenden.<\/p>\n<p>Das Tablett l\u00e4sst sich in den Schlitz des Koffers einschieben und verriegeln und wird zus\u00e4tzlich durch eine Sicherheitsschnalle gesichert, die einrastet und verhindert, dass das Tablett herausrutscht.<\/p>\n<p>Benutzer k\u00f6nnen dann Smartphone-Objektive mit einem Fotogear T-Series Mount montieren. Der mitgelieferte Abstandshalter kann verwendet werden, um ihn auch mit der Moment T-Serie kompatibel zu machen.<\/p>\n<p>Zum Herausnehmen k\u00f6nnen Sie diese Schnalle dr\u00fccken, um die Verriegelung zu l\u00f6sen und das Fach herauszuschieben.<\/p>\n<\/div>\n","protected":false},"excerpt":{"rendered":"<p>Der Khronos T Series Mount Objektivadapter f\u00fcr das iPhone 17 Pro\/Pro Max wird vorgestellt Dieser Objektivadapter ist die perfekte Option, um eine Vielzahl von kompakten Objektiven an Ihrem iPhone 17 Pro oder Pro Max zu befestigen, wenn Sie die Khronos [&hellip;]<\/p>\n","protected":false},"featured_media":2912810,"comment_status":"open","ping_status":"closed","template":"","meta":[],"product_cat":[4496,865],"product_tag":[],"acf":[],"gallery_images":[2912792],"_links":{"self":[{"href":"https:\/\/eu.tilta.com\/de\/wp-json\/wp\/v2\/product\/3136454"}],"collection":[{"href":"https:\/\/eu.tilta.com\/de\/wp-json\/wp\/v2\/product"}],"about":[{"href":"https:\/\/eu.tilta.com\/de\/wp-json\/wp\/v2\/types\/product"}],"replies":[{"embeddable":true,"href":"https:\/\/eu.tilta.com\/de\/wp-json\/wp\/v2\/comments?post=3136454"}],"wp:featuredmedia":[{"embeddable":true,"href":"https:\/\/eu.tilta.com\/de\/wp-json\/wp\/v2\/media\/2912810"}],"wp:attachment":[{"href":"https:\/\/eu.tilta.com\/de\/wp-json\/wp\/v2\/media?parent=3136454"}],"wp:term":[{"taxonomy":"product_cat","embeddable":true,"href":"https:\/\/eu.tilta.com\/de\/wp-json\/wp\/v2\/product_cat?post=3136454"},{"taxonomy":"product_tag","embeddable":true,"href":"https:\/\/eu.tilta.com\/de\/wp-json\/wp\/v2\/product_tag?post=3136454"}],"curies":[{"name":"wp","href":"https:\/\/api.w.org\/{rel}","templated":true}]}}