{"id":3136472,"date":"2025-09-19T04:37:36","date_gmt":"2025-09-19T02:37:36","guid":{"rendered":"https:\/\/eu.tilta.com\/shop\/fe-crossbody-tasche\/"},"modified":"2026-04-15T04:02:13","modified_gmt":"2026-04-15T02:02:13","slug":"fe-crossbody-bag","status":"publish","type":"product","link":"https:\/\/eu.tilta.com\/de\/shop\/fe-crossbody-bag\/","title":{"rendered":"Fe Crossbody Tasche"},"content":{"rendered":"<div class=\"overview-text\">\n<p><em>Wir stellen die Fe Crossbody Bag vor<\/em><\/p>\n<p>Diese kleine Crossbody-Tasche verf\u00fcgt \u00fcber einen Haken am R\u00fcckengurt, der einen Duraflex D-Ring verwendet, gepaart mit einem S-f\u00f6rmigen Karabiner aus einer Aluminiumlegierung mit einer maximalen Tragf\u00e4higkeit von 65 kg (143,3 lbs).<\/p>\n<p>So k\u00f6nnen Sie die Tasche einfach direkt an der Kleidung befestigen, um sie zu stylen oder andere Ausr\u00fcstung zu transportieren.<\/p>\n<p>Dieser Stoff wird von Challenge Sailcloth hergestellt und besteht zu 100% aus recycelten Polyesterfasern und -folien. Es ist langlebig, wasserdicht, rei\u00dffest und absolut umweltfreundlich.<\/p>\n<p>Jedes Design verbindet Langlebigkeit mit moderner \u00c4sthetik, so dass Sie den perfekten Look f\u00fcr Ihre Ausr\u00fcstung und Ihren pers\u00f6nlichen Stil w\u00e4hlen k\u00f6nnen.<\/p>\n<p>Dieses Zubeh\u00f6r ist eine perfekte Option f\u00fcr kleine Action-Kameras wie die DJI Osmo Pocket 3 sowie f\u00fcr einige Zubeh\u00f6rteile.<\/p>\n<\/div>\n","protected":false},"excerpt":{"rendered":"<p>Wir stellen die Fe Crossbody Bag vor Diese kleine Crossbody-Tasche verf\u00fcgt \u00fcber einen Haken am R\u00fcckengurt, der einen Duraflex D-Ring verwendet, gepaart mit einem S-f\u00f6rmigen Karabiner aus einer Aluminiumlegierung mit einer maximalen Tragf\u00e4higkeit von 65 kg (143,3 lbs). So k\u00f6nnen [&hellip;]<\/p>\n","protected":false},"featured_media":2884484,"comment_status":"open","ping_status":"closed","template":"","meta":[],"product_cat":[4493,1254],"product_tag":[],"acf":[],"gallery_images":[2884516,2884543,2884607,2884639,2884576],"_links":{"self":[{"href":"https:\/\/eu.tilta.com\/de\/wp-json\/wp\/v2\/product\/3136472"}],"collection":[{"href":"https:\/\/eu.tilta.com\/de\/wp-json\/wp\/v2\/product"}],"about":[{"href":"https:\/\/eu.tilta.com\/de\/wp-json\/wp\/v2\/types\/product"}],"replies":[{"embeddable":true,"href":"https:\/\/eu.tilta.com\/de\/wp-json\/wp\/v2\/comments?post=3136472"}],"wp:featuredmedia":[{"embeddable":true,"href":"https:\/\/eu.tilta.com\/de\/wp-json\/wp\/v2\/media\/2884484"}],"wp:attachment":[{"href":"https:\/\/eu.tilta.com\/de\/wp-json\/wp\/v2\/media?parent=3136472"}],"wp:term":[{"taxonomy":"product_cat","embeddable":true,"href":"https:\/\/eu.tilta.com\/de\/wp-json\/wp\/v2\/product_cat?post=3136472"},{"taxonomy":"product_tag","embeddable":true,"href":"https:\/\/eu.tilta.com\/de\/wp-json\/wp\/v2\/product_tag?post=3136472"}],"curies":[{"name":"wp","href":"https:\/\/api.w.org\/{rel}","templated":true}]}}