{"id":3136483,"date":"2025-09-22T13:25:27","date_gmt":"2025-09-22T11:25:27","guid":{"rendered":"https:\/\/eu.tilta.com\/shop\/khronos-magnetic-58mm-polarisator-mit-black-mist-1-2-filter\/"},"modified":"2026-04-15T04:02:14","modified_gmt":"2026-04-15T02:02:14","slug":"khronos-magnetic-58mm-polarizer-with-black-mist-1-2-filter","status":"publish","type":"product","link":"https:\/\/eu.tilta.com\/de\/shop\/khronos-magnetic-58mm-polarizer-with-black-mist-1-2-filter\/","title":{"rendered":"Khronos Magnetic 58mm Polarisator mit Black Mist 1\/2 Filter"},"content":{"rendered":"<div class=\"overview-text\">\n<p><em>Wir stellen vor: Khronos Magnetic 58mm Polarisator mit Black Mist 1\/2 Filter &#8211; Space Gray<\/em><\/p>\n<p>Dieser 58-mm-Filter verf\u00fcgt \u00fcber ein Polarisator-Element sowie eine Black Mist Diffusion, um dem Benutzer eine gr\u00f6\u00dfere kreative Kontrolle \u00fcber seine Bilder zu erm\u00f6glichen.<\/p>\n<p>Dies ist ideal, um dem iPhone-Bild die scharfe digitale Kante zu nehmen und gleichzeitig mehr Kontrolle \u00fcber die Richtung des Lichts und der Reflexionen zu haben.<\/p>\n<p>Dieser Polfilter sorgt f\u00fcr akkurate und lebendige Farben, indem er reflektiertes Licht einschr\u00e4nkt und unerw\u00fcnschte Blendungen durch reflektierende Oberfl\u00e4chen wie Wasser oder Glas verhindert.<\/p>\n<p>Dank der magnetischen Verbindung l\u00e4sst sich der Khronos 58mm Filter Tray f\u00fcr das iPhone 17 Pro\/Pro Max leicht an- und abmontieren.<\/p>\n<\/div>\n","protected":false},"excerpt":{"rendered":"<p>Wir stellen vor: Khronos Magnetic 58mm Polarisator mit Black Mist 1\/2 Filter &#8211; Space Gray Dieser 58-mm-Filter verf\u00fcgt \u00fcber ein Polarisator-Element sowie eine Black Mist Diffusion, um dem Benutzer eine gr\u00f6\u00dfere kreative Kontrolle \u00fcber seine Bilder zu erm\u00f6glichen. Dies ist [&hellip;]<\/p>\n","protected":false},"featured_media":2912690,"comment_status":"open","ping_status":"closed","template":"","meta":[],"product_cat":[4496,865],"product_tag":[],"acf":[],"gallery_images":[2912681],"_links":{"self":[{"href":"https:\/\/eu.tilta.com\/de\/wp-json\/wp\/v2\/product\/3136483"}],"collection":[{"href":"https:\/\/eu.tilta.com\/de\/wp-json\/wp\/v2\/product"}],"about":[{"href":"https:\/\/eu.tilta.com\/de\/wp-json\/wp\/v2\/types\/product"}],"replies":[{"embeddable":true,"href":"https:\/\/eu.tilta.com\/de\/wp-json\/wp\/v2\/comments?post=3136483"}],"wp:featuredmedia":[{"embeddable":true,"href":"https:\/\/eu.tilta.com\/de\/wp-json\/wp\/v2\/media\/2912690"}],"wp:attachment":[{"href":"https:\/\/eu.tilta.com\/de\/wp-json\/wp\/v2\/media?parent=3136483"}],"wp:term":[{"taxonomy":"product_cat","embeddable":true,"href":"https:\/\/eu.tilta.com\/de\/wp-json\/wp\/v2\/product_cat?post=3136483"},{"taxonomy":"product_tag","embeddable":true,"href":"https:\/\/eu.tilta.com\/de\/wp-json\/wp\/v2\/product_tag?post=3136483"}],"curies":[{"name":"wp","href":"https:\/\/api.w.org\/{rel}","templated":true}]}}