{"id":3136532,"date":"2025-09-18T08:01:42","date_gmt":"2025-09-18T06:01:42","guid":{"rendered":"https:\/\/eu.tilta.com\/shop\/vintage-kamerakaefig-fuer-fujifilm-x-e5-base-kit\/"},"modified":"2025-12-05T14:40:22","modified_gmt":"2025-12-05T13:40:22","slug":"vintage-camera-cage-for-fujifilm-x-e5-base-kit","status":"publish","type":"product","link":"https:\/\/eu.tilta.com\/de\/shop\/vintage-camera-cage-for-fujifilm-x-e5-base-kit\/","title":{"rendered":"Vintage Kamerak\u00e4fig f\u00fcr Fujifilm X-E5 Base Kit"},"content":{"rendered":"<p>Wir stellen den Vintage-Kamerak\u00e4fig f\u00fcr das Fujifilm X-E5 Base Kit vor<\/p>\n<p>Die Basis dieses Kits ist ein L-Bracket mit einem Holzgriff aus Walnussholz, der eine komfortablere Bedienung und Handhabung der Kamera erm\u00f6glicht.<\/p>\n<p>Die Bodenplatte kann problemlos eine ARCA-Schnellwechselplatte aufnehmen, mit der das System problemlos an Ronin-Kardans der S-Serie oder leichten Stativen wie unserem <a href=\"https:\/\/eu.tilta.com\/shop\/tilta-vt05-travel-video-fluid-head-with-3-stage-carbon-fiber-tripod-legs-5kg\/\">VT-05 Travel Fluid Head Stativ<\/a> befestigt werden kann.<\/p>\n","protected":false},"excerpt":{"rendered":"<p>Wir stellen den Vintage-Kamerak\u00e4fig f\u00fcr das Fujifilm X-E5 Base Kit vor Die Basis dieses Kits ist ein L-Bracket mit einem Holzgriff aus Walnussholz, der eine komfortablere Bedienung und Handhabung der Kamera erm\u00f6glicht. Die Bodenplatte kann problemlos eine ARCA-Schnellwechselplatte aufnehmen, mit [&hellip;]<\/p>\n","protected":false},"featured_media":2875370,"comment_status":"open","ping_status":"closed","template":"","meta":[],"product_cat":[4249],"product_tag":[],"acf":[],"gallery_images":[2875392,2875406,2875419],"_links":{"self":[{"href":"https:\/\/eu.tilta.com\/de\/wp-json\/wp\/v2\/product\/3136532"}],"collection":[{"href":"https:\/\/eu.tilta.com\/de\/wp-json\/wp\/v2\/product"}],"about":[{"href":"https:\/\/eu.tilta.com\/de\/wp-json\/wp\/v2\/types\/product"}],"replies":[{"embeddable":true,"href":"https:\/\/eu.tilta.com\/de\/wp-json\/wp\/v2\/comments?post=3136532"}],"wp:featuredmedia":[{"embeddable":true,"href":"https:\/\/eu.tilta.com\/de\/wp-json\/wp\/v2\/media\/2875370"}],"wp:attachment":[{"href":"https:\/\/eu.tilta.com\/de\/wp-json\/wp\/v2\/media?parent=3136532"}],"wp:term":[{"taxonomy":"product_cat","embeddable":true,"href":"https:\/\/eu.tilta.com\/de\/wp-json\/wp\/v2\/product_cat?post=3136532"},{"taxonomy":"product_tag","embeddable":true,"href":"https:\/\/eu.tilta.com\/de\/wp-json\/wp\/v2\/product_tag?post=3136532"}],"curies":[{"name":"wp","href":"https:\/\/api.w.org\/{rel}","templated":true}]}}