{"id":3136538,"date":"2025-09-15T05:39:20","date_gmt":"2025-09-15T03:39:20","guid":{"rendered":"https:\/\/eu.tilta.com\/shop\/nucleus-m-ii-monitorhalterung-fuer-fiz-handgeraet\/"},"modified":"2026-02-18T09:59:22","modified_gmt":"2026-02-18T08:59:22","slug":"nucleus-m-ii-monitor-mounting-bracket-for-fiz-hand-unit","status":"publish","type":"product","link":"https:\/\/eu.tilta.com\/de\/shop\/nucleus-m-ii-monitor-mounting-bracket-for-fiz-hand-unit\/","title":{"rendered":"Nucleus-M II Monitorhalterung f\u00fcr FIZ Handger\u00e4t"},"content":{"rendered":"<p>Diese Halterung wird \u00fcber eine Schnellwechselplatte und einen Empf\u00e4nger an der R\u00fcckseite der Nucleus-M II FIZ Handeinheit befestigt.<\/p>\n<p>Er verf\u00fcgt \u00fcber ein 1\/4\u2033-20-Gewinde, das f\u00fcr die Montage von Zubeh\u00f6r wie unserem Baby-Pin-Adapter oder kleinen Gelenkarmen verwendet werden kann.<\/p>\n<p>An der Oberseite der Halterung befindet sich eine verstellbare Monitorhalterung, die sich drehen und neigen l\u00e4sst.<\/p>\n","protected":false},"excerpt":{"rendered":"<p>Diese Halterung wird \u00fcber eine Schnellwechselplatte und einen Empf\u00e4nger an der R\u00fcckseite der Nucleus-M II FIZ Handeinheit befestigt. Er verf\u00fcgt \u00fcber ein 1\/4\u2033-20-Gewinde, das f\u00fcr die Montage von Zubeh\u00f6r wie unserem Baby-Pin-Adapter oder kleinen Gelenkarmen verwendet werden kann. An der [&hellip;]<\/p>\n","protected":false},"featured_media":2859821,"comment_status":"open","ping_status":"closed","template":"","meta":[],"product_cat":[3921],"product_tag":[],"acf":[],"gallery_images":[],"_links":{"self":[{"href":"https:\/\/eu.tilta.com\/de\/wp-json\/wp\/v2\/product\/3136538"}],"collection":[{"href":"https:\/\/eu.tilta.com\/de\/wp-json\/wp\/v2\/product"}],"about":[{"href":"https:\/\/eu.tilta.com\/de\/wp-json\/wp\/v2\/types\/product"}],"replies":[{"embeddable":true,"href":"https:\/\/eu.tilta.com\/de\/wp-json\/wp\/v2\/comments?post=3136538"}],"wp:featuredmedia":[{"embeddable":true,"href":"https:\/\/eu.tilta.com\/de\/wp-json\/wp\/v2\/media\/2859821"}],"wp:attachment":[{"href":"https:\/\/eu.tilta.com\/de\/wp-json\/wp\/v2\/media?parent=3136538"}],"wp:term":[{"taxonomy":"product_cat","embeddable":true,"href":"https:\/\/eu.tilta.com\/de\/wp-json\/wp\/v2\/product_cat?post=3136538"},{"taxonomy":"product_tag","embeddable":true,"href":"https:\/\/eu.tilta.com\/de\/wp-json\/wp\/v2\/product_tag?post=3136538"}],"curies":[{"name":"wp","href":"https:\/\/api.w.org\/{rel}","templated":true}]}}