{"id":3136544,"date":"2025-09-15T05:36:03","date_gmt":"2025-09-15T03:36:03","guid":{"rendered":"https:\/\/eu.tilta.com\/shop\/nucleus-m-ii-7-pin-auf-7-pin-verbindungskabel\/"},"modified":"2026-02-16T09:03:49","modified_gmt":"2026-02-16T08:03:49","slug":"nucleus-m-ii-7-pin-to-7-pin-connection-cable","status":"publish","type":"product","link":"https:\/\/eu.tilta.com\/de\/shop\/nucleus-m-ii-7-pin-to-7-pin-connection-cable\/","title":{"rendered":"Nucleus-M II 7-Pin auf 7-Pin Verbindungskabel"},"content":{"rendered":"<p>Dieses 7-polige auf 7-polige Stromversorgungskabel wird verwendet, um eine Reihenschaltung zwischen zwei Nucleus-M oder Nucleus M-II Motoren herzustellen, die sowohl die Kommunikation als auch die Stromverteilung zwischen den Motoren erm\u00f6glicht.<\/p>\n<p>Die Handgriffe k\u00f6nnen die Motoren auch \u00fcber dieses Kabel mit Strom versorgen, aber durch die niedrigere Spannung und die k\u00fcrzere Batterielebensdauer haben die Benutzer weniger Drehmoment.<\/p>\n<p>Bitte beachten Sie, dass ein P-Tap-auf-7-Pin- oder ein 3-Pin-auf-7-Pin-Kabel ben\u00f6tigt wird, um einen der Motoren mit Strom zu versorgen, bevor dieses Kabel Strom und Informationen an einen anderen Motor \u00fcbertr\u00e4gt, sofern es nicht direkt an einen Handgriff angeschlossen ist.<\/p>\n<p>Es ist in 30cm oder 50cm L\u00e4nge erh\u00e4ltlich.<\/p>\n","protected":false},"excerpt":{"rendered":"<p>Dieses 7-polige auf 7-polige Stromversorgungskabel wird verwendet, um eine Reihenschaltung zwischen zwei Nucleus-M oder Nucleus M-II Motoren herzustellen, die sowohl die Kommunikation als auch die Stromverteilung zwischen den Motoren erm\u00f6glicht. Die Handgriffe k\u00f6nnen die Motoren auch \u00fcber dieses Kabel mit [&hellip;]<\/p>\n","protected":false},"featured_media":2859730,"comment_status":"open","ping_status":"closed","template":"","meta":[],"product_cat":[4448,3921],"product_tag":[],"acf":[],"gallery_images":[],"_links":{"self":[{"href":"https:\/\/eu.tilta.com\/de\/wp-json\/wp\/v2\/product\/3136544"}],"collection":[{"href":"https:\/\/eu.tilta.com\/de\/wp-json\/wp\/v2\/product"}],"about":[{"href":"https:\/\/eu.tilta.com\/de\/wp-json\/wp\/v2\/types\/product"}],"replies":[{"embeddable":true,"href":"https:\/\/eu.tilta.com\/de\/wp-json\/wp\/v2\/comments?post=3136544"}],"wp:featuredmedia":[{"embeddable":true,"href":"https:\/\/eu.tilta.com\/de\/wp-json\/wp\/v2\/media\/2859730"}],"wp:attachment":[{"href":"https:\/\/eu.tilta.com\/de\/wp-json\/wp\/v2\/media?parent=3136544"}],"wp:term":[{"taxonomy":"product_cat","embeddable":true,"href":"https:\/\/eu.tilta.com\/de\/wp-json\/wp\/v2\/product_cat?post=3136544"},{"taxonomy":"product_tag","embeddable":true,"href":"https:\/\/eu.tilta.com\/de\/wp-json\/wp\/v2\/product_tag?post=3136544"}],"curies":[{"name":"wp","href":"https:\/\/api.w.org\/{rel}","templated":true}]}}