{"id":3136547,"date":"2025-09-15T05:59:08","date_gmt":"2025-09-15T03:59:08","guid":{"rendered":"https:\/\/eu.tilta.com\/shop\/nucleus-m-ii-motorstangenhalterung\/"},"modified":"2025-12-05T14:40:41","modified_gmt":"2025-12-05T13:40:41","slug":"nucleus-m-ii-motor-rod-mount","status":"publish","type":"product","link":"https:\/\/eu.tilta.com\/de\/shop\/nucleus-m-ii-motor-rod-mount\/","title":{"rendered":"Nucleus-M II Motorstangenhalterung"},"content":{"rendered":"<p>Diese Nucleus-M II Motorstangenhalterung l\u00e4sst sich auf den Nucleus-M II Motor aufschieben, so dass Sie den Motor an einer 15mm oder 19mm Stange befestigen k\u00f6nnen.<\/p>\n<p>Das aktualisierte Design bietet zwei verschiedene Gr\u00f6\u00dfen f\u00fcr jede Rutengr\u00f6\u00dfe, was eine sicherere Verbindung schafft.<\/p>\n","protected":false},"excerpt":{"rendered":"<p>Diese Nucleus-M II Motorstangenhalterung l\u00e4sst sich auf den Nucleus-M II Motor aufschieben, so dass Sie den Motor an einer 15mm oder 19mm Stange befestigen k\u00f6nnen. Das aktualisierte Design bietet zwei verschiedene Gr\u00f6\u00dfen f\u00fcr jede Rutengr\u00f6\u00dfe, was eine sicherere Verbindung schafft.<\/p>\n","protected":false},"featured_media":2859886,"comment_status":"open","ping_status":"closed","template":"","meta":[],"product_cat":[3921],"product_tag":[],"acf":[],"gallery_images":[2859891],"_links":{"self":[{"href":"https:\/\/eu.tilta.com\/de\/wp-json\/wp\/v2\/product\/3136547"}],"collection":[{"href":"https:\/\/eu.tilta.com\/de\/wp-json\/wp\/v2\/product"}],"about":[{"href":"https:\/\/eu.tilta.com\/de\/wp-json\/wp\/v2\/types\/product"}],"replies":[{"embeddable":true,"href":"https:\/\/eu.tilta.com\/de\/wp-json\/wp\/v2\/comments?post=3136547"}],"wp:featuredmedia":[{"embeddable":true,"href":"https:\/\/eu.tilta.com\/de\/wp-json\/wp\/v2\/media\/2859886"}],"wp:attachment":[{"href":"https:\/\/eu.tilta.com\/de\/wp-json\/wp\/v2\/media?parent=3136547"}],"wp:term":[{"taxonomy":"product_cat","embeddable":true,"href":"https:\/\/eu.tilta.com\/de\/wp-json\/wp\/v2\/product_cat?post=3136547"},{"taxonomy":"product_tag","embeddable":true,"href":"https:\/\/eu.tilta.com\/de\/wp-json\/wp\/v2\/product_tag?post=3136547"}],"curies":[{"name":"wp","href":"https:\/\/api.w.org\/{rel}","templated":true}]}}