{"id":3136568,"date":"2025-09-15T05:30:36","date_gmt":"2025-09-15T03:30:36","guid":{"rendered":"https:\/\/eu.tilta.com\/shop\/nucleus-m-ii-elektronische-fokus-markierungsscheibe\/"},"modified":"2025-12-05T14:40:36","modified_gmt":"2025-12-05T13:40:36","slug":"nucleus-m-ii-electronic-focus-marking-disk","status":"publish","type":"product","link":"https:\/\/eu.tilta.com\/de\/shop\/nucleus-m-ii-electronic-focus-marking-disk\/","title":{"rendered":"Nucleus-M II Elektronische Fokus-Markierungsscheibe"},"content":{"rendered":"<p>Die elektronische Fokusmarkierungsscheibe zeigt Fokusinformationen, Sch\u00e4rfentiefe und Einstellmarkierungen aus einer bequemen Bedienposition an.<\/p>\n<p>Diese Markierungsscheibe rastet \u00e4hnlich wie die mechanischen Versionen ein und verf\u00fcgt \u00fcber eine tiefe Schnellverriegelungstaste, mit der sie schnell entfernt werden kann, ohne sich versehentlich zu l\u00f6sen.<\/p>\n<p>Diese Markierungsscheibe wird mit Strom versorgt und empf\u00e4ngt Informationen direkt vom FIZ. Die Skala kann nach Bedarf vergr\u00f6\u00dfert oder verkleinert werden.<\/p>\n<p>Bitte beachten Sie: Die Richtung der Markierungen kann zu diesem Zeitpunkt nicht ge\u00e4ndert werden.<\/p>\n","protected":false},"excerpt":{"rendered":"<p>Die elektronische Fokusmarkierungsscheibe zeigt Fokusinformationen, Sch\u00e4rfentiefe und Einstellmarkierungen aus einer bequemen Bedienposition an. Diese Markierungsscheibe rastet \u00e4hnlich wie die mechanischen Versionen ein und verf\u00fcgt \u00fcber eine tiefe Schnellverriegelungstaste, mit der sie schnell entfernt werden kann, ohne sich versehentlich zu l\u00f6sen. [&hellip;]<\/p>\n","protected":false},"featured_media":2859687,"comment_status":"open","ping_status":"closed","template":"","meta":[],"product_cat":[3921],"product_tag":[],"acf":[],"gallery_images":[2859681],"_links":{"self":[{"href":"https:\/\/eu.tilta.com\/de\/wp-json\/wp\/v2\/product\/3136568"}],"collection":[{"href":"https:\/\/eu.tilta.com\/de\/wp-json\/wp\/v2\/product"}],"about":[{"href":"https:\/\/eu.tilta.com\/de\/wp-json\/wp\/v2\/types\/product"}],"replies":[{"embeddable":true,"href":"https:\/\/eu.tilta.com\/de\/wp-json\/wp\/v2\/comments?post=3136568"}],"wp:featuredmedia":[{"embeddable":true,"href":"https:\/\/eu.tilta.com\/de\/wp-json\/wp\/v2\/media\/2859687"}],"wp:attachment":[{"href":"https:\/\/eu.tilta.com\/de\/wp-json\/wp\/v2\/media?parent=3136568"}],"wp:term":[{"taxonomy":"product_cat","embeddable":true,"href":"https:\/\/eu.tilta.com\/de\/wp-json\/wp\/v2\/product_cat?post=3136568"},{"taxonomy":"product_tag","embeddable":true,"href":"https:\/\/eu.tilta.com\/de\/wp-json\/wp\/v2\/product_tag?post=3136568"}],"curies":[{"name":"wp","href":"https:\/\/api.w.org\/{rel}","templated":true}]}}