{"id":3136588,"date":"2025-09-11T09:37:28","date_gmt":"2025-09-11T07:37:28","guid":{"rendered":"https:\/\/eu.tilta.com\/shop\/tilta-boulder-36-kamerawagen\/"},"modified":"2025-12-05T14:43:54","modified_gmt":"2025-12-05T13:43:54","slug":"tilta-boulder-36-camera-cart","status":"publish","type":"product","link":"https:\/\/eu.tilta.com\/de\/shop\/tilta-boulder-36-camera-cart\/","title":{"rendered":"Tilta Boulder 36&#8243; Kamerawagen"},"content":{"rendered":"<div class=\"overview-text\">\n<p>Wir stellen vor: Tilta Boulder Kamerawagen &amp; Indie Kit<\/p>\n<p data-start=\"396\" data-end=\"559\">Der Tilta Boulder Camera Cart ist eine robuste, tragbare Workstation, die den Anforderungen von professionellen Filmemachern, Technikern und Heimwerkern gleicherma\u00dfen gerecht wird.<\/p>\n<p data-start=\"561\" data-end=\"1107\">Der Boulder wurde mit Blick auf Vielseitigkeit und Bequemlichkeit entwickelt und verf\u00fcgt \u00fcber ein werkzeugfreies Schnellwechselsystem, mit dem er leicht zusammen- und auseinandergebaut werden kann &#8211; perfekt f\u00fcr schnelle Sets oder das Leben unterwegs. Wenn der Wagen nicht in Gebrauch ist, bilden das obere und untere Fach einen sicheren Hartschalenkoffer, in dem die Komponenten eingeschlossen sind. Ein integrierter Griff und kleine eingebaute R\u00e4der verwandeln das zerlegte Ger\u00e4t in einen Rollkoffer, so dass es m\u00fchelos von einem Ort zum anderen transportiert und leicht in kleinere Fahrzeuge geladen werden kann.<\/p>\n<p data-start=\"1109\" data-end=\"1429\">Der aus robustem Aluminium gefertigte Boulder bietet mehrere Befestigungsm\u00f6glichkeiten, darunter 1\/4\u2033-20 und 3\/8\u2033-16 Gewinde mit Fixierpunkten, die eine vollst\u00e4ndige Anpassung mit optionalem Zubeh\u00f6r erm\u00f6glichen. Ganz gleich, ob Sie Monitorarme, Werkzeugst\u00e4nder oder andere Hilfsmittel anbringen m\u00f6chten, dieser Wagen ist bereit, sich an Ihren Arbeitsablauf anzupassen.<\/p>\n<p data-start=\"1431\" data-end=\"1461\">Das Basismodell umfasst:<\/p>\n<ul class=\"list-unstyled\" data-start=\"1462\" data-end=\"1733\">\n<li data-start=\"1462\" data-end=\"1534\">Vier R\u00e4der (zwei feste und zwei drehbare Rollen) f\u00fcr reibungslose Mobilit\u00e4t<\/li>\n<li data-start=\"1535\" data-end=\"1574\">Zwei Griffe f\u00fcr komfortable Steuerung<\/li>\n<li data-start=\"1575\" data-end=\"1733\">Eine breite Palette an optionalem Zubeh\u00f6r, mit dem Sie den Wagen zu einer Kamera-Workstation, einer Station zum Fokussieren, einem DIT-Hub oder sogar einer mobilen Werkstatt erweitern k\u00f6nnen<\/li>\n<\/ul>\n<p data-start=\"1735\" data-end=\"1867\">Das Boulder Camera Cart Indie Kit baut auf dem Basismodell auf und enth\u00e4lt weitere Upgrades f\u00fcr diejenigen, die ein sofort einsatzbereites System suchen:<\/p>\n<ul class=\"list-unstyled\" data-start=\"1868\" data-end=\"2359\">\n<li data-start=\"1868\" data-end=\"1995\">Zwei St\u00fctzs\u00e4ulen und eine Monitorhalterung mit einer Schnellwechselplatte, die mit den meisten Standardmonitoren kompatibel ist<\/li>\n<li data-start=\"1996\" data-end=\"2096\">Ein verschiebbarer Empf\u00e4nger im NATO\/Manfrotto-Stil, der eine pr\u00e4zise Positionierung des Monitors auf der Stange erm\u00f6glicht<\/li>\n<li data-start=\"2097\" data-end=\"2219\">Vollst\u00e4ndige Neigung, Schwenkung und sofortige 90\u00b0-Drehung der Monitorhalterung f\u00fcr nahtlose \u00dcberg\u00e4nge zwischen horizontaler und vertikaler \u00dcberwachung<\/li>\n<li data-start=\"2220\" data-end=\"2359\">Ein zusammenklappbarer Beistelltisch mit IGT-Standardhalterung bietet zus\u00e4tzliche Arbeitsfl\u00e4che und die M\u00f6glichkeit, andere IGT-kompatible Eins\u00e4tze einzutauschen<\/li>\n<li>Eine 50mm Speed Rail f\u00fcr die Montage von Zubeh\u00f6r wie Baby Pin, Stativaufbewahrungssystem, Stedicam Dock usw.<\/li>\n<\/ul>\n<p data-start=\"2361\" data-end=\"2596\">Ob als fokussierende Kommandozentrale oder als Begleiter bei Outdoor-Abenteuern &#8211; der Tilta Boulder ist Ihre L\u00f6sung f\u00fcr alles und jeden. Erh\u00e4ltlich als flexibles Basismodell oder als voll ausgestattetes Indie Kit.<\/p>\n<\/div>\n","protected":false},"excerpt":{"rendered":"<p>Wir stellen vor: Tilta Boulder Kamerawagen &amp; Indie Kit Der Tilta Boulder Camera Cart ist eine robuste, tragbare Workstation, die den Anforderungen von professionellen Filmemachern, Technikern und Heimwerkern gleicherma\u00dfen gerecht wird. Der Boulder wurde mit Blick auf Vielseitigkeit und Bequemlichkeit [&hellip;]<\/p>\n","protected":false},"featured_media":2845393,"comment_status":"open","ping_status":"closed","template":"","meta":[],"product_cat":[4233],"product_tag":[],"acf":[],"gallery_images":[2845405,2845429,2845436,2845459,2845450],"_links":{"self":[{"href":"https:\/\/eu.tilta.com\/de\/wp-json\/wp\/v2\/product\/3136588"}],"collection":[{"href":"https:\/\/eu.tilta.com\/de\/wp-json\/wp\/v2\/product"}],"about":[{"href":"https:\/\/eu.tilta.com\/de\/wp-json\/wp\/v2\/types\/product"}],"replies":[{"embeddable":true,"href":"https:\/\/eu.tilta.com\/de\/wp-json\/wp\/v2\/comments?post=3136588"}],"wp:featuredmedia":[{"embeddable":true,"href":"https:\/\/eu.tilta.com\/de\/wp-json\/wp\/v2\/media\/2845393"}],"wp:attachment":[{"href":"https:\/\/eu.tilta.com\/de\/wp-json\/wp\/v2\/media?parent=3136588"}],"wp:term":[{"taxonomy":"product_cat","embeddable":true,"href":"https:\/\/eu.tilta.com\/de\/wp-json\/wp\/v2\/product_cat?post=3136588"},{"taxonomy":"product_tag","embeddable":true,"href":"https:\/\/eu.tilta.com\/de\/wp-json\/wp\/v2\/product_tag?post=3136588"}],"curies":[{"name":"wp","href":"https:\/\/api.w.org\/{rel}","templated":true}]}}