{"id":3136592,"date":"2025-09-15T05:27:41","date_gmt":"2025-09-15T03:27:41","guid":{"rendered":"https:\/\/eu.tilta.com\/shop\/nucleus-m-ii-handgriff-auf-arri-standard-rosette-adapter\/"},"modified":"2025-12-05T14:40:55","modified_gmt":"2025-12-05T13:40:55","slug":"nucleus-m-ii-hand-grip-to-arri-standard-rosette-adapter","status":"publish","type":"product","link":"https:\/\/eu.tilta.com\/de\/shop\/nucleus-m-ii-hand-grip-to-arri-standard-rosette-adapter\/","title":{"rendered":"Nucleus-M II Handgriff auf Arri Standard Rosette Adapter"},"content":{"rendered":"<p>Das Nucleus-M II Wireless Lens Control System wurde im Hinblick auf Vielseitigkeit entwickelt.<\/p>\n<p>Mit diesen Adaptern k\u00f6nnen Sie Ihre Nucleus-M II Handgriffe ganz einfach an jede Arri Standard-Rosette anschlie\u00dfen, um einen handgef\u00fchrten oder kardanischen Betrieb zu erm\u00f6glichen.<\/p>\n<p>Das Paket enth\u00e4lt einen einzelnen Adapter, der als linker oder rechter Adapter f\u00fcr die Nucleus-M II Handgriffe verwendet werden kann.<\/p>\n","protected":false},"excerpt":{"rendered":"<p>Das Nucleus-M II Wireless Lens Control System wurde im Hinblick auf Vielseitigkeit entwickelt. Mit diesen Adaptern k\u00f6nnen Sie Ihre Nucleus-M II Handgriffe ganz einfach an jede Arri Standard-Rosette anschlie\u00dfen, um einen handgef\u00fchrten oder kardanischen Betrieb zu erm\u00f6glichen. Das Paket enth\u00e4lt [&hellip;]<\/p>\n","protected":false},"featured_media":2859649,"comment_status":"open","ping_status":"closed","template":"","meta":[],"product_cat":[3921],"product_tag":[],"acf":[],"gallery_images":[],"_links":{"self":[{"href":"https:\/\/eu.tilta.com\/de\/wp-json\/wp\/v2\/product\/3136592"}],"collection":[{"href":"https:\/\/eu.tilta.com\/de\/wp-json\/wp\/v2\/product"}],"about":[{"href":"https:\/\/eu.tilta.com\/de\/wp-json\/wp\/v2\/types\/product"}],"replies":[{"embeddable":true,"href":"https:\/\/eu.tilta.com\/de\/wp-json\/wp\/v2\/comments?post=3136592"}],"wp:featuredmedia":[{"embeddable":true,"href":"https:\/\/eu.tilta.com\/de\/wp-json\/wp\/v2\/media\/2859649"}],"wp:attachment":[{"href":"https:\/\/eu.tilta.com\/de\/wp-json\/wp\/v2\/media?parent=3136592"}],"wp:term":[{"taxonomy":"product_cat","embeddable":true,"href":"https:\/\/eu.tilta.com\/de\/wp-json\/wp\/v2\/product_cat?post=3136592"},{"taxonomy":"product_tag","embeddable":true,"href":"https:\/\/eu.tilta.com\/de\/wp-json\/wp\/v2\/product_tag?post=3136592"}],"curies":[{"name":"wp","href":"https:\/\/api.w.org\/{rel}","templated":true}]}}