{"id":3136593,"date":"2025-09-15T05:24:36","date_gmt":"2025-09-15T03:24:36","guid":{"rendered":"https:\/\/eu.tilta.com\/shop\/nucleus-m-ii-baby-pin-adapter-fuer-monitorhalterung\/"},"modified":"2026-01-15T01:43:47","modified_gmt":"2026-01-15T00:43:47","slug":"nucleus-m-ii-baby-pin-adapter-for-monitor-mounting-bracket","status":"publish","type":"product","link":"https:\/\/eu.tilta.com\/de\/shop\/nucleus-m-ii-baby-pin-adapter-for-monitor-mounting-bracket\/","title":{"rendered":"Nucleus-M II Baby Pin Adapter f\u00fcr Monitorhalterung"},"content":{"rendered":"<div class=\"overview-text\">\n<p>Dieser Baby Pin Adapter wird \u00fcber einen 1\/4\u2033-20 Anschluss direkt mit der Monitorhalterung f\u00fcr die Nucleus-M II FIZ Handeinheit verbunden.<\/p>\n<p>Damit k\u00f6nnen Sie den FIZ \u00fcber diesen Adapter an einem Baby Pin befestigen, um eine Fokussierstation zu schaffen, und er verf\u00fcgt \u00fcber eine Kippachse mit einstellbarer Spannung.<\/p>\n<p>Mit einem kleinen Band an der Seite k\u00f6nnen Sie es an der Baby-Nadel befestigen.<\/p>\n<\/div>\n","protected":false},"excerpt":{"rendered":"<p>Dieser Baby Pin Adapter wird \u00fcber einen 1\/4\u2033-20 Anschluss direkt mit der Monitorhalterung f\u00fcr die Nucleus-M II FIZ Handeinheit verbunden. Damit k\u00f6nnen Sie den FIZ \u00fcber diesen Adapter an einem Baby Pin befestigen, um eine Fokussierstation zu schaffen, und er [&hellip;]<\/p>\n","protected":false},"featured_media":2859605,"comment_status":"open","ping_status":"closed","template":"","meta":[],"product_cat":[3921],"product_tag":[],"acf":[],"gallery_images":[2859609,2859615],"_links":{"self":[{"href":"https:\/\/eu.tilta.com\/de\/wp-json\/wp\/v2\/product\/3136593"}],"collection":[{"href":"https:\/\/eu.tilta.com\/de\/wp-json\/wp\/v2\/product"}],"about":[{"href":"https:\/\/eu.tilta.com\/de\/wp-json\/wp\/v2\/types\/product"}],"replies":[{"embeddable":true,"href":"https:\/\/eu.tilta.com\/de\/wp-json\/wp\/v2\/comments?post=3136593"}],"wp:featuredmedia":[{"embeddable":true,"href":"https:\/\/eu.tilta.com\/de\/wp-json\/wp\/v2\/media\/2859605"}],"wp:attachment":[{"href":"https:\/\/eu.tilta.com\/de\/wp-json\/wp\/v2\/media?parent=3136593"}],"wp:term":[{"taxonomy":"product_cat","embeddable":true,"href":"https:\/\/eu.tilta.com\/de\/wp-json\/wp\/v2\/product_cat?post=3136593"},{"taxonomy":"product_tag","embeddable":true,"href":"https:\/\/eu.tilta.com\/de\/wp-json\/wp\/v2\/product_tag?post=3136593"}],"curies":[{"name":"wp","href":"https:\/\/api.w.org\/{rel}","templated":true}]}}