{"id":3136594,"date":"2025-09-11T09:45:16","date_gmt":"2025-09-11T07:45:16","guid":{"rendered":"https:\/\/eu.tilta.com\/shop\/mid-level-tablett-fuer-boulder-kamerawagen-schwarz\/"},"modified":"2026-04-15T04:04:38","modified_gmt":"2026-04-15T02:04:38","slug":"mid-level-tray-for-boulder-camera-cart-black","status":"publish","type":"product","link":"https:\/\/eu.tilta.com\/de\/shop\/mid-level-tray-for-boulder-camera-cart-black\/","title":{"rendered":"Mid Level Tablett f\u00fcr Boulder Kamerawagen &#8211; Schwarz"},"content":{"rendered":"<div class=\"overview-text\">\n<p><em>Einf\u00fchrung des Mid Level Tray f\u00fcr Boulder Camera Cart  <\/em><\/p>\n<p>Dieses Tablett l\u00e4sst sich leicht an den Hauptst\u00fctzen des Kamerawagens befestigen, um eine zus\u00e4tzliche Ablagefl\u00e4che in verschiedenen H\u00f6hen zu schaffen.<\/p>\n<p>Er wird mit werkzeuglosen Feststellschrauben an der Stange befestigt, die die Beine des Wagens auf jeder Seite verbindet.<\/p>\n<p>Der Benutzer kann dann die H\u00f6he durch Anheben oder Absenken der Halterungen anpassen, um Koffer oder Zubeh\u00f6r unterschiedlicher Gr\u00f6\u00dfe unterzubringen.<\/p>\n<p>Dies ist besonders n\u00fctzlich, wenn es h\u00f6her montiert ist, da es ein d\u00fcnnes zus\u00e4tzliches Regal f\u00fcr die Aufbewahrung von Werkzeugen und anderen kleineren Teilen schafft, w\u00e4hrend am Boden immer noch ein gro\u00dfer Raum f\u00fcr die Aufbewahrung von Koffern und anderen gr\u00f6\u00dferen Gegenst\u00e4nden verbleibt.<\/p>\n<\/div>\n","protected":false},"excerpt":{"rendered":"<p>Einf\u00fchrung des Mid Level Tray f\u00fcr Boulder Camera Cart Dieses Tablett l\u00e4sst sich leicht an den Hauptst\u00fctzen des Kamerawagens befestigen, um eine zus\u00e4tzliche Ablagefl\u00e4che in verschiedenen H\u00f6hen zu schaffen. Er wird mit werkzeuglosen Feststellschrauben an der Stange befestigt, die die [&hellip;]<\/p>\n","protected":false},"featured_media":2846252,"comment_status":"open","ping_status":"closed","template":"","meta":[],"product_cat":[4494,4233],"product_tag":[],"acf":[],"gallery_images":[2846245],"_links":{"self":[{"href":"https:\/\/eu.tilta.com\/de\/wp-json\/wp\/v2\/product\/3136594"}],"collection":[{"href":"https:\/\/eu.tilta.com\/de\/wp-json\/wp\/v2\/product"}],"about":[{"href":"https:\/\/eu.tilta.com\/de\/wp-json\/wp\/v2\/types\/product"}],"replies":[{"embeddable":true,"href":"https:\/\/eu.tilta.com\/de\/wp-json\/wp\/v2\/comments?post=3136594"}],"wp:featuredmedia":[{"embeddable":true,"href":"https:\/\/eu.tilta.com\/de\/wp-json\/wp\/v2\/media\/2846252"}],"wp:attachment":[{"href":"https:\/\/eu.tilta.com\/de\/wp-json\/wp\/v2\/media?parent=3136594"}],"wp:term":[{"taxonomy":"product_cat","embeddable":true,"href":"https:\/\/eu.tilta.com\/de\/wp-json\/wp\/v2\/product_cat?post=3136594"},{"taxonomy":"product_tag","embeddable":true,"href":"https:\/\/eu.tilta.com\/de\/wp-json\/wp\/v2\/product_tag?post=3136594"}],"curies":[{"name":"wp","href":"https:\/\/api.w.org\/{rel}","templated":true}]}}