{"id":3136595,"date":"2025-09-12T09:40:11","date_gmt":"2025-09-12T07:40:11","guid":{"rendered":"https:\/\/eu.tilta.com\/shop\/hydra-x-dan-ming-speed-pan-system\/"},"modified":"2026-01-29T13:50:29","modified_gmt":"2026-01-29T12:50:29","slug":"hydra-x-dan-ming-speed-pan-system","status":"publish","type":"product","link":"https:\/\/eu.tilta.com\/de\/shop\/hydra-x-dan-ming-speed-pan-system\/","title":{"rendered":"Hydra x Dan Ming Speed Pan System"},"content":{"rendered":"<div class=\"overview-text\">\n<p><em>Wir stellen Ihnen eine einzigartige Zusammenarbeit vor: das Hydra x Dan Ming Speed Pan System<\/em><\/p>\n<p>Mit dem Speed Pan System k\u00f6nnen Sie durch die pr\u00e4zise Steuerung eines kabellosen Follow-Focus-Motors Schwenks mit hoher Geschwindigkeit aufnehmen.<\/p>\n<p>Die Grundlage dieses Systems ist eine drehbare Basis mit einer Verzahnung, die einen Fokusmotor in Rotation versetzt. Kameras mit einem kleinen Formfaktor wie Action-Kameras oder DSLRs k\u00f6nnen dann \u00fcber eine Schnellwechselplatte befestigt werden.<\/p>\n<p>Dieser Sockel verf\u00fcgt au\u00dferdem \u00fcber eine verstellbare Neigungsachse, die bei der Gestaltung von Rahmen und einzigartigen Winkeln hilft.<\/p>\n<p>An der Unterseite dieses Sockels befinden sich drei NATO-Schienen, die zur Befestigung von Gelenkarmen und Saugn\u00e4pfen sowie anderen benutzerdefinierten St\u00fctzsystemen verwendet werden k\u00f6nnen.<\/p>\n<p>Das Pro Kit enth\u00e4lt drei robuste Gelenkarme sowie drei elektronische Saugn\u00e4pfe. Dies bietet eine sichere und flexible Befestigungsm\u00f6glichkeit, um das System in einer Vielzahl von Winkeln am Fahrzeug auszurichten.<\/p>\n<p>Dieses System wurde entwickelt, um die Hochgeschwindigkeits-Action einzufangen, die typischerweise bei Auto-zu-Auto-Filmen vorkommt. Es kann aber auch in anderen kreativen Aufnahmeszenarien verwendet werden, da das Ger\u00e4t \u00fcber mehrere Befestigungspunkte wie NATO- und \u00bc&#8221;-20-Gewinde verf\u00fcgt.<\/p>\n<p>Dan Ming diente sowohl als 1st AC als auch als Systemingenieur bei F1: The Movie. Er spielte eine Schl\u00fcsselrolle bei der Entwicklung von Sonys kompaktem &#8220;Sensor on a Stick&#8221;-Prototypsystem und war Mitentwickler des Pana-Pan mit Panavision.<\/p>\n<p>Seine Erfahrung erstreckt sich auf zahlreiche Hollywood-Produktionen, bei denen er f\u00fcr die Integration innovativer Technologie in komplexe Drehszenarien bekannt geworden ist.<\/p>\n<p><strong>HINWEIS: Der kabellose Follow Focus Motor ist nicht enthalten.<\/strong><\/p>\n<\/div>\n","protected":false},"excerpt":{"rendered":"<p>Wir stellen Ihnen eine einzigartige Zusammenarbeit vor: das Hydra x Dan Ming Speed Pan System Mit dem Speed Pan System k\u00f6nnen Sie durch die pr\u00e4zise Steuerung eines kabellosen Follow-Focus-Motors Schwenks mit hoher Geschwindigkeit aufnehmen. Die Grundlage dieses Systems ist eine [&hellip;]<\/p>\n","protected":false},"featured_media":2851653,"comment_status":"open","ping_status":"closed","template":"","meta":[],"product_cat":[4272],"product_tag":[],"acf":[],"gallery_images":[2851661,2851647,2851613,2851603,2851635,2851641,2851629,2851721,2851676,2851669],"_links":{"self":[{"href":"https:\/\/eu.tilta.com\/de\/wp-json\/wp\/v2\/product\/3136595"}],"collection":[{"href":"https:\/\/eu.tilta.com\/de\/wp-json\/wp\/v2\/product"}],"about":[{"href":"https:\/\/eu.tilta.com\/de\/wp-json\/wp\/v2\/types\/product"}],"replies":[{"embeddable":true,"href":"https:\/\/eu.tilta.com\/de\/wp-json\/wp\/v2\/comments?post=3136595"}],"wp:featuredmedia":[{"embeddable":true,"href":"https:\/\/eu.tilta.com\/de\/wp-json\/wp\/v2\/media\/2851653"}],"wp:attachment":[{"href":"https:\/\/eu.tilta.com\/de\/wp-json\/wp\/v2\/media?parent=3136595"}],"wp:term":[{"taxonomy":"product_cat","embeddable":true,"href":"https:\/\/eu.tilta.com\/de\/wp-json\/wp\/v2\/product_cat?post=3136595"},{"taxonomy":"product_tag","embeddable":true,"href":"https:\/\/eu.tilta.com\/de\/wp-json\/wp\/v2\/product_tag?post=3136595"}],"curies":[{"name":"wp","href":"https:\/\/api.w.org\/{rel}","templated":true}]}}